{"id":396,"date":"2019-06-24T16:35:43","date_gmt":"2019-06-24T16:35:43","guid":{"rendered":"https:\/\/gnosis.is\/de\/?page_id=396"},"modified":"2023-10-13T23:35:32","modified_gmt":"2023-10-13T22:35:32","slug":"wir","status":"publish","type":"page","link":"https:\/\/old.gnosis.is\/de\/wir\/","title":{"rendered":"WER SIND WIR?"},"content":{"rendered":"\t\t<div data-elementor-type=\"wp-post\" data-elementor-id=\"396\" class=\"elementor elementor-396\">\n\t\t\t\t\t\t\t\t\t<section class=\"elementor-section elementor-top-section elementor-element elementor-element-5b515e0 elementor-section-boxed elementor-section-height-default elementor-section-height-default\" data-id=\"5b515e0\" data-element_type=\"section\" data-settings=\"{&quot;background_background&quot;:&quot;classic&quot;}\">\n\t\t\t\t\t\t\t<div class=\"elementor-background-overlay\"><\/div>\n\t\t\t\t\t\t\t<div class=\"elementor-container elementor-column-gap-default\">\n\t\t\t\t\t<div class=\"elementor-column elementor-col-100 elementor-top-column elementor-element elementor-element-2cd17ed\" data-id=\"2cd17ed\" data-element_type=\"column\">\n\t\t\t<div class=\"elementor-widget-wrap elementor-element-populated\">\n\t\t\t\t\t\t\t\t<div class=\"elementor-element elementor-element-43ebc86 elementor-widget elementor-widget-heading\" data-id=\"43ebc86\" data-element_type=\"widget\" data-widget_type=\"heading.default\">\n\t\t\t\t<div class=\"elementor-widget-container\">\n\t\t\t<div class=\"elementor-heading-title elementor-size-default\">WER SIND WIR?<\/div>\t\t<\/div>\n\t\t\t\t<\/div>\n\t\t\t\t\t<\/div>\n\t\t<\/div>\n\t\t\t\t\t\t\t<\/div>\n\t\t<\/section>\n\t\t\t\t<section class=\"elementor-section elementor-top-section elementor-element elementor-element-135ad5a1 elementor-section-content-middle elementor-section-boxed elementor-section-height-default elementor-section-height-default\" data-id=\"135ad5a1\" data-element_type=\"section\">\n\t\t\t\t\t\t<div class=\"elementor-container elementor-column-gap-default\">\n\t\t\t\t\t<div class=\"elementor-column elementor-col-100 elementor-top-column elementor-element elementor-element-41d09681\" data-id=\"41d09681\" data-element_type=\"column\">\n\t\t\t<div class=\"elementor-widget-wrap elementor-element-populated\">\n\t\t\t\t\t\t\t\t<div class=\"elementor-element elementor-element-46e7946f elementor-widget elementor-widget-text-editor\" data-id=\"46e7946f\" data-element_type=\"widget\" data-widget_type=\"text-editor.default\">\n\t\t\t\t<div class=\"elementor-widget-container\">\n\t\t\t\t\t\t\t<p><b><img fetchpriority=\"high\" decoding=\"async\" class=\"wp-image-531 alignright\" src=\"https:\/\/old.gnosis.is\/de\/wp-content\/uploads\/2019\/07\/d001490e-8dc0-4cfd-b599-b949f0f71343.jpg\" alt=\"\" width=\"505\" height=\"335\" srcset=\"https:\/\/old.gnosis.is\/de\/wp-content\/uploads\/sites\/11\/2019\/07\/d001490e-8dc0-4cfd-b599-b949f0f71343.jpg 1280w, https:\/\/old.gnosis.is\/de\/wp-content\/uploads\/sites\/11\/2019\/07\/d001490e-8dc0-4cfd-b599-b949f0f71343-300x199.jpg 300w, https:\/\/old.gnosis.is\/de\/wp-content\/uploads\/sites\/11\/2019\/07\/d001490e-8dc0-4cfd-b599-b949f0f71343-768x511.jpg 768w, https:\/\/old.gnosis.is\/de\/wp-content\/uploads\/sites\/11\/2019\/07\/d001490e-8dc0-4cfd-b599-b949f0f71343-1024x681.jpg 1024w, https:\/\/old.gnosis.is\/de\/wp-content\/uploads\/sites\/11\/2019\/07\/d001490e-8dc0-4cfd-b599-b949f0f71343-220x146.jpg 220w, https:\/\/old.gnosis.is\/de\/wp-content\/uploads\/sites\/11\/2019\/07\/d001490e-8dc0-4cfd-b599-b949f0f71343-50x33.jpg 50w, https:\/\/old.gnosis.is\/de\/wp-content\/uploads\/sites\/11\/2019\/07\/d001490e-8dc0-4cfd-b599-b949f0f71343-113x75.jpg 113w\" sizes=\"(max-width:767px) 480px, 505px\" \/><\/b><\/p><p>Die gnostische Kultur ist eine Lebensphilosophie, die direkt von den Weisen extrahiert wurde, die die Menschheit entlang ihrer gesamten Geschichte hatte.<\/p><p>Als Zusammenschluss in mehr als 30 L\u00e4ndern integriert, arbeiten wir intensiv mit unseren geminn\u00fctzigen Organisationen an der Erhaltung des Lebens. ICU (Institut f\u00fcr universelle N\u00e4chstenliebe), sowie an einer m\u00fchsamen Arbeit zur F\u00f6rderung der menschlichen und spirituellen \u00dcberwindung der Menschen, die sich entscheiden, ihr Inneres zu gestalten, sich mit innerer Gr\u00f6\u00dfe zu f\u00fcllen und den Bed\u00fcrftigen die Hand zu reichen.<\/p><p>Gnosis bezieht sich auf &#8220;Wissen&#8221;, eine implizite Weisheit im Universum, die in der gesamten Geschichte der Menschheit von Philosophen, Mathematikern, Wissenschaftlern, \u00c4rzten usw. entdeckt wird.<\/p><p>Die gnostische Kultur l\u00e4dt den Menschen ein, mit Weisheit zu leben, dem Dasein einen Sinn zu geben und die Reise durch diese Welt zu einer best\u00e4ndigen Realit\u00e4t f\u00fcr den Tod zu machen.<\/p><p>Diese Institution st\u00fctzt ihre Lehren auf die gr\u00f6\u00dften Philosophen aller Zeiten, wie Jesus von Nazareth, Buddha, Sokrates, Krishnamurti, Lao Tze, Mohammed, Blavatsky, Konfuzius, Mahatma Gandhi, Thales von Miletus und eine gro\u00dfe Liste von Weisen rekonstruierter Herkunft.<\/p><p>In allen F\u00e4llen lehrten diese Gelehrten der Menschheit Liebe und Gerechtigkeit, Frieden und Vergebung. Sie lehrten, mit W\u00fcrde und Respekt vor allen Gesch\u00f6pfen der Natur zu leben. Sie lehrten die Selbstfindung, um unsere Reise durch das Leben zu begr\u00fcnden. Sie lehrten, dass es etwas gibt, das Bewusstsein genannt wird, mit dem jeder Einzelne seine Handlungen messen kann, ohne bef\u00fcrchten zu m\u00fcssen, dass dies gegen ein universelles Gesetz verst\u00f6\u00dft. Unter den Geboten der Liebe und der Gerechtigkeit lehrten sie die Freiheit des Handelns, der Gef\u00fchle und des Denkens, um ein erf\u00fclltes Leben zu erreichen, das seiner selbst w\u00fcrdig ist.<\/p><p>Dank der Worte dieser Weisen, die in der Lage sind, unser Leben auf so viele Arten zu ver\u00e4ndern, sind wir dankbar und m\u00fcssen Sprecher f\u00fcr dieses Licht sein, das wir mit allen teilen wollen, die es empfangen wollen.<\/p><p>Sehr geehrter Leser, wir verabschieden uns und w\u00fcnschen Ihnen ein erf\u00fclltes Leben.<\/p><p><b>\u00a0 \u00a0 <\/b><\/p>\t\t\t\t\t\t<\/div>\n\t\t\t\t<\/div>\n\t\t\t\t\t<\/div>\n\t\t<\/div>\n\t\t\t\t\t\t\t<\/div>\n\t\t<\/section>\n\t\t\t\t\t\t\t<\/div>\n\t\t","protected":false},"excerpt":{"rendered":"<p>WER SIND WIR? Die gnostische Kultur ist eine Lebensphilosophie, die direkt von den Weisen extrahiert wurde, die die Menschheit entlang ihrer gesamten Geschichte hatte. Als Zusammenschluss<span class=\"excerpt-hellip\"> [\u2026]<\/span><\/p>\n","protected":false},"author":1,"featured_media":0,"parent":0,"menu_order":0,"comment_status":"closed","ping_status":"closed","template":"","meta":{"footnotes":"","_joinchat":[]},"yoast_head":"<!-- This site is optimized with the Yoast SEO plugin v23.5 - https:\/\/yoast.com\/wordpress\/plugins\/seo\/ -->\n<title>WER SIND WIR? - Gnostische Kultur<\/title>\n<meta name=\"robots\" content=\"noindex, follow, max-snippet:-1, max-image-preview:large, max-video-preview:-1\" \/>\n<meta property=\"og:locale\" content=\"en_US\" \/>\n<meta property=\"og:type\" content=\"article\" \/>\n<meta property=\"og:title\" content=\"WER SIND WIR? - Gnostische Kultur\" \/>\n<meta property=\"og:description\" content=\"WER SIND WIR? Die gnostische Kultur ist eine Lebensphilosophie, die direkt von den Weisen extrahiert wurde, die die Menschheit entlang ihrer gesamten Geschichte hatte. Als Zusammenschluss [\u2026]\" \/>\n<meta property=\"og:url\" content=\"https:\/\/old.gnosis.is\/de\/wir\/\" \/>\n<meta property=\"og:site_name\" content=\"Gnostische Kultur\" \/>\n<meta property=\"article:modified_time\" content=\"2023-10-13T22:35:32+00:00\" \/>\n<meta property=\"og:image\" content=\"https:\/\/old.gnosis.is\/de\/wp-content\/uploads\/2019\/07\/d001490e-8dc0-4cfd-b599-b949f0f71343.jpg\" \/>\n<meta name=\"twitter:card\" content=\"summary_large_image\" \/>\n<meta name=\"twitter:label1\" content=\"Est. reading time\" \/>\n\t<meta name=\"twitter:data1\" content=\"2 minutes\" \/>\n<script type=\"application\/ld+json\" class=\"yoast-schema-graph\">{\"@context\":\"https:\/\/schema.org\",\"@graph\":[{\"@type\":\"WebPage\",\"@id\":\"https:\/\/old.gnosis.is\/de\/wir\/\",\"url\":\"https:\/\/old.gnosis.is\/de\/wir\/\",\"name\":\"WER SIND WIR? - Gnostische Kultur\",\"isPartOf\":{\"@id\":\"https:\/\/old.gnosis.is\/de\/#website\"},\"primaryImageOfPage\":{\"@id\":\"https:\/\/old.gnosis.is\/de\/wir\/#primaryimage\"},\"image\":{\"@id\":\"https:\/\/old.gnosis.is\/de\/wir\/#primaryimage\"},\"thumbnailUrl\":\"https:\/\/old.gnosis.is\/de\/wp-content\/uploads\/2019\/07\/d001490e-8dc0-4cfd-b599-b949f0f71343.jpg\",\"datePublished\":\"2019-06-24T16:35:43+00:00\",\"dateModified\":\"2023-10-13T22:35:32+00:00\",\"breadcrumb\":{\"@id\":\"https:\/\/old.gnosis.is\/de\/wir\/#breadcrumb\"},\"inLanguage\":\"en-US\",\"potentialAction\":[{\"@type\":\"ReadAction\",\"target\":[\"https:\/\/old.gnosis.is\/de\/wir\/\"]}]},{\"@type\":\"ImageObject\",\"inLanguage\":\"en-US\",\"@id\":\"https:\/\/old.gnosis.is\/de\/wir\/#primaryimage\",\"url\":\"https:\/\/old.gnosis.is\/de\/wp-content\/uploads\/2019\/07\/d001490e-8dc0-4cfd-b599-b949f0f71343.jpg\",\"contentUrl\":\"https:\/\/old.gnosis.is\/de\/wp-content\/uploads\/2019\/07\/d001490e-8dc0-4cfd-b599-b949f0f71343.jpg\"},{\"@type\":\"BreadcrumbList\",\"@id\":\"https:\/\/old.gnosis.is\/de\/wir\/#breadcrumb\",\"itemListElement\":[{\"@type\":\"ListItem\",\"position\":1,\"name\":\"Home\",\"item\":\"https:\/\/old.gnosis.is\/de\/\"},{\"@type\":\"ListItem\",\"position\":2,\"name\":\"WER SIND WIR?\"}]},{\"@type\":\"WebSite\",\"@id\":\"https:\/\/old.gnosis.is\/de\/#website\",\"url\":\"https:\/\/old.gnosis.is\/de\/\",\"name\":\"Gnostische Kultur\",\"description\":\"Human values, conscience, philosophy, Gnostic Psychology\",\"potentialAction\":[{\"@type\":\"SearchAction\",\"target\":{\"@type\":\"EntryPoint\",\"urlTemplate\":\"https:\/\/old.gnosis.is\/de\/?s={search_term_string}\"},\"query-input\":{\"@type\":\"PropertyValueSpecification\",\"valueRequired\":true,\"valueName\":\"search_term_string\"}}],\"inLanguage\":\"en-US\"}]}<\/script>\n<!-- \/ Yoast SEO plugin. -->","yoast_head_json":{"title":"WER SIND WIR? - Gnostische Kultur","robots":{"index":"noindex","follow":"follow","max-snippet":"max-snippet:-1","max-image-preview":"max-image-preview:large","max-video-preview":"max-video-preview:-1"},"og_locale":"en_US","og_type":"article","og_title":"WER SIND WIR? - Gnostische Kultur","og_description":"WER SIND WIR? Die gnostische Kultur ist eine Lebensphilosophie, die direkt von den Weisen extrahiert wurde, die die Menschheit entlang ihrer gesamten Geschichte hatte. Als Zusammenschluss [\u2026]","og_url":"https:\/\/old.gnosis.is\/de\/wir\/","og_site_name":"Gnostische Kultur","article_modified_time":"2023-10-13T22:35:32+00:00","og_image":[{"url":"https:\/\/old.gnosis.is\/de\/wp-content\/uploads\/2019\/07\/d001490e-8dc0-4cfd-b599-b949f0f71343.jpg"}],"twitter_card":"summary_large_image","twitter_misc":{"Est. reading time":"2 minutes"},"schema":{"@context":"https:\/\/schema.org","@graph":[{"@type":"WebPage","@id":"https:\/\/old.gnosis.is\/de\/wir\/","url":"https:\/\/old.gnosis.is\/de\/wir\/","name":"WER SIND WIR? - Gnostische Kultur","isPartOf":{"@id":"https:\/\/old.gnosis.is\/de\/#website"},"primaryImageOfPage":{"@id":"https:\/\/old.gnosis.is\/de\/wir\/#primaryimage"},"image":{"@id":"https:\/\/old.gnosis.is\/de\/wir\/#primaryimage"},"thumbnailUrl":"https:\/\/old.gnosis.is\/de\/wp-content\/uploads\/2019\/07\/d001490e-8dc0-4cfd-b599-b949f0f71343.jpg","datePublished":"2019-06-24T16:35:43+00:00","dateModified":"2023-10-13T22:35:32+00:00","breadcrumb":{"@id":"https:\/\/old.gnosis.is\/de\/wir\/#breadcrumb"},"inLanguage":"en-US","potentialAction":[{"@type":"ReadAction","target":["https:\/\/old.gnosis.is\/de\/wir\/"]}]},{"@type":"ImageObject","inLanguage":"en-US","@id":"https:\/\/old.gnosis.is\/de\/wir\/#primaryimage","url":"https:\/\/old.gnosis.is\/de\/wp-content\/uploads\/2019\/07\/d001490e-8dc0-4cfd-b599-b949f0f71343.jpg","contentUrl":"https:\/\/old.gnosis.is\/de\/wp-content\/uploads\/2019\/07\/d001490e-8dc0-4cfd-b599-b949f0f71343.jpg"},{"@type":"BreadcrumbList","@id":"https:\/\/old.gnosis.is\/de\/wir\/#breadcrumb","itemListElement":[{"@type":"ListItem","position":1,"name":"Home","item":"https:\/\/old.gnosis.is\/de\/"},{"@type":"ListItem","position":2,"name":"WER SIND WIR?"}]},{"@type":"WebSite","@id":"https:\/\/old.gnosis.is\/de\/#website","url":"https:\/\/old.gnosis.is\/de\/","name":"Gnostische Kultur","description":"Human values, conscience, philosophy, Gnostic Psychology","potentialAction":[{"@type":"SearchAction","target":{"@type":"EntryPoint","urlTemplate":"https:\/\/old.gnosis.is\/de\/?s={search_term_string}"},"query-input":{"@type":"PropertyValueSpecification","valueRequired":true,"valueName":"search_term_string"}}],"inLanguage":"en-US"}]}},"_links":{"self":[{"href":"https:\/\/old.gnosis.is\/de\/wp-json\/wp\/v2\/pages\/396"}],"collection":[{"href":"https:\/\/old.gnosis.is\/de\/wp-json\/wp\/v2\/pages"}],"about":[{"href":"https:\/\/old.gnosis.is\/de\/wp-json\/wp\/v2\/types\/page"}],"author":[{"embeddable":true,"href":"https:\/\/old.gnosis.is\/de\/wp-json\/wp\/v2\/users\/1"}],"replies":[{"embeddable":true,"href":"https:\/\/old.gnosis.is\/de\/wp-json\/wp\/v2\/comments?post=396"}],"version-history":[{"count":15,"href":"https:\/\/old.gnosis.is\/de\/wp-json\/wp\/v2\/pages\/396\/revisions"}],"predecessor-version":[{"id":1032,"href":"https:\/\/old.gnosis.is\/de\/wp-json\/wp\/v2\/pages\/396\/revisions\/1032"}],"wp:attachment":[{"href":"https:\/\/old.gnosis.is\/de\/wp-json\/wp\/v2\/media?parent=396"}],"curies":[{"name":"wp","href":"https:\/\/api.w.org\/{rel}","templated":true}]}}