{"id":506,"date":"2019-07-14T23:21:23","date_gmt":"2019-07-14T23:21:23","guid":{"rendered":"https:\/\/gnosis.is\/de\/?page_id=506"},"modified":"2019-10-24T22:53:30","modified_gmt":"2019-10-24T21:53:30","slug":"welt","status":"publish","type":"page","link":"https:\/\/old.gnosis.is\/de\/welt\/","title":{"rendered":"WELT"},"content":{"rendered":"\t\t<div data-elementor-type=\"wp-post\" data-elementor-id=\"506\" class=\"elementor elementor-506\">\n\t\t\t\t\t\t\t\t\t<section class=\"elementor-section elementor-top-section elementor-element elementor-element-5b515e0 elementor-section-boxed elementor-section-height-default elementor-section-height-default elementor-invisible\" data-id=\"5b515e0\" data-element_type=\"section\" data-settings=\"{&quot;background_background&quot;:&quot;classic&quot;,&quot;animation&quot;:&quot;fadeIn&quot;}\">\n\t\t\t\t\t\t\t<div class=\"elementor-background-overlay\"><\/div>\n\t\t\t\t\t\t\t<div class=\"elementor-container elementor-column-gap-default\">\n\t\t\t\t\t<div class=\"elementor-column elementor-col-100 elementor-top-column elementor-element elementor-element-2cd17ed\" data-id=\"2cd17ed\" data-element_type=\"column\">\n\t\t\t<div class=\"elementor-widget-wrap elementor-element-populated\">\n\t\t\t\t\t\t\t\t<div class=\"elementor-element elementor-element-43ebc86 elementor-widget elementor-widget-heading\" data-id=\"43ebc86\" data-element_type=\"widget\" data-widget_type=\"heading.default\">\n\t\t\t\t<div class=\"elementor-widget-container\">\n\t\t\t<div class=\"elementor-heading-title elementor-size-default\">WELT<\/div>\t\t<\/div>\n\t\t\t\t<\/div>\n\t\t\t\t\t<\/div>\n\t\t<\/div>\n\t\t\t\t\t\t\t<\/div>\n\t\t<\/section>\n\t\t\t\t<section class=\"elementor-section elementor-top-section elementor-element elementor-element-135ad5a1 elementor-section-content-middle elementor-section-boxed elementor-section-height-default elementor-section-height-default\" data-id=\"135ad5a1\" data-element_type=\"section\">\n\t\t\t\t\t\t<div class=\"elementor-container elementor-column-gap-default\">\n\t\t\t\t\t<div class=\"elementor-column elementor-col-100 elementor-top-column elementor-element elementor-element-41d09681\" data-id=\"41d09681\" data-element_type=\"column\">\n\t\t\t<div class=\"elementor-widget-wrap elementor-element-populated\">\n\t\t\t\t\t\t\t\t<div class=\"elementor-element elementor-element-46e7946f elementor-widget elementor-widget-text-editor\" data-id=\"46e7946f\" data-element_type=\"widget\" data-widget_type=\"text-editor.default\">\n\t\t\t\t<div class=\"elementor-widget-container\">\n\t\t\t\t\t\t\t<p>Der Zusammenschluss der Gnostischen Kultur hat Institutionen in mehr als 30 L\u00e4ndern, welche sich wiederum in 4 Arten von Institutionen ableiten lassen und die auf der ganzen Welt registriert sind:<\/p><p><img fetchpriority=\"high\" decoding=\"async\" class=\"wp-image-502 alignright\" src=\"https:\/\/old.gnosis.is\/de\/wp-content\/uploads\/2019\/07\/world-1582347_1920.jpg\" alt=\"\" width=\"600\" height=\"513\" srcset=\"https:\/\/old.gnosis.is\/de\/wp-content\/uploads\/sites\/11\/2019\/07\/world-1582347_1920.jpg 824w, https:\/\/old.gnosis.is\/de\/wp-content\/uploads\/sites\/11\/2019\/07\/world-1582347_1920-300x257.jpg 300w, https:\/\/old.gnosis.is\/de\/wp-content\/uploads\/sites\/11\/2019\/07\/world-1582347_1920-768x657.jpg 768w, https:\/\/old.gnosis.is\/de\/wp-content\/uploads\/sites\/11\/2019\/07\/world-1582347_1920-171x146.jpg 171w, https:\/\/old.gnosis.is\/de\/wp-content\/uploads\/sites\/11\/2019\/07\/world-1582347_1920-50x43.jpg 50w, https:\/\/old.gnosis.is\/de\/wp-content\/uploads\/sites\/11\/2019\/07\/world-1582347_1920-88x75.jpg 88w\" sizes=\"(max-width:767px) 480px, 600px\" \/><\/p><p>1) Vereinigung der Religions- und Kulturwissenschaften der gnostischen Kultur: Diese Institution widmet sich in erster Linie der spirituellen Entwicklung sowie philosophischen und kulturellen Studien im Leben.<\/p><p>Hauptziel: Die Spirituelle Entwicklung.<\/p><p><span style=\"letter-spacing: 0px;\">2)<\/span><\/p><ul><li>AGEACAC: (Gnostische Assoziation Anthropologischer und Kultureller Studien). Diese Institution widmet sich der Verbreitung philosophischer und kultureller Prinzipien in Schulen, Akademien, Kulturh\u00e4usern, Bibliotheken usw. Das Vortragen von Vorlesungen und Kurse \u00fcber Selbsterkenntnis, Psychologie, Philosophie und integrale Kultur.<\/li><\/ul><p>Hauptziel: Das Erwachen des sozialen Bewusstseins.<\/p><p>3) ICU: (Institut f\u00fcr Universelle N\u00e4chstenliebe). Das ICU engagiert sich in mehr als 25 L\u00e4ndern f\u00fcr wohlt\u00e4tige Zwecke, unabh\u00e4ngig von Rasse, Kultur, Religion oder politischem Bekenntnis. Die gnostische Kultur ist der Ansicht, dass es f\u00fcr das Leben eines Menschen von grundlegender Bedeutung ist, aufgrund seiner tugendlichen M\u00f6glichkeiten N\u00e4chstenliebe auszu\u00fcben.<\/p><p>Hauptziel: Die Universelle N\u00e4chstenliebe.<\/p><p><strong>Der Zusammenschluss der gnostischen Kultur ist kurz gesagt eine Einladung zu:<\/strong><\/p><p>1) Spirituelle Fortschritte zu entwickeln.<\/p><p>2) Einen psychologischen und philosophischen Fortschritt des Lebens zu entwickeln, der in das Leben in der Gesellschaft integriert ist.<\/p><p>3) Den Bed\u00fcrftigen zu helfen.<\/p><p>4) Das Leben zu sch\u00fctzen und die Natur zu genie\u00dfen.<\/p><p>Ein grundlegender Punkt dieser Organisation ist, dass sie jedem Einzelnen, der sich dieser Initiative anschlie\u00dfen m\u00f6chte, eine internationale Infrastruktur und Ausbildung bietet, um eine positive Ver\u00e4nderung in sich selbst zu erzeugen und in seiner Gesellschaft.<\/p><p>Wenn Sie den Wunsch haben, an diesen teilzunehmen und einen positiven Einfluss auf Ihren Standort zu haben, z\u00f6gern Sie nicht, auf diesen Button zu klicken und uns zu kontaktieren!<\/p><p>Bald k\u00f6nnen Sie auf eine Weltkarte zugreifen, um auf die Adressen und Kontaktinformationen dieser Institutionen zuzugreifen, die von der gnostischen Kultur auf der ganzen Welt stammen.<\/p><p>Wir laden Sie ein, aktiv am Erwachen des sozialen Bewusstseins teilzunehmen!<\/p><p>Mit freundlichen Gr\u00fc\u00dfen: Gnostische Kultur Deutschland<\/p>\t\t\t\t\t\t<\/div>\n\t\t\t\t<\/div>\n\t\t\t\t\t<\/div>\n\t\t<\/div>\n\t\t\t\t\t\t\t<\/div>\n\t\t<\/section>\n\t\t\t\t\t\t\t<\/div>\n\t\t","protected":false},"excerpt":{"rendered":"<p>WELT Der Zusammenschluss der Gnostischen Kultur hat Institutionen in mehr als 30 L\u00e4ndern, welche sich wiederum in 4 Arten von Institutionen ableiten lassen und die auf<span class=\"excerpt-hellip\"> [\u2026]<\/span><\/p>\n","protected":false},"author":1,"featured_media":0,"parent":0,"menu_order":0,"comment_status":"closed","ping_status":"closed","template":"","meta":{"footnotes":"","_joinchat":[]},"yoast_head":"<!-- This site is optimized with the Yoast SEO plugin v23.5 - https:\/\/yoast.com\/wordpress\/plugins\/seo\/ -->\n<title>WELT - Gnostische Kultur<\/title>\n<meta name=\"robots\" content=\"noindex, follow, max-snippet:-1, max-image-preview:large, max-video-preview:-1\" \/>\n<meta property=\"og:locale\" content=\"en_US\" \/>\n<meta property=\"og:type\" content=\"article\" \/>\n<meta property=\"og:title\" content=\"WELT - Gnostische Kultur\" \/>\n<meta property=\"og:description\" content=\"WELT Der Zusammenschluss der Gnostischen Kultur hat Institutionen in mehr als 30 L\u00e4ndern, welche sich wiederum in 4 Arten von Institutionen ableiten lassen und die auf [\u2026]\" \/>\n<meta property=\"og:url\" content=\"https:\/\/old.gnosis.is\/de\/welt\/\" \/>\n<meta property=\"og:site_name\" content=\"Gnostische Kultur\" \/>\n<meta property=\"article:modified_time\" content=\"2019-10-24T21:53:30+00:00\" \/>\n<meta property=\"og:image\" content=\"https:\/\/old.gnosis.is\/de\/wp-content\/uploads\/2019\/07\/world-1582347_1920.jpg\" \/>\n<meta name=\"twitter:card\" content=\"summary_large_image\" \/>\n<meta name=\"twitter:label1\" content=\"Est. reading time\" \/>\n\t<meta name=\"twitter:data1\" content=\"2 minutes\" \/>\n<script type=\"application\/ld+json\" class=\"yoast-schema-graph\">{\"@context\":\"https:\/\/schema.org\",\"@graph\":[{\"@type\":\"WebPage\",\"@id\":\"https:\/\/old.gnosis.is\/de\/welt\/\",\"url\":\"https:\/\/old.gnosis.is\/de\/welt\/\",\"name\":\"WELT - Gnostische Kultur\",\"isPartOf\":{\"@id\":\"https:\/\/old.gnosis.is\/de\/#website\"},\"primaryImageOfPage\":{\"@id\":\"https:\/\/old.gnosis.is\/de\/welt\/#primaryimage\"},\"image\":{\"@id\":\"https:\/\/old.gnosis.is\/de\/welt\/#primaryimage\"},\"thumbnailUrl\":\"https:\/\/old.gnosis.is\/de\/wp-content\/uploads\/2019\/07\/world-1582347_1920.jpg\",\"datePublished\":\"2019-07-14T23:21:23+00:00\",\"dateModified\":\"2019-10-24T21:53:30+00:00\",\"breadcrumb\":{\"@id\":\"https:\/\/old.gnosis.is\/de\/welt\/#breadcrumb\"},\"inLanguage\":\"en-US\",\"potentialAction\":[{\"@type\":\"ReadAction\",\"target\":[\"https:\/\/old.gnosis.is\/de\/welt\/\"]}]},{\"@type\":\"ImageObject\",\"inLanguage\":\"en-US\",\"@id\":\"https:\/\/old.gnosis.is\/de\/welt\/#primaryimage\",\"url\":\"https:\/\/old.gnosis.is\/de\/wp-content\/uploads\/2019\/07\/world-1582347_1920.jpg\",\"contentUrl\":\"https:\/\/old.gnosis.is\/de\/wp-content\/uploads\/2019\/07\/world-1582347_1920.jpg\"},{\"@type\":\"BreadcrumbList\",\"@id\":\"https:\/\/old.gnosis.is\/de\/welt\/#breadcrumb\",\"itemListElement\":[{\"@type\":\"ListItem\",\"position\":1,\"name\":\"Home\",\"item\":\"https:\/\/old.gnosis.is\/de\/\"},{\"@type\":\"ListItem\",\"position\":2,\"name\":\"WELT\"}]},{\"@type\":\"WebSite\",\"@id\":\"https:\/\/old.gnosis.is\/de\/#website\",\"url\":\"https:\/\/old.gnosis.is\/de\/\",\"name\":\"Gnostische Kultur\",\"description\":\"Human values, conscience, philosophy, Gnostic Psychology\",\"potentialAction\":[{\"@type\":\"SearchAction\",\"target\":{\"@type\":\"EntryPoint\",\"urlTemplate\":\"https:\/\/old.gnosis.is\/de\/?s={search_term_string}\"},\"query-input\":{\"@type\":\"PropertyValueSpecification\",\"valueRequired\":true,\"valueName\":\"search_term_string\"}}],\"inLanguage\":\"en-US\"}]}<\/script>\n<!-- \/ Yoast SEO plugin. -->","yoast_head_json":{"title":"WELT - Gnostische Kultur","robots":{"index":"noindex","follow":"follow","max-snippet":"max-snippet:-1","max-image-preview":"max-image-preview:large","max-video-preview":"max-video-preview:-1"},"og_locale":"en_US","og_type":"article","og_title":"WELT - Gnostische Kultur","og_description":"WELT Der Zusammenschluss der Gnostischen Kultur hat Institutionen in mehr als 30 L\u00e4ndern, welche sich wiederum in 4 Arten von Institutionen ableiten lassen und die auf [\u2026]","og_url":"https:\/\/old.gnosis.is\/de\/welt\/","og_site_name":"Gnostische Kultur","article_modified_time":"2019-10-24T21:53:30+00:00","og_image":[{"url":"https:\/\/old.gnosis.is\/de\/wp-content\/uploads\/2019\/07\/world-1582347_1920.jpg"}],"twitter_card":"summary_large_image","twitter_misc":{"Est. reading time":"2 minutes"},"schema":{"@context":"https:\/\/schema.org","@graph":[{"@type":"WebPage","@id":"https:\/\/old.gnosis.is\/de\/welt\/","url":"https:\/\/old.gnosis.is\/de\/welt\/","name":"WELT - Gnostische Kultur","isPartOf":{"@id":"https:\/\/old.gnosis.is\/de\/#website"},"primaryImageOfPage":{"@id":"https:\/\/old.gnosis.is\/de\/welt\/#primaryimage"},"image":{"@id":"https:\/\/old.gnosis.is\/de\/welt\/#primaryimage"},"thumbnailUrl":"https:\/\/old.gnosis.is\/de\/wp-content\/uploads\/2019\/07\/world-1582347_1920.jpg","datePublished":"2019-07-14T23:21:23+00:00","dateModified":"2019-10-24T21:53:30+00:00","breadcrumb":{"@id":"https:\/\/old.gnosis.is\/de\/welt\/#breadcrumb"},"inLanguage":"en-US","potentialAction":[{"@type":"ReadAction","target":["https:\/\/old.gnosis.is\/de\/welt\/"]}]},{"@type":"ImageObject","inLanguage":"en-US","@id":"https:\/\/old.gnosis.is\/de\/welt\/#primaryimage","url":"https:\/\/old.gnosis.is\/de\/wp-content\/uploads\/2019\/07\/world-1582347_1920.jpg","contentUrl":"https:\/\/old.gnosis.is\/de\/wp-content\/uploads\/2019\/07\/world-1582347_1920.jpg"},{"@type":"BreadcrumbList","@id":"https:\/\/old.gnosis.is\/de\/welt\/#breadcrumb","itemListElement":[{"@type":"ListItem","position":1,"name":"Home","item":"https:\/\/old.gnosis.is\/de\/"},{"@type":"ListItem","position":2,"name":"WELT"}]},{"@type":"WebSite","@id":"https:\/\/old.gnosis.is\/de\/#website","url":"https:\/\/old.gnosis.is\/de\/","name":"Gnostische Kultur","description":"Human values, conscience, philosophy, Gnostic Psychology","potentialAction":[{"@type":"SearchAction","target":{"@type":"EntryPoint","urlTemplate":"https:\/\/old.gnosis.is\/de\/?s={search_term_string}"},"query-input":{"@type":"PropertyValueSpecification","valueRequired":true,"valueName":"search_term_string"}}],"inLanguage":"en-US"}]}},"_links":{"self":[{"href":"https:\/\/old.gnosis.is\/de\/wp-json\/wp\/v2\/pages\/506"}],"collection":[{"href":"https:\/\/old.gnosis.is\/de\/wp-json\/wp\/v2\/pages"}],"about":[{"href":"https:\/\/old.gnosis.is\/de\/wp-json\/wp\/v2\/types\/page"}],"author":[{"embeddable":true,"href":"https:\/\/old.gnosis.is\/de\/wp-json\/wp\/v2\/users\/1"}],"replies":[{"embeddable":true,"href":"https:\/\/old.gnosis.is\/de\/wp-json\/wp\/v2\/comments?post=506"}],"version-history":[{"count":12,"href":"https:\/\/old.gnosis.is\/de\/wp-json\/wp\/v2\/pages\/506\/revisions"}],"predecessor-version":[{"id":679,"href":"https:\/\/old.gnosis.is\/de\/wp-json\/wp\/v2\/pages\/506\/revisions\/679"}],"wp:attachment":[{"href":"https:\/\/old.gnosis.is\/de\/wp-json\/wp\/v2\/media?parent=506"}],"curies":[{"name":"wp","href":"https:\/\/api.w.org\/{rel}","templated":true}]}}