{"id":396,"date":"2019-06-24T16:35:43","date_gmt":"2019-06-24T16:35:43","guid":{"rendered":"https:\/\/gnosis.is\/es\/?page_id=396"},"modified":"2024-09-13T21:30:59","modified_gmt":"2024-09-13T20:30:59","slug":"quienes-son-los-gnosticos","status":"publish","type":"page","link":"https:\/\/old.gnosis.is\/es\/quienes-son-los-gnosticos\/","title":{"rendered":"About Us"},"content":{"rendered":"\t\t<div data-elementor-type=\"wp-post\" data-elementor-id=\"396\" class=\"elementor elementor-396\">\n\t\t\t\t\t\t\t\t\t<section class=\"elementor-section elementor-top-section elementor-element elementor-element-5b515e0 elementor-section-boxed elementor-section-height-default elementor-section-height-default\" data-id=\"5b515e0\" data-element_type=\"section\" data-settings=\"{&quot;background_background&quot;:&quot;classic&quot;}\">\n\t\t\t\t\t\t\t<div class=\"elementor-background-overlay\"><\/div>\n\t\t\t\t\t\t\t<div class=\"elementor-container elementor-column-gap-default\">\n\t\t\t\t\t<div class=\"elementor-column elementor-col-100 elementor-top-column elementor-element elementor-element-2cd17ed\" data-id=\"2cd17ed\" data-element_type=\"column\">\n\t\t\t<div class=\"elementor-widget-wrap elementor-element-populated\">\n\t\t\t\t\t\t\t\t<div class=\"elementor-element elementor-element-43ebc86 elementor-widget elementor-widget-heading\" data-id=\"43ebc86\" data-element_type=\"widget\" data-widget_type=\"heading.default\">\n\t\t\t\t<div class=\"elementor-widget-container\">\n\t\t\t<div class=\"elementor-heading-title elementor-size-default\">SOBRE NOSOTROS<\/div>\t\t<\/div>\n\t\t\t\t<\/div>\n\t\t\t\t\t<\/div>\n\t\t<\/div>\n\t\t\t\t\t\t\t<\/div>\n\t\t<\/section>\n\t\t\t\t<section class=\"elementor-section elementor-top-section elementor-element elementor-element-135ad5a1 elementor-section-content-middle elementor-section-boxed elementor-section-height-default elementor-section-height-default\" data-id=\"135ad5a1\" data-element_type=\"section\">\n\t\t\t\t\t\t<div class=\"elementor-container elementor-column-gap-default\">\n\t\t\t\t\t<div class=\"elementor-column elementor-col-100 elementor-top-column elementor-element elementor-element-41d09681\" data-id=\"41d09681\" data-element_type=\"column\">\n\t\t\t<div class=\"elementor-widget-wrap elementor-element-populated\">\n\t\t\t\t\t\t\t\t<div class=\"elementor-element elementor-element-46e7946f elementor-widget elementor-widget-text-editor\" data-id=\"46e7946f\" data-element_type=\"widget\" data-widget_type=\"text-editor.default\">\n\t\t\t\t<div class=\"elementor-widget-container\">\n\t\t\t\t\t\t\t<p><b><img fetchpriority=\"high\" decoding=\"async\" class=\"wp-image-531 alignright\" src=\"https:\/\/old.gnosis.is\/es\/wp-content\/uploads\/2019\/07\/d001490e-8dc0-4cfd-b599-b949f0f71343.jpg\" alt=\"\" width=\"505\" height=\"335\" srcset=\"https:\/\/old.gnosis.is\/es\/wp-content\/uploads\/sites\/8\/2019\/07\/d001490e-8dc0-4cfd-b599-b949f0f71343.jpg 1280w, https:\/\/old.gnosis.is\/es\/wp-content\/uploads\/sites\/8\/2019\/07\/d001490e-8dc0-4cfd-b599-b949f0f71343-300x199.jpg 300w, https:\/\/old.gnosis.is\/es\/wp-content\/uploads\/sites\/8\/2019\/07\/d001490e-8dc0-4cfd-b599-b949f0f71343-768x511.jpg 768w, https:\/\/old.gnosis.is\/es\/wp-content\/uploads\/sites\/8\/2019\/07\/d001490e-8dc0-4cfd-b599-b949f0f71343-1024x681.jpg 1024w, https:\/\/old.gnosis.is\/es\/wp-content\/uploads\/sites\/8\/2019\/07\/d001490e-8dc0-4cfd-b599-b949f0f71343-220x146.jpg 220w, https:\/\/old.gnosis.is\/es\/wp-content\/uploads\/sites\/8\/2019\/07\/d001490e-8dc0-4cfd-b599-b949f0f71343-50x33.jpg 50w, https:\/\/old.gnosis.is\/es\/wp-content\/uploads\/sites\/8\/2019\/07\/d001490e-8dc0-4cfd-b599-b949f0f71343-113x75.jpg 113w\" sizes=\"(max-width:767px) 480px, 505px\" \/><\/b><\/p><p>La Cultura Gn\u00f3stica es una Filosof\u00eda de vida extra\u00edda directamente de los sabios que ha tenido la humanidad a lo largo de su historia.<\/p><p>Gnosis hace referencia al \u201cConocimiento\u201d, una sabidur\u00eda impl\u00edcita en el universo, que a lo largo de la historia de la humanidad se va descubriendo a trav\u00e9s de fil\u00f3sofos, matem\u00e1ticos, cient\u00edficos, m\u00e9dicos, etc.<\/p><p>La Cultura Gn\u00f3stica invita al ser humano a vivir con sabidur\u00eda, d\u00e1ndole prop\u00f3sito a la existencia, para hacer del viaje por este mundo una realidad perenne a la muerte.<\/p><p>Esta instituci\u00f3n basa sus ense\u00f1anzas en los m\u00e1s grandes fil\u00f3sofos de todos los tiempos, como Jes\u00fas de Nazaret, Budha, S\u00f3crates, Krishnamurti, Lao Tze, Mahoma, Blavatsky, Confucio, Mahatma Gandhi,\u00a0 Tales de Mileto, y una gran lista de sabios de rec\u00f3nditos or\u00edgenes.<\/p><p>En todos los casos estos maestros de la humanidad ense\u00f1aron el amor y la justicia, la paz y el perd\u00f3n. Ense\u00f1aron a vivir con dignidad y respeto por todas las criaturas de la naturaleza. Ense\u00f1aron el auto descubrimiento para fundamentar nuestro viaje a trav\u00e9s de la vida. Ense\u00f1aron que existe algo que se llama conciencia, con lo que cada individuo puede medir sus acciones sin temer por esto violar alguna ley universal. Bajo los preceptos del amor y la justicia ense\u00f1aron la libertad en acci\u00f3n, emoci\u00f3n y pensamiento, para lograr una vida plena digna de s\u00ed misma.<\/p><p>Gracias a las palabras de estos sabios, que son capaz de cambiar nuestra vida en tantos aspectos, es que nos sentimos agradecidos y con la necesidad de ser portavoces de esta luz que queremos compartir con quien la quiera recibir.<\/p><p>Querido lector, nos despedimos dese\u00e1ndole una vida plena.<\/p><p><b>\u00a0<\/b><\/p>\t\t\t\t\t\t<\/div>\n\t\t\t\t<\/div>\n\t\t\t\t\t<\/div>\n\t\t<\/div>\n\t\t\t\t\t\t\t<\/div>\n\t\t<\/section>\n\t\t\t\t\t\t\t<\/div>\n\t\t","protected":false},"excerpt":{"rendered":"<p>SOBRE NOSOTROS La Cultura Gn\u00f3stica es una Filosof\u00eda de vida extra\u00edda directamente de los sabios que ha tenido la humanidad a lo largo de su historia.<span class=\"excerpt-hellip\"> [\u2026]<\/span><\/p>\n","protected":false},"author":1,"featured_media":0,"parent":0,"menu_order":0,"comment_status":"closed","ping_status":"closed","template":"","meta":{"footnotes":"","_joinchat":[]},"yoast_head":"<!-- This site is optimized with the Yoast SEO plugin v23.5 - https:\/\/yoast.com\/wordpress\/plugins\/seo\/ -->\n<title>About Us &#8211; Cultura Gn\u00f3stica Espa\u00f1ol<\/title>\n<meta name=\"robots\" content=\"noindex, follow, max-snippet:-1, max-image-preview:large, max-video-preview:-1\" \/>\n<meta property=\"og:locale\" content=\"es_ES\" \/>\n<meta property=\"og:type\" content=\"article\" \/>\n<meta property=\"og:title\" content=\"About Us &#8211; Cultura Gn\u00f3stica Espa\u00f1ol\" \/>\n<meta property=\"og:description\" content=\"SOBRE NOSOTROS La Cultura Gn\u00f3stica es una Filosof\u00eda de vida extra\u00edda directamente de los sabios que ha tenido la humanidad a lo largo de su historia. [\u2026]\" \/>\n<meta property=\"og:url\" content=\"https:\/\/old.gnosis.is\/es\/quienes-son-los-gnosticos\/\" \/>\n<meta property=\"og:site_name\" content=\"Cultura Gn\u00f3stica Espa\u00f1ol\" \/>\n<meta property=\"article:publisher\" content=\"https:\/\/www.facebook.com\/Gnosis.ES\/\" \/>\n<meta property=\"article:modified_time\" content=\"2024-09-13T20:30:59+00:00\" \/>\n<meta property=\"og:image\" content=\"https:\/\/old.gnosis.is\/es\/wp-content\/uploads\/2019\/07\/d001490e-8dc0-4cfd-b599-b949f0f71343.jpg\" \/>\n<meta name=\"twitter:card\" content=\"summary_large_image\" \/>\n<meta name=\"twitter:site\" content=\"@gnosisinter\" \/>\n<meta name=\"twitter:label1\" content=\"Tiempo de lectura\" \/>\n\t<meta name=\"twitter:data1\" content=\"2 minutos\" \/>\n<script type=\"application\/ld+json\" class=\"yoast-schema-graph\">{\"@context\":\"https:\/\/schema.org\",\"@graph\":[{\"@type\":\"WebPage\",\"@id\":\"https:\/\/old.gnosis.is\/es\/quienes-son-los-gnosticos\/\",\"url\":\"https:\/\/old.gnosis.is\/es\/quienes-son-los-gnosticos\/\",\"name\":\"About Us &#8211; Cultura Gn\u00f3stica Espa\u00f1ol\",\"isPartOf\":{\"@id\":\"https:\/\/old.gnosis.is\/es\/#website\"},\"primaryImageOfPage\":{\"@id\":\"https:\/\/old.gnosis.is\/es\/quienes-son-los-gnosticos\/#primaryimage\"},\"image\":{\"@id\":\"https:\/\/old.gnosis.is\/es\/quienes-son-los-gnosticos\/#primaryimage\"},\"thumbnailUrl\":\"https:\/\/old.gnosis.is\/es\/wp-content\/uploads\/2019\/07\/d001490e-8dc0-4cfd-b599-b949f0f71343.jpg\",\"datePublished\":\"2019-06-24T16:35:43+00:00\",\"dateModified\":\"2024-09-13T20:30:59+00:00\",\"breadcrumb\":{\"@id\":\"https:\/\/old.gnosis.is\/es\/quienes-son-los-gnosticos\/#breadcrumb\"},\"inLanguage\":\"es\",\"potentialAction\":[{\"@type\":\"ReadAction\",\"target\":[\"https:\/\/old.gnosis.is\/es\/quienes-son-los-gnosticos\/\"]}]},{\"@type\":\"ImageObject\",\"inLanguage\":\"es\",\"@id\":\"https:\/\/old.gnosis.is\/es\/quienes-son-los-gnosticos\/#primaryimage\",\"url\":\"https:\/\/old.gnosis.is\/es\/wp-content\/uploads\/2019\/07\/d001490e-8dc0-4cfd-b599-b949f0f71343.jpg\",\"contentUrl\":\"https:\/\/old.gnosis.is\/es\/wp-content\/uploads\/2019\/07\/d001490e-8dc0-4cfd-b599-b949f0f71343.jpg\"},{\"@type\":\"BreadcrumbList\",\"@id\":\"https:\/\/old.gnosis.is\/es\/quienes-son-los-gnosticos\/#breadcrumb\",\"itemListElement\":[{\"@type\":\"ListItem\",\"position\":1,\"name\":\"Home\",\"item\":\"https:\/\/old.gnosis.is\/es\/\"},{\"@type\":\"ListItem\",\"position\":2,\"name\":\"About Us\"}]},{\"@type\":\"WebSite\",\"@id\":\"https:\/\/old.gnosis.is\/es\/#website\",\"url\":\"https:\/\/old.gnosis.is\/es\/\",\"name\":\"Cultura Gn\u00f3stica Espa\u00f1ol\",\"description\":\"Valores humanos, conciencia, filosof\u00eda, psicolog\u00eda gn\u00f3stica.\",\"publisher\":{\"@id\":\"https:\/\/old.gnosis.is\/es\/#organization\"},\"potentialAction\":[{\"@type\":\"SearchAction\",\"target\":{\"@type\":\"EntryPoint\",\"urlTemplate\":\"https:\/\/old.gnosis.is\/es\/?s={search_term_string}\"},\"query-input\":{\"@type\":\"PropertyValueSpecification\",\"valueRequired\":true,\"valueName\":\"search_term_string\"}}],\"inLanguage\":\"es\"},{\"@type\":\"Organization\",\"@id\":\"https:\/\/old.gnosis.is\/es\/#organization\",\"name\":\"Cultura Gn\u00f3stica\",\"url\":\"https:\/\/old.gnosis.is\/es\/\",\"logo\":{\"@type\":\"ImageObject\",\"inLanguage\":\"es\",\"@id\":\"https:\/\/old.gnosis.is\/es\/#\/schema\/logo\/image\/\",\"url\":\"https:\/\/old.gnosis.is\/es\/wp-content\/uploads\/sites\/8\/2019\/07\/logoNuevo300.png\",\"contentUrl\":\"https:\/\/old.gnosis.is\/es\/wp-content\/uploads\/sites\/8\/2019\/07\/logoNuevo300.png\",\"width\":300,\"height\":306,\"caption\":\"Cultura Gn\u00f3stica\"},\"image\":{\"@id\":\"https:\/\/old.gnosis.is\/es\/#\/schema\/logo\/image\/\"},\"sameAs\":[\"https:\/\/www.facebook.com\/Gnosis.ES\/\",\"https:\/\/x.com\/gnosisinter\",\"https:\/\/www.instagram.com\/gnosisinter\/\",\"https:\/\/www.youtube.com\/channel\/UCu7CGV0APUr8uXC9dzb9FKQ?sub_confirmation=1\"]}]}<\/script>\n<!-- \/ Yoast SEO plugin. -->","yoast_head_json":{"title":"About Us &#8211; Cultura Gn\u00f3stica Espa\u00f1ol","robots":{"index":"noindex","follow":"follow","max-snippet":"max-snippet:-1","max-image-preview":"max-image-preview:large","max-video-preview":"max-video-preview:-1"},"og_locale":"es_ES","og_type":"article","og_title":"About Us &#8211; Cultura Gn\u00f3stica Espa\u00f1ol","og_description":"SOBRE NOSOTROS La Cultura Gn\u00f3stica es una Filosof\u00eda de vida extra\u00edda directamente de los sabios que ha tenido la humanidad a lo largo de su historia. [\u2026]","og_url":"https:\/\/old.gnosis.is\/es\/quienes-son-los-gnosticos\/","og_site_name":"Cultura Gn\u00f3stica Espa\u00f1ol","article_publisher":"https:\/\/www.facebook.com\/Gnosis.ES\/","article_modified_time":"2024-09-13T20:30:59+00:00","og_image":[{"url":"https:\/\/old.gnosis.is\/es\/wp-content\/uploads\/2019\/07\/d001490e-8dc0-4cfd-b599-b949f0f71343.jpg"}],"twitter_card":"summary_large_image","twitter_site":"@gnosisinter","twitter_misc":{"Tiempo de lectura":"2 minutos"},"schema":{"@context":"https:\/\/schema.org","@graph":[{"@type":"WebPage","@id":"https:\/\/old.gnosis.is\/es\/quienes-son-los-gnosticos\/","url":"https:\/\/old.gnosis.is\/es\/quienes-son-los-gnosticos\/","name":"About Us &#8211; Cultura Gn\u00f3stica Espa\u00f1ol","isPartOf":{"@id":"https:\/\/old.gnosis.is\/es\/#website"},"primaryImageOfPage":{"@id":"https:\/\/old.gnosis.is\/es\/quienes-son-los-gnosticos\/#primaryimage"},"image":{"@id":"https:\/\/old.gnosis.is\/es\/quienes-son-los-gnosticos\/#primaryimage"},"thumbnailUrl":"https:\/\/old.gnosis.is\/es\/wp-content\/uploads\/2019\/07\/d001490e-8dc0-4cfd-b599-b949f0f71343.jpg","datePublished":"2019-06-24T16:35:43+00:00","dateModified":"2024-09-13T20:30:59+00:00","breadcrumb":{"@id":"https:\/\/old.gnosis.is\/es\/quienes-son-los-gnosticos\/#breadcrumb"},"inLanguage":"es","potentialAction":[{"@type":"ReadAction","target":["https:\/\/old.gnosis.is\/es\/quienes-son-los-gnosticos\/"]}]},{"@type":"ImageObject","inLanguage":"es","@id":"https:\/\/old.gnosis.is\/es\/quienes-son-los-gnosticos\/#primaryimage","url":"https:\/\/old.gnosis.is\/es\/wp-content\/uploads\/2019\/07\/d001490e-8dc0-4cfd-b599-b949f0f71343.jpg","contentUrl":"https:\/\/old.gnosis.is\/es\/wp-content\/uploads\/2019\/07\/d001490e-8dc0-4cfd-b599-b949f0f71343.jpg"},{"@type":"BreadcrumbList","@id":"https:\/\/old.gnosis.is\/es\/quienes-son-los-gnosticos\/#breadcrumb","itemListElement":[{"@type":"ListItem","position":1,"name":"Home","item":"https:\/\/old.gnosis.is\/es\/"},{"@type":"ListItem","position":2,"name":"About Us"}]},{"@type":"WebSite","@id":"https:\/\/old.gnosis.is\/es\/#website","url":"https:\/\/old.gnosis.is\/es\/","name":"Cultura Gn\u00f3stica Espa\u00f1ol","description":"Valores humanos, conciencia, filosof\u00eda, psicolog\u00eda gn\u00f3stica.","publisher":{"@id":"https:\/\/old.gnosis.is\/es\/#organization"},"potentialAction":[{"@type":"SearchAction","target":{"@type":"EntryPoint","urlTemplate":"https:\/\/old.gnosis.is\/es\/?s={search_term_string}"},"query-input":{"@type":"PropertyValueSpecification","valueRequired":true,"valueName":"search_term_string"}}],"inLanguage":"es"},{"@type":"Organization","@id":"https:\/\/old.gnosis.is\/es\/#organization","name":"Cultura Gn\u00f3stica","url":"https:\/\/old.gnosis.is\/es\/","logo":{"@type":"ImageObject","inLanguage":"es","@id":"https:\/\/old.gnosis.is\/es\/#\/schema\/logo\/image\/","url":"https:\/\/old.gnosis.is\/es\/wp-content\/uploads\/sites\/8\/2019\/07\/logoNuevo300.png","contentUrl":"https:\/\/old.gnosis.is\/es\/wp-content\/uploads\/sites\/8\/2019\/07\/logoNuevo300.png","width":300,"height":306,"caption":"Cultura Gn\u00f3stica"},"image":{"@id":"https:\/\/old.gnosis.is\/es\/#\/schema\/logo\/image\/"},"sameAs":["https:\/\/www.facebook.com\/Gnosis.ES\/","https:\/\/x.com\/gnosisinter","https:\/\/www.instagram.com\/gnosisinter\/","https:\/\/www.youtube.com\/channel\/UCu7CGV0APUr8uXC9dzb9FKQ?sub_confirmation=1"]}]}},"_links":{"self":[{"href":"https:\/\/old.gnosis.is\/es\/wp-json\/wp\/v2\/pages\/396"}],"collection":[{"href":"https:\/\/old.gnosis.is\/es\/wp-json\/wp\/v2\/pages"}],"about":[{"href":"https:\/\/old.gnosis.is\/es\/wp-json\/wp\/v2\/types\/page"}],"author":[{"embeddable":true,"href":"https:\/\/old.gnosis.is\/es\/wp-json\/wp\/v2\/users\/1"}],"replies":[{"embeddable":true,"href":"https:\/\/old.gnosis.is\/es\/wp-json\/wp\/v2\/comments?post=396"}],"version-history":[{"count":17,"href":"https:\/\/old.gnosis.is\/es\/wp-json\/wp\/v2\/pages\/396\/revisions"}],"predecessor-version":[{"id":11334,"href":"https:\/\/old.gnosis.is\/es\/wp-json\/wp\/v2\/pages\/396\/revisions\/11334"}],"wp:attachment":[{"href":"https:\/\/old.gnosis.is\/es\/wp-json\/wp\/v2\/media?parent=396"}],"curies":[{"name":"wp","href":"https:\/\/api.w.org\/{rel}","templated":true}]}}