{"id":506,"date":"2019-07-14T23:21:23","date_gmt":"2019-07-14T23:21:23","guid":{"rendered":"https:\/\/gnosis.is\/es\/?page_id=506"},"modified":"2024-02-17T01:14:04","modified_gmt":"2024-02-17T00:14:04","slug":"world","status":"publish","type":"page","link":"https:\/\/old.gnosis.is\/es\/world\/","title":{"rendered":"Mundo"},"content":{"rendered":"\t\t<div data-elementor-type=\"wp-post\" data-elementor-id=\"506\" class=\"elementor elementor-506\">\n\t\t\t\t\t\t\t\t\t<section class=\"elementor-section elementor-top-section elementor-element elementor-element-5b515e0 elementor-section-boxed elementor-section-height-default elementor-section-height-default elementor-invisible\" data-id=\"5b515e0\" data-element_type=\"section\" data-settings=\"{&quot;background_background&quot;:&quot;classic&quot;,&quot;animation&quot;:&quot;fadeIn&quot;}\">\n\t\t\t\t\t\t\t<div class=\"elementor-background-overlay\"><\/div>\n\t\t\t\t\t\t\t<div class=\"elementor-container elementor-column-gap-default\">\n\t\t\t\t\t<div class=\"elementor-column elementor-col-100 elementor-top-column elementor-element elementor-element-2cd17ed\" data-id=\"2cd17ed\" data-element_type=\"column\">\n\t\t\t<div class=\"elementor-widget-wrap elementor-element-populated\">\n\t\t\t\t\t\t\t\t<div class=\"elementor-element elementor-element-43ebc86 elementor-widget elementor-widget-heading\" data-id=\"43ebc86\" data-element_type=\"widget\" data-widget_type=\"heading.default\">\n\t\t\t\t<div class=\"elementor-widget-container\">\n\t\t\t<div class=\"elementor-heading-title elementor-size-default\">Mundo<\/div>\t\t<\/div>\n\t\t\t\t<\/div>\n\t\t\t\t\t<\/div>\n\t\t<\/div>\n\t\t\t\t\t\t\t<\/div>\n\t\t<\/section>\n\t\t\t\t<section class=\"elementor-section elementor-top-section elementor-element elementor-element-135ad5a1 elementor-section-content-middle elementor-section-boxed elementor-section-height-default elementor-section-height-default\" data-id=\"135ad5a1\" data-element_type=\"section\">\n\t\t\t\t\t\t<div class=\"elementor-container elementor-column-gap-default\">\n\t\t\t\t\t<div class=\"elementor-column elementor-col-100 elementor-top-column elementor-element elementor-element-41d09681\" data-id=\"41d09681\" data-element_type=\"column\">\n\t\t\t<div class=\"elementor-widget-wrap elementor-element-populated\">\n\t\t\t\t\t\t\t\t<div class=\"elementor-element elementor-element-46e7946f elementor-widget elementor-widget-text-editor\" data-id=\"46e7946f\" data-element_type=\"widget\" data-widget_type=\"text-editor.default\">\n\t\t\t\t<div class=\"elementor-widget-container\">\n\t\t\t\t\t\t\t<p><b><span style=\"vertical-align: inherit;\"><span style=\"vertical-align: inherit;\"><span style=\"vertical-align: inherit;\"><span style=\"vertical-align: inherit;\">La Federaci\u00f3n de Cultura Gn\u00f3stica ha crecido y se ha extendido a m\u00e1s de 30 pa\u00edses alrededor del mundo<\/span><\/span><\/span><\/span><\/b><span style=\"vertical-align: inherit;\"><span style=\"vertical-align: inherit;\"><span style=\"vertical-align: inherit;\"><span style=\"vertical-align: inherit;\"> . <\/span><\/span><\/span><span style=\"vertical-align: inherit;\"><span style=\"vertical-align: inherit;\"><span style=\"vertical-align: inherit;\">Est\u00e1 compuesto por cuatro tipos de instituciones registradas:<\/span><\/span><\/span><\/span><\/p><p><img fetchpriority=\"high\" decoding=\"async\" class=\"wp-image-502 alignright\" src=\"https:\/\/old.gnosis.is\/es\/wp-content\/uploads\/2019\/07\/world-1582347_1920.jpg\" alt=\"\" width=\"600\" height=\"513\" srcset=\"https:\/\/old.gnosis.is\/es\/wp-content\/uploads\/sites\/8\/2019\/07\/world-1582347_1920.jpg 824w, https:\/\/old.gnosis.is\/es\/wp-content\/uploads\/sites\/8\/2019\/07\/world-1582347_1920-300x257.jpg 300w, https:\/\/old.gnosis.is\/es\/wp-content\/uploads\/sites\/8\/2019\/07\/world-1582347_1920-768x657.jpg 768w, https:\/\/old.gnosis.is\/es\/wp-content\/uploads\/sites\/8\/2019\/07\/world-1582347_1920-171x146.jpg 171w, https:\/\/old.gnosis.is\/es\/wp-content\/uploads\/sites\/8\/2019\/07\/world-1582347_1920-50x43.jpg 50w, https:\/\/old.gnosis.is\/es\/wp-content\/uploads\/sites\/8\/2019\/07\/world-1582347_1920-88x75.jpg 88w\" sizes=\"(max-width:767px) 480px, 600px\" \/><\/p><p><span style=\"vertical-align: inherit;\"><span style=\"vertical-align: inherit;\"><span style=\"vertical-align: inherit;\"><span style=\"vertical-align: inherit;\">1) Asociaci\u00f3n para los Estudios Religiosos y Culturales de las Ense\u00f1anzas Gn\u00f3sticas: <\/span><\/span><\/span><\/span><b><span style=\"vertical-align: inherit;\"><span style=\"vertical-align: inherit;\"><span style=\"vertical-align: inherit;\"><span style=\"vertical-align: inherit;\">esta instituci\u00f3n se basa principalmente en el desarrollo espiritual<\/span><\/span><\/span><\/span><\/b><span style=\"vertical-align: inherit;\"><span style=\"vertical-align: inherit;\"><span style=\"vertical-align: inherit;\"><span style=\"vertical-align: inherit;\"> y los estudios filos\u00f3ficos y culturales para el uso pr\u00e1ctico en la vida cotidiana. <\/span><\/span><\/span><span style=\"vertical-align: inherit;\"><span style=\"vertical-align: inherit;\"><span style=\"vertical-align: inherit;\">Objetivo principal: desarrollo espiritual.<\/span><\/span><\/span><\/span><\/p><p><span style=\"letter-spacing: 0px;\"><span style=\"vertical-align: inherit;\"><span style=\"vertical-align: inherit;\"><span style=\"vertical-align: inherit;\"><span style=\"vertical-align: inherit;\">2) <\/span><\/span><\/span><\/span><\/span><b style=\"letter-spacing: 0px;\"><span style=\"vertical-align: inherit;\"><span style=\"vertical-align: inherit;\"><span style=\"vertical-align: inherit;\"><span style=\"vertical-align: inherit;\">AGEACAC: <\/span><\/span><\/span><\/span><\/b><span style=\"letter-spacing: 0px;\"><span style=\"vertical-align: inherit;\"><span style=\"vertical-align: inherit;\"><span style=\"vertical-align: inherit;\"><span style=\"vertical-align: inherit;\">(Asociaci\u00f3n Gn\u00f3stica de Estudios Antropol\u00f3gicos y Culturales). <\/span><\/span><\/span><\/span><\/span><b style=\"letter-spacing: 0px;\"><span style=\"vertical-align: inherit;\"><span style=\"vertical-align: inherit;\"><span style=\"vertical-align: inherit;\"><span style=\"vertical-align: inherit;\">Esta es la raz\u00f3n de ser de los principios de la <\/span><\/span><\/span><\/span><\/b><span style=\"letter-spacing: 0px;\"><span style=\"vertical-align: inherit;\"><span style=\"vertical-align: inherit;\"><span style=\"vertical-align: inherit;\"><span style=\"vertical-align: inherit;\">cultura, la cultura, la cultura, la cultura y la cultura.<\/span><\/span><\/span><\/span><\/span><\/p><p><span style=\"vertical-align: inherit;\"><span style=\"vertical-align: inherit;\"><span style=\"vertical-align: inherit;\"><span style=\"vertical-align: inherit;\">Objetivo principal: El Despertar de la Conciencia Social.<\/span><\/span><\/span><\/span><\/p><p><span style=\"vertical-align: inherit;\"><span style=\"vertical-align: inherit;\"><span style=\"vertical-align: inherit;\"><span style=\"vertical-align: inherit;\">3) <\/span><\/span><\/span><\/span><b><span style=\"vertical-align: inherit;\"><span style=\"vertical-align: inherit;\"><span style=\"vertical-align: inherit;\"><span style=\"vertical-align: inherit;\">ICU:<\/span><\/span><\/span><\/span><\/b><span style=\"vertical-align: inherit;\"><span style=\"vertical-align: inherit;\"><span style=\"vertical-align: inherit;\"><span style=\"vertical-align: inherit;\"> (Instituto de la Caridad Universal). <\/span><\/span><\/span><\/span><b><span style=\"vertical-align: inherit;\"><span style=\"vertical-align: inherit;\"><span style=\"vertical-align: inherit;\"><span style=\"vertical-align: inherit;\">ICU se dedica al trabajo de caridad en m\u00e1s de 25 pa\u00edses<\/span><\/span><\/span><\/span><\/b><span style=\"vertical-align: inherit;\"><span style=\"vertical-align: inherit;\"><span style=\"vertical-align: inherit;\"><span style=\"vertical-align: inherit;\"> , sin discriminaci\u00f3n de raza, cultura, religi\u00f3n o creencias pol\u00edticas. <\/span><\/span><\/span><span style=\"vertical-align: inherit;\"><span style=\"vertical-align: inherit;\"><span style=\"vertical-align: inherit;\">Las ense\u00f1anzas gn\u00f3sticas promueven las obras de caridad como una necesidad fundamental para la vida de todos. <\/span><\/span><\/span><span style=\"vertical-align: inherit;\"><span style=\"vertical-align: inherit;\"><span style=\"vertical-align: inherit;\">Objetivo principal: la caridad universal.<\/span><\/span><\/span><\/span><\/p><p style=\"font-style: normal; font-variant-ligatures: normal; font-variant-caps: normal; font-size: 16px; font-family: 'PT Sans', sans-serif;\"><b><span style=\"vertical-align: inherit;\"><span style=\"vertical-align: inherit;\"><span style=\"vertical-align: inherit;\"><span style=\"vertical-align: inherit;\">Resumen: La Federaci\u00f3n de Cultura Gn\u00f3stica promueve, alienta y ofrece:<\/span><\/span><\/span><\/span><\/b><\/p><p style=\"font-style: normal; font-variant-ligatures: normal; font-variant-caps: normal; font-weight: 400; font-size: 16px; font-family: 'PT Sans', sans-serif;\"><span style=\"vertical-align: inherit;\"><span style=\"vertical-align: inherit;\"><span style=\"vertical-align: inherit;\"><span style=\"vertical-align: inherit;\">1) Desarrollo espiritual y progreso.<\/span><\/span><\/span><\/span><\/p><p style=\"font-style: normal; font-variant-ligatures: normal; font-variant-caps: normal; font-weight: 400; font-size: 16px; font-family: 'PT Sans', sans-serif;\"><span style=\"vertical-align: inherit;\"><span style=\"vertical-align: inherit;\"><span style=\"vertical-align: inherit;\"><span style=\"vertical-align: inherit;\">2) El desarrollo y la armon\u00eda del progreso psicol\u00f3gico y filos\u00f3fico en la sociedad y en la vida personal.<\/span><\/span><\/span><\/span><\/p><p style=\"font-style: normal; font-variant-ligatures: normal; font-variant-caps: normal; font-weight: 400; font-size: 16px; font-family: 'PT Sans', sans-serif;\"><span style=\"vertical-align: inherit;\"><span style=\"vertical-align: inherit;\"><span style=\"vertical-align: inherit;\"><span style=\"vertical-align: inherit;\">3) Trabajo de caridad. <\/span><\/span><\/span><span style=\"vertical-align: inherit;\"><span style=\"vertical-align: inherit;\"><span style=\"vertical-align: inherit;\">Ayudando a los necesitados.<\/span><\/span><\/span><\/span><\/p><p style=\"font-style: normal; font-variant-ligatures: normal; font-variant-caps: normal; font-weight: 400; font-size: 16px; font-family: 'PT Sans', sans-serif;\"><span style=\"vertical-align: inherit;\"><span style=\"vertical-align: inherit;\"><span style=\"vertical-align: inherit;\"><span style=\"vertical-align: inherit;\">4) Responsabilidad ambiental.<\/span><\/span><\/span><\/span><\/p><p style=\"font-style: normal; font-variant-ligatures: normal; font-variant-caps: normal; font-size: 16px; font-family: 'PT Sans', sans-serif;\"><span style=\"font-weight: 400;\"><span style=\"vertical-align: inherit;\"><span style=\"vertical-align: inherit;\"><span style=\"vertical-align: inherit;\"><span style=\"vertical-align: inherit;\">Una de las piedras angulares de esta organizaci\u00f3n es que se conviertan en una <\/span><\/span><\/span><\/span><\/span><b><span style=\"vertical-align: inherit;\"><span style=\"vertical-align: inherit;\"><span style=\"vertical-align: inherit;\"><span style=\"vertical-align: inherit;\">infraestructura internacional y una capacitaci\u00f3n para cada persona que se quiera a esta iniciativa: generar un cambio positivo en s\u00ed mismos y en su sociedad<\/span><\/span><\/span><\/span><\/b><span style=\"vertical-align: inherit;\"><span style=\"vertical-align: inherit;\"><span style=\"vertical-align: inherit;\"><span style=\"vertical-align: inherit;\"> . <\/span><\/span><\/span><span style=\"vertical-align: inherit;\"><span style=\"vertical-align: inherit;\"><span style=\"vertical-align: inherit;\">Si desea participar en estas empresas y generar un impacto positivo en su ciudad o ciudad local, <\/span><\/span><\/span><\/span><b><span style=\"vertical-align: inherit;\"><span style=\"vertical-align: inherit;\"><span style=\"vertical-align: inherit;\"><span style=\"vertical-align: inherit;\">haga clic en este bot\u00f3n<\/span><\/span><\/span><\/span><\/b><span style=\"vertical-align: inherit;\"><span style=\"vertical-align: inherit;\"><span style=\"vertical-align: inherit;\"><span style=\"vertical-align: inherit;\"> y cont\u00e1ctenos.<\/span><\/span><\/span><\/span><\/p><p style=\"font-style: normal; font-variant-ligatures: normal; font-variant-caps: normal; font-size: 16px; font-family: 'PT Sans', sans-serif;\"><span style=\"vertical-align: inherit;\"><span style=\"vertical-align: inherit;\"><span style=\"vertical-align: inherit;\"><span style=\"vertical-align: inherit;\">Pronto habr\u00e1 un mapa mundial disponible para acceder a las direcciones e informaci\u00f3n de contacto de estas instituciones, derivadas de la Federaci\u00f3n de Cultura Gn\u00f3stica de todo el mundo. <\/span><\/span><\/span><\/span><b><span style=\"vertical-align: inherit;\"><span style=\"vertical-align: inherit;\"><span style=\"vertical-align: inherit;\"><span style=\"vertical-align: inherit;\">Te invitamos a ser parte activa del despertar de la conciencia social<\/span><\/span><\/span><\/span><\/b><span style=\"vertical-align: inherit;\"><span style=\"vertical-align: inherit;\"><span style=\"vertical-align: inherit;\"><span style=\"vertical-align: inherit;\"> .<\/span><\/span><\/span><\/span><\/p><p style=\"font-style: normal; font-variant-ligatures: normal; font-variant-caps: normal; font-size: 16px; font-family: 'PT Sans', sans-serif;\"><span style=\"vertical-align: inherit;\"><span style=\"vertical-align: inherit;\"><span style=\"vertical-align: inherit;\"><span style=\"vertical-align: inherit;\">Respetuosamente, Federaci\u00f3n de Cultura Gn\u00f3stica.<\/span><\/span><\/span><\/span><\/p>\t\t\t\t\t\t<\/div>\n\t\t\t\t<\/div>\n\t\t\t\t\t<\/div>\n\t\t<\/div>\n\t\t\t\t\t\t\t<\/div>\n\t\t<\/section>\n\t\t\t\t\t\t\t<\/div>\n\t\t","protected":false},"excerpt":{"rendered":"<p>Mundo La Federaci\u00f3n de Cultura Gn\u00f3stica ha crecido y se ha extendido a m\u00e1s de 30 pa\u00edses alrededor del mundo . Est\u00e1 compuesto por cuatro tipos<span class=\"excerpt-hellip\"> [\u2026]<\/span><\/p>\n","protected":false},"author":1,"featured_media":0,"parent":0,"menu_order":0,"comment_status":"closed","ping_status":"closed","template":"","meta":{"footnotes":"","_joinchat":[]},"yoast_head":"<!-- This site is optimized with the Yoast SEO plugin v23.5 - https:\/\/yoast.com\/wordpress\/plugins\/seo\/ -->\n<title>Mundo &#8211; Cultura Gn\u00f3stica Espa\u00f1ol<\/title>\n<meta name=\"robots\" content=\"noindex, follow, max-snippet:-1, max-image-preview:large, max-video-preview:-1\" \/>\n<meta property=\"og:locale\" content=\"es_ES\" \/>\n<meta property=\"og:type\" content=\"article\" \/>\n<meta property=\"og:title\" content=\"Mundo &#8211; Cultura Gn\u00f3stica Espa\u00f1ol\" \/>\n<meta property=\"og:description\" content=\"Mundo La Federaci\u00f3n de Cultura Gn\u00f3stica ha crecido y se ha extendido a m\u00e1s de 30 pa\u00edses alrededor del mundo . Est\u00e1 compuesto por cuatro tipos [\u2026]\" \/>\n<meta property=\"og:url\" content=\"https:\/\/old.gnosis.is\/es\/world\/\" \/>\n<meta property=\"og:site_name\" content=\"Cultura Gn\u00f3stica Espa\u00f1ol\" \/>\n<meta property=\"article:publisher\" content=\"https:\/\/www.facebook.com\/Gnosis.ES\/\" \/>\n<meta property=\"article:modified_time\" content=\"2024-02-17T00:14:04+00:00\" \/>\n<meta property=\"og:image\" content=\"https:\/\/old.gnosis.is\/es\/wp-content\/uploads\/2019\/07\/world-1582347_1920.jpg\" \/>\n<meta name=\"twitter:card\" content=\"summary_large_image\" \/>\n<meta name=\"twitter:site\" content=\"@gnosisinter\" \/>\n<meta name=\"twitter:label1\" content=\"Tiempo de lectura\" \/>\n\t<meta name=\"twitter:data1\" content=\"2 minutos\" \/>\n<script type=\"application\/ld+json\" class=\"yoast-schema-graph\">{\"@context\":\"https:\/\/schema.org\",\"@graph\":[{\"@type\":\"WebPage\",\"@id\":\"https:\/\/old.gnosis.is\/es\/world\/\",\"url\":\"https:\/\/old.gnosis.is\/es\/world\/\",\"name\":\"Mundo &#8211; Cultura Gn\u00f3stica Espa\u00f1ol\",\"isPartOf\":{\"@id\":\"https:\/\/old.gnosis.is\/es\/#website\"},\"primaryImageOfPage\":{\"@id\":\"https:\/\/old.gnosis.is\/es\/world\/#primaryimage\"},\"image\":{\"@id\":\"https:\/\/old.gnosis.is\/es\/world\/#primaryimage\"},\"thumbnailUrl\":\"https:\/\/old.gnosis.is\/es\/wp-content\/uploads\/2019\/07\/world-1582347_1920.jpg\",\"datePublished\":\"2019-07-14T23:21:23+00:00\",\"dateModified\":\"2024-02-17T00:14:04+00:00\",\"breadcrumb\":{\"@id\":\"https:\/\/old.gnosis.is\/es\/world\/#breadcrumb\"},\"inLanguage\":\"es\",\"potentialAction\":[{\"@type\":\"ReadAction\",\"target\":[\"https:\/\/old.gnosis.is\/es\/world\/\"]}]},{\"@type\":\"ImageObject\",\"inLanguage\":\"es\",\"@id\":\"https:\/\/old.gnosis.is\/es\/world\/#primaryimage\",\"url\":\"https:\/\/old.gnosis.is\/es\/wp-content\/uploads\/2019\/07\/world-1582347_1920.jpg\",\"contentUrl\":\"https:\/\/old.gnosis.is\/es\/wp-content\/uploads\/2019\/07\/world-1582347_1920.jpg\"},{\"@type\":\"BreadcrumbList\",\"@id\":\"https:\/\/old.gnosis.is\/es\/world\/#breadcrumb\",\"itemListElement\":[{\"@type\":\"ListItem\",\"position\":1,\"name\":\"Home\",\"item\":\"https:\/\/old.gnosis.is\/es\/\"},{\"@type\":\"ListItem\",\"position\":2,\"name\":\"Mundo\"}]},{\"@type\":\"WebSite\",\"@id\":\"https:\/\/old.gnosis.is\/es\/#website\",\"url\":\"https:\/\/old.gnosis.is\/es\/\",\"name\":\"Cultura Gn\u00f3stica Espa\u00f1ol\",\"description\":\"Valores humanos, conciencia, filosof\u00eda, psicolog\u00eda gn\u00f3stica.\",\"publisher\":{\"@id\":\"https:\/\/old.gnosis.is\/es\/#organization\"},\"potentialAction\":[{\"@type\":\"SearchAction\",\"target\":{\"@type\":\"EntryPoint\",\"urlTemplate\":\"https:\/\/old.gnosis.is\/es\/?s={search_term_string}\"},\"query-input\":{\"@type\":\"PropertyValueSpecification\",\"valueRequired\":true,\"valueName\":\"search_term_string\"}}],\"inLanguage\":\"es\"},{\"@type\":\"Organization\",\"@id\":\"https:\/\/old.gnosis.is\/es\/#organization\",\"name\":\"Cultura Gn\u00f3stica\",\"url\":\"https:\/\/old.gnosis.is\/es\/\",\"logo\":{\"@type\":\"ImageObject\",\"inLanguage\":\"es\",\"@id\":\"https:\/\/old.gnosis.is\/es\/#\/schema\/logo\/image\/\",\"url\":\"https:\/\/old.gnosis.is\/es\/wp-content\/uploads\/sites\/8\/2019\/07\/logoNuevo300.png\",\"contentUrl\":\"https:\/\/old.gnosis.is\/es\/wp-content\/uploads\/sites\/8\/2019\/07\/logoNuevo300.png\",\"width\":300,\"height\":306,\"caption\":\"Cultura Gn\u00f3stica\"},\"image\":{\"@id\":\"https:\/\/old.gnosis.is\/es\/#\/schema\/logo\/image\/\"},\"sameAs\":[\"https:\/\/www.facebook.com\/Gnosis.ES\/\",\"https:\/\/x.com\/gnosisinter\",\"https:\/\/www.instagram.com\/gnosisinter\/\",\"https:\/\/www.youtube.com\/channel\/UCu7CGV0APUr8uXC9dzb9FKQ?sub_confirmation=1\"]}]}<\/script>\n<!-- \/ Yoast SEO plugin. -->","yoast_head_json":{"title":"Mundo &#8211; Cultura Gn\u00f3stica Espa\u00f1ol","robots":{"index":"noindex","follow":"follow","max-snippet":"max-snippet:-1","max-image-preview":"max-image-preview:large","max-video-preview":"max-video-preview:-1"},"og_locale":"es_ES","og_type":"article","og_title":"Mundo &#8211; Cultura Gn\u00f3stica Espa\u00f1ol","og_description":"Mundo La Federaci\u00f3n de Cultura Gn\u00f3stica ha crecido y se ha extendido a m\u00e1s de 30 pa\u00edses alrededor del mundo . Est\u00e1 compuesto por cuatro tipos [\u2026]","og_url":"https:\/\/old.gnosis.is\/es\/world\/","og_site_name":"Cultura Gn\u00f3stica Espa\u00f1ol","article_publisher":"https:\/\/www.facebook.com\/Gnosis.ES\/","article_modified_time":"2024-02-17T00:14:04+00:00","og_image":[{"url":"https:\/\/old.gnosis.is\/es\/wp-content\/uploads\/2019\/07\/world-1582347_1920.jpg"}],"twitter_card":"summary_large_image","twitter_site":"@gnosisinter","twitter_misc":{"Tiempo de lectura":"2 minutos"},"schema":{"@context":"https:\/\/schema.org","@graph":[{"@type":"WebPage","@id":"https:\/\/old.gnosis.is\/es\/world\/","url":"https:\/\/old.gnosis.is\/es\/world\/","name":"Mundo &#8211; Cultura Gn\u00f3stica Espa\u00f1ol","isPartOf":{"@id":"https:\/\/old.gnosis.is\/es\/#website"},"primaryImageOfPage":{"@id":"https:\/\/old.gnosis.is\/es\/world\/#primaryimage"},"image":{"@id":"https:\/\/old.gnosis.is\/es\/world\/#primaryimage"},"thumbnailUrl":"https:\/\/old.gnosis.is\/es\/wp-content\/uploads\/2019\/07\/world-1582347_1920.jpg","datePublished":"2019-07-14T23:21:23+00:00","dateModified":"2024-02-17T00:14:04+00:00","breadcrumb":{"@id":"https:\/\/old.gnosis.is\/es\/world\/#breadcrumb"},"inLanguage":"es","potentialAction":[{"@type":"ReadAction","target":["https:\/\/old.gnosis.is\/es\/world\/"]}]},{"@type":"ImageObject","inLanguage":"es","@id":"https:\/\/old.gnosis.is\/es\/world\/#primaryimage","url":"https:\/\/old.gnosis.is\/es\/wp-content\/uploads\/2019\/07\/world-1582347_1920.jpg","contentUrl":"https:\/\/old.gnosis.is\/es\/wp-content\/uploads\/2019\/07\/world-1582347_1920.jpg"},{"@type":"BreadcrumbList","@id":"https:\/\/old.gnosis.is\/es\/world\/#breadcrumb","itemListElement":[{"@type":"ListItem","position":1,"name":"Home","item":"https:\/\/old.gnosis.is\/es\/"},{"@type":"ListItem","position":2,"name":"Mundo"}]},{"@type":"WebSite","@id":"https:\/\/old.gnosis.is\/es\/#website","url":"https:\/\/old.gnosis.is\/es\/","name":"Cultura Gn\u00f3stica Espa\u00f1ol","description":"Valores humanos, conciencia, filosof\u00eda, psicolog\u00eda gn\u00f3stica.","publisher":{"@id":"https:\/\/old.gnosis.is\/es\/#organization"},"potentialAction":[{"@type":"SearchAction","target":{"@type":"EntryPoint","urlTemplate":"https:\/\/old.gnosis.is\/es\/?s={search_term_string}"},"query-input":{"@type":"PropertyValueSpecification","valueRequired":true,"valueName":"search_term_string"}}],"inLanguage":"es"},{"@type":"Organization","@id":"https:\/\/old.gnosis.is\/es\/#organization","name":"Cultura Gn\u00f3stica","url":"https:\/\/old.gnosis.is\/es\/","logo":{"@type":"ImageObject","inLanguage":"es","@id":"https:\/\/old.gnosis.is\/es\/#\/schema\/logo\/image\/","url":"https:\/\/old.gnosis.is\/es\/wp-content\/uploads\/sites\/8\/2019\/07\/logoNuevo300.png","contentUrl":"https:\/\/old.gnosis.is\/es\/wp-content\/uploads\/sites\/8\/2019\/07\/logoNuevo300.png","width":300,"height":306,"caption":"Cultura Gn\u00f3stica"},"image":{"@id":"https:\/\/old.gnosis.is\/es\/#\/schema\/logo\/image\/"},"sameAs":["https:\/\/www.facebook.com\/Gnosis.ES\/","https:\/\/x.com\/gnosisinter","https:\/\/www.instagram.com\/gnosisinter\/","https:\/\/www.youtube.com\/channel\/UCu7CGV0APUr8uXC9dzb9FKQ?sub_confirmation=1"]}]}},"_links":{"self":[{"href":"https:\/\/old.gnosis.is\/es\/wp-json\/wp\/v2\/pages\/506"}],"collection":[{"href":"https:\/\/old.gnosis.is\/es\/wp-json\/wp\/v2\/pages"}],"about":[{"href":"https:\/\/old.gnosis.is\/es\/wp-json\/wp\/v2\/types\/page"}],"author":[{"embeddable":true,"href":"https:\/\/old.gnosis.is\/es\/wp-json\/wp\/v2\/users\/1"}],"replies":[{"embeddable":true,"href":"https:\/\/old.gnosis.is\/es\/wp-json\/wp\/v2\/comments?post=506"}],"version-history":[{"count":16,"href":"https:\/\/old.gnosis.is\/es\/wp-json\/wp\/v2\/pages\/506\/revisions"}],"predecessor-version":[{"id":11264,"href":"https:\/\/old.gnosis.is\/es\/wp-json\/wp\/v2\/pages\/506\/revisions\/11264"}],"wp:attachment":[{"href":"https:\/\/old.gnosis.is\/es\/wp-json\/wp\/v2\/media?parent=506"}],"curies":[{"name":"wp","href":"https:\/\/api.w.org\/{rel}","templated":true}]}}