{"id":871,"date":"2019-08-11T06:10:28","date_gmt":"2019-08-11T05:10:28","guid":{"rendered":"http:\/\/gnosis.is\/es\/?page_id=871"},"modified":"2023-08-19T18:19:59","modified_gmt":"2023-08-19T17:19:59","slug":"documentales","status":"publish","type":"page","link":"https:\/\/old.gnosis.is\/es\/documentales\/","title":{"rendered":"Documentales"},"content":{"rendered":"\t\t<div data-elementor-type=\"wp-post\" data-elementor-id=\"871\" class=\"elementor elementor-871\">\n\t\t\t\t\t\t\t\t\t<section class=\"elementor-section elementor-top-section elementor-element elementor-element-6e195e86 elementor-section-boxed elementor-section-height-default elementor-section-height-default\" data-id=\"6e195e86\" data-element_type=\"section\">\n\t\t\t\t\t\t<div class=\"elementor-container elementor-column-gap-default\">\n\t\t\t\t\t<div class=\"elementor-column elementor-col-100 elementor-top-column elementor-element elementor-element-684a759\" data-id=\"684a759\" data-element_type=\"column\">\n\t\t\t<div class=\"elementor-widget-wrap elementor-element-populated\">\n\t\t\t\t\t\t\t\t<div class=\"elementor-element elementor-element-416819d4 elementor-widget elementor-widget-text-editor\" data-id=\"416819d4\" data-element_type=\"widget\" data-widget_type=\"text-editor.default\">\n\t\t\t\t<div class=\"elementor-widget-container\">\n\t\t\t\t\t\t\t<!-- wp:paragraph {\"fontSize\":\"medium\"} -->\n<h3><strong>Documentales que expresan los or\u00edgenes hist\u00f3ricos, antropol\u00f3gicos, filos\u00f3ficos de la Gnosis, realizados por productoras internacionales<\/strong><\/h3>\n<!-- \/wp:paragraph -->\t\t\t\t\t\t<\/div>\n\t\t\t\t<\/div>\n\t\t\t\t\t<\/div>\n\t\t<\/div>\n\t\t\t\t\t\t\t<\/div>\n\t\t<\/section>\n\t\t\t\t<section class=\"elementor-section elementor-top-section elementor-element elementor-element-b90d58c elementor-section-boxed elementor-section-height-default elementor-section-height-default\" data-id=\"b90d58c\" data-element_type=\"section\">\n\t\t\t\t\t\t<div class=\"elementor-container elementor-column-gap-default\">\n\t\t\t\t\t<div class=\"elementor-column elementor-col-50 elementor-top-column elementor-element elementor-element-f9e4b7e\" data-id=\"f9e4b7e\" data-element_type=\"column\">\n\t\t\t<div class=\"elementor-widget-wrap elementor-element-populated\">\n\t\t\t\t\t\t\t\t<div class=\"elementor-element elementor-element-f9a7aac elementor-widget elementor-widget-video\" data-id=\"f9a7aac\" data-element_type=\"widget\" data-settings=\"{&quot;youtube_url&quot;:&quot;https:\\\/\\\/www.youtube.com\\\/watch?v=cJnbKbqppdQ&quot;,&quot;video_type&quot;:&quot;youtube&quot;,&quot;controls&quot;:&quot;yes&quot;}\" data-widget_type=\"video.default\">\n\t\t\t\t<div class=\"elementor-widget-container\">\n\t\t\t\t\t<div class=\"elementor-wrapper elementor-open-inline\">\n\t\t\t<div class=\"elementor-video\"><\/div>\t\t<\/div>\n\t\t\t\t<\/div>\n\t\t\t\t<\/div>\n\t\t\t\t\t<\/div>\n\t\t<\/div>\n\t\t\t\t<div class=\"elementor-column elementor-col-50 elementor-top-column elementor-element elementor-element-2494145\" data-id=\"2494145\" data-element_type=\"column\">\n\t\t\t<div class=\"elementor-widget-wrap elementor-element-populated\">\n\t\t\t\t\t\t\t\t<div class=\"elementor-element elementor-element-a190b4f elementor-widget elementor-widget-video\" data-id=\"a190b4f\" data-element_type=\"widget\" data-settings=\"{&quot;video_type&quot;:&quot;vimeo&quot;}\" data-widget_type=\"video.default\">\n\t\t\t\t<div class=\"elementor-widget-container\">\n\t\t\t\t\t<div class=\"elementor-wrapper elementor-open-inline\">\n\t\t\t<iframe class=\"elementor-video-iframe\" allowfullscreen title=\"Reproductor de v\u00eddeo vimeo\" src=\"https:\/\/player.vimeo.com\/video\/416131539?color&amp;autopause=0&amp;loop=0&amp;muted=0&amp;title=1&amp;portrait=1&amp;byline=1#t=\"><\/iframe>\t\t<\/div>\n\t\t\t\t<\/div>\n\t\t\t\t<\/div>\n\t\t\t\t\t<\/div>\n\t\t<\/div>\n\t\t\t\t\t\t\t<\/div>\n\t\t<\/section>\n\t\t\t\t<section class=\"elementor-section elementor-top-section elementor-element elementor-element-4bee3d2 elementor-section-boxed elementor-section-height-default elementor-section-height-default\" data-id=\"4bee3d2\" data-element_type=\"section\">\n\t\t\t\t\t\t<div class=\"elementor-container elementor-column-gap-default\">\n\t\t\t\t\t<div class=\"elementor-column elementor-col-50 elementor-top-column elementor-element elementor-element-3be2a5a\" data-id=\"3be2a5a\" data-element_type=\"column\">\n\t\t\t<div class=\"elementor-widget-wrap elementor-element-populated\">\n\t\t\t\t\t\t\t\t<div class=\"elementor-element elementor-element-392fdb2 elementor-widget elementor-widget-video\" data-id=\"392fdb2\" data-element_type=\"widget\" data-settings=\"{&quot;video_type&quot;:&quot;vimeo&quot;}\" data-widget_type=\"video.default\">\n\t\t\t\t<div class=\"elementor-widget-container\">\n\t\t\t\t\t<div class=\"elementor-wrapper elementor-open-inline\">\n\t\t\t<iframe class=\"elementor-video-iframe\" allowfullscreen title=\"Reproductor de v\u00eddeo vimeo\" src=\"https:\/\/player.vimeo.com\/video\/416094748?color&amp;autopause=0&amp;loop=0&amp;muted=0&amp;title=1&amp;portrait=1&amp;byline=1#t=\"><\/iframe>\t\t<\/div>\n\t\t\t\t<\/div>\n\t\t\t\t<\/div>\n\t\t\t\t\t<\/div>\n\t\t<\/div>\n\t\t\t\t<div class=\"elementor-column elementor-col-50 elementor-top-column elementor-element elementor-element-e707059\" data-id=\"e707059\" data-element_type=\"column\">\n\t\t\t<div class=\"elementor-widget-wrap elementor-element-populated\">\n\t\t\t\t\t\t\t\t<div class=\"elementor-element elementor-element-6d8d383 elementor-widget elementor-widget-video\" data-id=\"6d8d383\" data-element_type=\"widget\" data-settings=\"{&quot;video_type&quot;:&quot;vimeo&quot;}\" data-widget_type=\"video.default\">\n\t\t\t\t<div class=\"elementor-widget-container\">\n\t\t\t\t\t<div class=\"elementor-wrapper elementor-open-inline\">\n\t\t\t<iframe class=\"elementor-video-iframe\" allowfullscreen title=\"Reproductor de v\u00eddeo vimeo\" src=\"https:\/\/player.vimeo.com\/video\/368148307?color&amp;autopause=0&amp;loop=0&amp;muted=0&amp;title=1&amp;portrait=1&amp;byline=1#t=\"><\/iframe>\t\t<\/div>\n\t\t\t\t<\/div>\n\t\t\t\t<\/div>\n\t\t\t\t\t<\/div>\n\t\t<\/div>\n\t\t\t\t\t\t\t<\/div>\n\t\t<\/section>\n\t\t\t\t<section class=\"elementor-section elementor-top-section elementor-element elementor-element-7da7ece elementor-section-boxed elementor-section-height-default elementor-section-height-default\" data-id=\"7da7ece\" data-element_type=\"section\">\n\t\t\t\t\t\t<div class=\"elementor-container elementor-column-gap-default\">\n\t\t\t\t\t<div class=\"elementor-column elementor-col-100 elementor-top-column elementor-element elementor-element-42fb0fd\" data-id=\"42fb0fd\" data-element_type=\"column\">\n\t\t\t<div class=\"elementor-widget-wrap elementor-element-populated\">\n\t\t\t\t\t\t\t\t<div class=\"elementor-element elementor-element-6ffddca elementor-align-center elementor-widget elementor-widget-button\" data-id=\"6ffddca\" data-element_type=\"widget\" data-widget_type=\"button.default\">\n\t\t\t\t<div class=\"elementor-widget-container\">\n\t\t\t\t\t<div class=\"elementor-button-wrapper\">\n\t\t\t<a class=\"elementor-button elementor-button-link elementor-size-md\" href=\"https:\/\/old.gnosis.is\/es\/curso\/\" target=\"_blank\">\n\t\t\t\t\t\t<span class=\"elementor-button-content-wrapper\">\n\t\t\t\t\t\t<span class=\"elementor-button-text\">Inscribirme en el Curso Gratuito<\/span>\n\t\t<\/span>\n\t\t\t\t\t<\/a>\n\t\t<\/div>\n\t\t\t\t<\/div>\n\t\t\t\t<\/div>\n\t\t\t\t\t<\/div>\n\t\t<\/div>\n\t\t\t\t\t\t\t<\/div>\n\t\t<\/section>\n\t\t\t\t<section class=\"elementor-section elementor-top-section elementor-element elementor-element-ae3cb75 elementor-section-boxed elementor-section-height-default elementor-section-height-default\" data-id=\"ae3cb75\" data-element_type=\"section\">\n\t\t\t\t\t\t<div class=\"elementor-container elementor-column-gap-default\">\n\t\t\t\t\t<div class=\"elementor-column elementor-col-100 elementor-top-column elementor-element elementor-element-dbd8be3\" data-id=\"dbd8be3\" data-element_type=\"column\">\n\t\t\t<div class=\"elementor-widget-wrap elementor-element-populated\">\n\t\t\t\t\t\t\t\t<div class=\"elementor-element elementor-element-d3bb014 elementor-widget elementor-widget-spacer\" data-id=\"d3bb014\" data-element_type=\"widget\" data-widget_type=\"spacer.default\">\n\t\t\t\t<div class=\"elementor-widget-container\">\n\t\t\t\t\t<div class=\"elementor-spacer\">\n\t\t\t<div class=\"elementor-spacer-inner\"><\/div>\n\t\t<\/div>\n\t\t\t\t<\/div>\n\t\t\t\t<\/div>\n\t\t\t\t\t<\/div>\n\t\t<\/div>\n\t\t\t\t\t\t\t<\/div>\n\t\t<\/section>\n\t\t\t\t\t\t\t<\/div>\n\t\t","protected":false},"excerpt":{"rendered":"<p>Documentales que expresan los or\u00edgenes hist\u00f3ricos, antropol\u00f3gicos, filos\u00f3ficos de la Gnosis, realizados por productoras internacionales Inscribirme en el Curso Gratuito<\/p>\n","protected":false},"author":26,"featured_media":1124,"parent":0,"menu_order":0,"comment_status":"closed","ping_status":"closed","template":"","meta":{"footnotes":"","_joinchat":[]},"yoast_head":"<!-- This site is optimized with the Yoast SEO plugin v23.5 - https:\/\/yoast.com\/wordpress\/plugins\/seo\/ -->\n<title>Documentales &#8211; Cultura Gn\u00f3stica Espa\u00f1ol<\/title>\n<meta name=\"robots\" content=\"noindex, follow, max-snippet:-1, max-image-preview:large, max-video-preview:-1\" \/>\n<meta property=\"og:locale\" content=\"es_ES\" \/>\n<meta property=\"og:type\" content=\"article\" \/>\n<meta property=\"og:title\" content=\"Documentales &#8211; Cultura Gn\u00f3stica Espa\u00f1ol\" \/>\n<meta property=\"og:description\" content=\"Documentales que expresan los or\u00edgenes hist\u00f3ricos, antropol\u00f3gicos, filos\u00f3ficos de la Gnosis, realizados por productoras internacionales Inscribirme en el Curso Gratuito\" \/>\n<meta property=\"og:url\" content=\"https:\/\/old.gnosis.is\/es\/documentales\/\" \/>\n<meta property=\"og:site_name\" content=\"Cultura Gn\u00f3stica Espa\u00f1ol\" \/>\n<meta property=\"article:publisher\" content=\"https:\/\/www.facebook.com\/Gnosis.ES\/\" \/>\n<meta property=\"article:modified_time\" content=\"2023-08-19T17:19:59+00:00\" \/>\n<meta property=\"og:image\" content=\"https:\/\/old.gnosis.is\/es\/wp-content\/uploads\/sites\/8\/2019\/08\/991ab173-f0d0-4490-8406-5de9876a79ca.jpg\" \/>\n\t<meta property=\"og:image:width\" content=\"1280\" \/>\n\t<meta property=\"og:image:height\" content=\"1280\" \/>\n\t<meta property=\"og:image:type\" content=\"image\/jpeg\" \/>\n<meta name=\"twitter:card\" content=\"summary_large_image\" \/>\n<meta name=\"twitter:site\" content=\"@gnosisinter\" \/>\n<meta name=\"twitter:label1\" content=\"Tiempo de lectura\" \/>\n\t<meta name=\"twitter:data1\" content=\"1 minuto\" \/>\n<script type=\"application\/ld+json\" class=\"yoast-schema-graph\">{\"@context\":\"https:\/\/schema.org\",\"@graph\":[{\"@type\":\"WebPage\",\"@id\":\"https:\/\/old.gnosis.is\/es\/documentales\/\",\"url\":\"https:\/\/old.gnosis.is\/es\/documentales\/\",\"name\":\"Documentales &#8211; Cultura Gn\u00f3stica Espa\u00f1ol\",\"isPartOf\":{\"@id\":\"https:\/\/old.gnosis.is\/es\/#website\"},\"primaryImageOfPage\":{\"@id\":\"https:\/\/old.gnosis.is\/es\/documentales\/#primaryimage\"},\"image\":{\"@id\":\"https:\/\/old.gnosis.is\/es\/documentales\/#primaryimage\"},\"thumbnailUrl\":\"https:\/\/old.gnosis.is\/es\/wp-content\/uploads\/sites\/8\/2019\/08\/991ab173-f0d0-4490-8406-5de9876a79ca.jpg\",\"datePublished\":\"2019-08-11T05:10:28+00:00\",\"dateModified\":\"2023-08-19T17:19:59+00:00\",\"breadcrumb\":{\"@id\":\"https:\/\/old.gnosis.is\/es\/documentales\/#breadcrumb\"},\"inLanguage\":\"es\",\"potentialAction\":[{\"@type\":\"ReadAction\",\"target\":[\"https:\/\/old.gnosis.is\/es\/documentales\/\"]}]},{\"@type\":\"ImageObject\",\"inLanguage\":\"es\",\"@id\":\"https:\/\/old.gnosis.is\/es\/documentales\/#primaryimage\",\"url\":\"https:\/\/old.gnosis.is\/es\/wp-content\/uploads\/sites\/8\/2019\/08\/991ab173-f0d0-4490-8406-5de9876a79ca.jpg\",\"contentUrl\":\"https:\/\/old.gnosis.is\/es\/wp-content\/uploads\/sites\/8\/2019\/08\/991ab173-f0d0-4490-8406-5de9876a79ca.jpg\",\"width\":1280,\"height\":1280},{\"@type\":\"BreadcrumbList\",\"@id\":\"https:\/\/old.gnosis.is\/es\/documentales\/#breadcrumb\",\"itemListElement\":[{\"@type\":\"ListItem\",\"position\":1,\"name\":\"Home\",\"item\":\"https:\/\/old.gnosis.is\/es\/\"},{\"@type\":\"ListItem\",\"position\":2,\"name\":\"Documentales\"}]},{\"@type\":\"WebSite\",\"@id\":\"https:\/\/old.gnosis.is\/es\/#website\",\"url\":\"https:\/\/old.gnosis.is\/es\/\",\"name\":\"Cultura Gn\u00f3stica Espa\u00f1ol\",\"description\":\"Valores humanos, conciencia, filosof\u00eda, psicolog\u00eda gn\u00f3stica.\",\"publisher\":{\"@id\":\"https:\/\/old.gnosis.is\/es\/#organization\"},\"potentialAction\":[{\"@type\":\"SearchAction\",\"target\":{\"@type\":\"EntryPoint\",\"urlTemplate\":\"https:\/\/old.gnosis.is\/es\/?s={search_term_string}\"},\"query-input\":{\"@type\":\"PropertyValueSpecification\",\"valueRequired\":true,\"valueName\":\"search_term_string\"}}],\"inLanguage\":\"es\"},{\"@type\":\"Organization\",\"@id\":\"https:\/\/old.gnosis.is\/es\/#organization\",\"name\":\"Cultura Gn\u00f3stica\",\"url\":\"https:\/\/old.gnosis.is\/es\/\",\"logo\":{\"@type\":\"ImageObject\",\"inLanguage\":\"es\",\"@id\":\"https:\/\/old.gnosis.is\/es\/#\/schema\/logo\/image\/\",\"url\":\"https:\/\/old.gnosis.is\/es\/wp-content\/uploads\/sites\/8\/2019\/07\/logoNuevo300.png\",\"contentUrl\":\"https:\/\/old.gnosis.is\/es\/wp-content\/uploads\/sites\/8\/2019\/07\/logoNuevo300.png\",\"width\":300,\"height\":306,\"caption\":\"Cultura Gn\u00f3stica\"},\"image\":{\"@id\":\"https:\/\/old.gnosis.is\/es\/#\/schema\/logo\/image\/\"},\"sameAs\":[\"https:\/\/www.facebook.com\/Gnosis.ES\/\",\"https:\/\/x.com\/gnosisinter\",\"https:\/\/www.instagram.com\/gnosisinter\/\",\"https:\/\/www.youtube.com\/channel\/UCu7CGV0APUr8uXC9dzb9FKQ?sub_confirmation=1\"]}]}<\/script>\n<!-- \/ Yoast SEO plugin. -->","yoast_head_json":{"title":"Documentales &#8211; Cultura Gn\u00f3stica Espa\u00f1ol","robots":{"index":"noindex","follow":"follow","max-snippet":"max-snippet:-1","max-image-preview":"max-image-preview:large","max-video-preview":"max-video-preview:-1"},"og_locale":"es_ES","og_type":"article","og_title":"Documentales &#8211; Cultura Gn\u00f3stica Espa\u00f1ol","og_description":"Documentales que expresan los or\u00edgenes hist\u00f3ricos, antropol\u00f3gicos, filos\u00f3ficos de la Gnosis, realizados por productoras internacionales Inscribirme en el Curso Gratuito","og_url":"https:\/\/old.gnosis.is\/es\/documentales\/","og_site_name":"Cultura Gn\u00f3stica Espa\u00f1ol","article_publisher":"https:\/\/www.facebook.com\/Gnosis.ES\/","article_modified_time":"2023-08-19T17:19:59+00:00","og_image":[{"width":1280,"height":1280,"url":"https:\/\/old.gnosis.is\/es\/wp-content\/uploads\/sites\/8\/2019\/08\/991ab173-f0d0-4490-8406-5de9876a79ca.jpg","type":"image\/jpeg"}],"twitter_card":"summary_large_image","twitter_site":"@gnosisinter","twitter_misc":{"Tiempo de lectura":"1 minuto"},"schema":{"@context":"https:\/\/schema.org","@graph":[{"@type":"WebPage","@id":"https:\/\/old.gnosis.is\/es\/documentales\/","url":"https:\/\/old.gnosis.is\/es\/documentales\/","name":"Documentales &#8211; Cultura Gn\u00f3stica Espa\u00f1ol","isPartOf":{"@id":"https:\/\/old.gnosis.is\/es\/#website"},"primaryImageOfPage":{"@id":"https:\/\/old.gnosis.is\/es\/documentales\/#primaryimage"},"image":{"@id":"https:\/\/old.gnosis.is\/es\/documentales\/#primaryimage"},"thumbnailUrl":"https:\/\/old.gnosis.is\/es\/wp-content\/uploads\/sites\/8\/2019\/08\/991ab173-f0d0-4490-8406-5de9876a79ca.jpg","datePublished":"2019-08-11T05:10:28+00:00","dateModified":"2023-08-19T17:19:59+00:00","breadcrumb":{"@id":"https:\/\/old.gnosis.is\/es\/documentales\/#breadcrumb"},"inLanguage":"es","potentialAction":[{"@type":"ReadAction","target":["https:\/\/old.gnosis.is\/es\/documentales\/"]}]},{"@type":"ImageObject","inLanguage":"es","@id":"https:\/\/old.gnosis.is\/es\/documentales\/#primaryimage","url":"https:\/\/old.gnosis.is\/es\/wp-content\/uploads\/sites\/8\/2019\/08\/991ab173-f0d0-4490-8406-5de9876a79ca.jpg","contentUrl":"https:\/\/old.gnosis.is\/es\/wp-content\/uploads\/sites\/8\/2019\/08\/991ab173-f0d0-4490-8406-5de9876a79ca.jpg","width":1280,"height":1280},{"@type":"BreadcrumbList","@id":"https:\/\/old.gnosis.is\/es\/documentales\/#breadcrumb","itemListElement":[{"@type":"ListItem","position":1,"name":"Home","item":"https:\/\/old.gnosis.is\/es\/"},{"@type":"ListItem","position":2,"name":"Documentales"}]},{"@type":"WebSite","@id":"https:\/\/old.gnosis.is\/es\/#website","url":"https:\/\/old.gnosis.is\/es\/","name":"Cultura Gn\u00f3stica Espa\u00f1ol","description":"Valores humanos, conciencia, filosof\u00eda, psicolog\u00eda gn\u00f3stica.","publisher":{"@id":"https:\/\/old.gnosis.is\/es\/#organization"},"potentialAction":[{"@type":"SearchAction","target":{"@type":"EntryPoint","urlTemplate":"https:\/\/old.gnosis.is\/es\/?s={search_term_string}"},"query-input":{"@type":"PropertyValueSpecification","valueRequired":true,"valueName":"search_term_string"}}],"inLanguage":"es"},{"@type":"Organization","@id":"https:\/\/old.gnosis.is\/es\/#organization","name":"Cultura Gn\u00f3stica","url":"https:\/\/old.gnosis.is\/es\/","logo":{"@type":"ImageObject","inLanguage":"es","@id":"https:\/\/old.gnosis.is\/es\/#\/schema\/logo\/image\/","url":"https:\/\/old.gnosis.is\/es\/wp-content\/uploads\/sites\/8\/2019\/07\/logoNuevo300.png","contentUrl":"https:\/\/old.gnosis.is\/es\/wp-content\/uploads\/sites\/8\/2019\/07\/logoNuevo300.png","width":300,"height":306,"caption":"Cultura Gn\u00f3stica"},"image":{"@id":"https:\/\/old.gnosis.is\/es\/#\/schema\/logo\/image\/"},"sameAs":["https:\/\/www.facebook.com\/Gnosis.ES\/","https:\/\/x.com\/gnosisinter","https:\/\/www.instagram.com\/gnosisinter\/","https:\/\/www.youtube.com\/channel\/UCu7CGV0APUr8uXC9dzb9FKQ?sub_confirmation=1"]}]}},"_links":{"self":[{"href":"https:\/\/old.gnosis.is\/es\/wp-json\/wp\/v2\/pages\/871"}],"collection":[{"href":"https:\/\/old.gnosis.is\/es\/wp-json\/wp\/v2\/pages"}],"about":[{"href":"https:\/\/old.gnosis.is\/es\/wp-json\/wp\/v2\/types\/page"}],"author":[{"embeddable":true,"href":"https:\/\/old.gnosis.is\/es\/wp-json\/wp\/v2\/users\/26"}],"replies":[{"embeddable":true,"href":"https:\/\/old.gnosis.is\/es\/wp-json\/wp\/v2\/comments?post=871"}],"version-history":[{"count":29,"href":"https:\/\/old.gnosis.is\/es\/wp-json\/wp\/v2\/pages\/871\/revisions"}],"predecessor-version":[{"id":11161,"href":"https:\/\/old.gnosis.is\/es\/wp-json\/wp\/v2\/pages\/871\/revisions\/11161"}],"wp:featuredmedia":[{"embeddable":true,"href":"https:\/\/old.gnosis.is\/es\/wp-json\/wp\/v2\/media\/1124"}],"wp:attachment":[{"href":"https:\/\/old.gnosis.is\/es\/wp-json\/wp\/v2\/media?parent=871"}],"curies":[{"name":"wp","href":"https:\/\/api.w.org\/{rel}","templated":true}]}}