{"id":396,"date":"2019-06-24T16:35:43","date_gmt":"2019-06-24T16:35:43","guid":{"rendered":"https:\/\/gnosis.is\/fr\/?page_id=396"},"modified":"2023-10-13T23:35:48","modified_gmt":"2023-10-13T22:35:48","slug":"nous","status":"publish","type":"page","link":"https:\/\/old.gnosis.is\/fr\/nous\/","title":{"rendered":"Nous"},"content":{"rendered":"\t\t<div data-elementor-type=\"wp-post\" data-elementor-id=\"396\" class=\"elementor elementor-396\">\n\t\t\t\t\t\t\t\t\t<section class=\"elementor-section elementor-top-section elementor-element elementor-element-5b515e0 elementor-section-boxed elementor-section-height-default elementor-section-height-default\" data-id=\"5b515e0\" data-element_type=\"section\" data-settings=\"{&quot;background_background&quot;:&quot;classic&quot;}\">\n\t\t\t\t\t\t\t<div class=\"elementor-background-overlay\"><\/div>\n\t\t\t\t\t\t\t<div class=\"elementor-container elementor-column-gap-default\">\n\t\t\t\t\t<div class=\"elementor-column elementor-col-100 elementor-top-column elementor-element elementor-element-2cd17ed\" data-id=\"2cd17ed\" data-element_type=\"column\">\n\t\t\t<div class=\"elementor-widget-wrap elementor-element-populated\">\n\t\t\t\t\t\t\t\t<div class=\"elementor-element elementor-element-43ebc86 elementor-widget elementor-widget-heading\" data-id=\"43ebc86\" data-element_type=\"widget\" data-widget_type=\"heading.default\">\n\t\t\t\t<div class=\"elementor-widget-container\">\n\t\t\t<div class=\"elementor-heading-title elementor-size-default\">QUI SOMMES-NOUS?<\/div>\t\t<\/div>\n\t\t\t\t<\/div>\n\t\t\t\t\t<\/div>\n\t\t<\/div>\n\t\t\t\t\t\t\t<\/div>\n\t\t<\/section>\n\t\t\t\t<section class=\"elementor-section elementor-top-section elementor-element elementor-element-135ad5a1 elementor-section-content-middle elementor-section-boxed elementor-section-height-default elementor-section-height-default\" data-id=\"135ad5a1\" data-element_type=\"section\">\n\t\t\t\t\t\t<div class=\"elementor-container elementor-column-gap-default\">\n\t\t\t\t\t<div class=\"elementor-column elementor-col-100 elementor-top-column elementor-element elementor-element-41d09681\" data-id=\"41d09681\" data-element_type=\"column\">\n\t\t\t<div class=\"elementor-widget-wrap elementor-element-populated\">\n\t\t\t\t\t\t\t\t<div class=\"elementor-element elementor-element-46e7946f elementor-widget elementor-widget-text-editor\" data-id=\"46e7946f\" data-element_type=\"widget\" data-widget_type=\"text-editor.default\">\n\t\t\t\t<div class=\"elementor-widget-container\">\n\t\t\t\t\t\t\t<p><b><img fetchpriority=\"high\" decoding=\"async\" class=\"wp-image-531 alignright\" src=\"https:\/\/old.gnosis.is\/fr\/wp-content\/uploads\/2019\/07\/d001490e-8dc0-4cfd-b599-b949f0f71343.jpg\" alt=\"\" width=\"505\" height=\"335\" srcset=\"https:\/\/old.gnosis.is\/fr\/wp-content\/uploads\/sites\/12\/2019\/07\/d001490e-8dc0-4cfd-b599-b949f0f71343.jpg 1280w, https:\/\/old.gnosis.is\/fr\/wp-content\/uploads\/sites\/12\/2019\/07\/d001490e-8dc0-4cfd-b599-b949f0f71343-300x199.jpg 300w, https:\/\/old.gnosis.is\/fr\/wp-content\/uploads\/sites\/12\/2019\/07\/d001490e-8dc0-4cfd-b599-b949f0f71343-768x511.jpg 768w, https:\/\/old.gnosis.is\/fr\/wp-content\/uploads\/sites\/12\/2019\/07\/d001490e-8dc0-4cfd-b599-b949f0f71343-1024x681.jpg 1024w, https:\/\/old.gnosis.is\/fr\/wp-content\/uploads\/sites\/12\/2019\/07\/d001490e-8dc0-4cfd-b599-b949f0f71343-220x146.jpg 220w, https:\/\/old.gnosis.is\/fr\/wp-content\/uploads\/sites\/12\/2019\/07\/d001490e-8dc0-4cfd-b599-b949f0f71343-50x33.jpg 50w, https:\/\/old.gnosis.is\/fr\/wp-content\/uploads\/sites\/12\/2019\/07\/d001490e-8dc0-4cfd-b599-b949f0f71343-113x75.jpg 113w\" sizes=\"(max-width:767px) 480px, 505px\" \/><\/b><\/p><p>La <strong>Culture Gnostique<\/strong> est une Philosophie de la vie directement extraite de l\u2019enseignement des Sages que l&#8217;humanit\u00e9 a connu tout au long de son histoire.<\/p><p>Int\u00e9gr\u00e9e en tant que f\u00e9d\u00e9ration dans plus de trente pays, nous travaillons intens\u00e9ment \u00e0 la pr\u00e9servation de la vie par l\u2019interm\u00e9diaire de nos ONG : ICU (Institut de la Charit\u00e9 universelle) et parall\u00e8lement nous travaillons ardemment afin de promouvoir le d\u00e9passement humain et spirituel des personnes qui se d\u00e9cident \u00e0 prendre en main leur existence, se remplir de grandeur int\u00e9rieure et aider l\u2019humanit\u00e9.<\/p><p>La Gnosis fait r\u00e9f\u00e9rence \u00e0 la &#8220;Connaissance&#8221;, une sagesse implicite de l&#8217;univers d\u00e9couverte par les philosophes, math\u00e9maticiens, scientifiques, m\u00e9decins, etc tout au long de l&#8217;histoire de l&#8217;humanit\u00e9.<\/p><p>La culture gnostique invite l\u2019\u00eatre humain \u00e0 vivre avec sagesse, \u00e0 donner un sens \u00e0 l\u2019existence, \u00e0 faire du voyage \u00e0 travers ce monde une r\u00e9alit\u00e9 \u00e9ternelle au-del\u00e0 de la mort.<\/p><p>Cette institution fonde ses enseignements sur les plus grands philosophes de tous les temps, tels que J\u00e9sus de Nazareth, Budha, Socrates, Krishnamurti, Lao Tzeu, Muhammad, Blavatsky, Confucius, Mahatma Gandhi, Thal\u00e8s de Miletus et une grande liste d&#8217;\u00e9rudits d\u2019origines lointaines.<\/p><p>Dans tous les cas, ces ma\u00eetres de l\u2019humanit\u00e9 ont enseign\u00e9 l\u2019amour et la justice, la paix et le pardon. Ils ont enseign\u00e9 \u00e0 vivre avec dignit\u00e9 et respect pour toutes les cr\u00e9atures de la nature. Ils ont enseign\u00e9 la d\u00e9couverte de soi pour fonder notre voyage \u00e0 travers la vie. Ils ont enseign\u00e9 qu\u2019il existe quelque chose qui s\u2019appelle la conscience, de sorte que chaque individu peut mesurer ses actes sans craindre pour cela de violer une loi universelle. Sous les pr\u00e9ceptes de l\u2019amour et de la justice, ils ont enseign\u00e9 la libert\u00e9 dans l\u2019action, l\u2019\u00e9motion et la pens\u00e9e, pour parvenir \u00e0 une vie pleine et digne d\u2019elle-m\u00eame.<\/p><p>Gr\u00e2ce aux paroles de ces hommes sages, capables de changer notre vie sous de nombreux aspects, nous nous sentons reconnaissants et \u00e9prouvons le besoin d\u2019\u00eatre les porte-parole de cette lumi\u00e8re que nous souhaitons partager avec ceux qui veulent la recevoir.<\/p><p>Cher lecteur, nous vous disons au revoir, et vous souhaitons une vie bien remplie.<\/p><p><b>\u00a0<\/b><\/p>\t\t\t\t\t\t<\/div>\n\t\t\t\t<\/div>\n\t\t\t\t\t<\/div>\n\t\t<\/div>\n\t\t\t\t\t\t\t<\/div>\n\t\t<\/section>\n\t\t\t\t\t\t\t<\/div>\n\t\t","protected":false},"excerpt":{"rendered":"<p>QUI SOMMES-NOUS? La Culture Gnostique est une Philosophie de la vie directement extraite de l\u2019enseignement des Sages que l&#8217;humanit\u00e9 a connu tout au long de son<span class=\"excerpt-hellip\"> [\u2026]<\/span><\/p>\n","protected":false},"author":1,"featured_media":0,"parent":0,"menu_order":0,"comment_status":"closed","ping_status":"closed","template":"","meta":{"footnotes":"","_joinchat":[]},"yoast_head":"<!-- This site is optimized with the Yoast SEO plugin v23.5 - https:\/\/yoast.com\/wordpress\/plugins\/seo\/ -->\n<title>Nous - Culture Gnostique<\/title>\n<meta name=\"robots\" content=\"noindex, follow, max-snippet:-1, max-image-preview:large, max-video-preview:-1\" \/>\n<meta property=\"og:locale\" content=\"en_US\" \/>\n<meta property=\"og:type\" content=\"article\" \/>\n<meta property=\"og:title\" content=\"Nous - Culture Gnostique\" \/>\n<meta property=\"og:description\" content=\"QUI SOMMES-NOUS? La Culture Gnostique est une Philosophie de la vie directement extraite de l\u2019enseignement des Sages que l&#8217;humanit\u00e9 a connu tout au long de son [\u2026]\" \/>\n<meta property=\"og:url\" content=\"https:\/\/old.gnosis.is\/fr\/nous\/\" \/>\n<meta property=\"og:site_name\" content=\"Culture Gnostique\" \/>\n<meta property=\"article:modified_time\" content=\"2023-10-13T22:35:48+00:00\" \/>\n<meta property=\"og:image\" content=\"https:\/\/old.gnosis.is\/fr\/wp-content\/uploads\/2019\/07\/d001490e-8dc0-4cfd-b599-b949f0f71343.jpg\" \/>\n<meta name=\"twitter:card\" content=\"summary_large_image\" \/>\n<meta name=\"twitter:label1\" content=\"Est. reading time\" \/>\n\t<meta name=\"twitter:data1\" content=\"2 minutes\" \/>\n<script type=\"application\/ld+json\" class=\"yoast-schema-graph\">{\"@context\":\"https:\/\/schema.org\",\"@graph\":[{\"@type\":\"WebPage\",\"@id\":\"https:\/\/old.gnosis.is\/fr\/nous\/\",\"url\":\"https:\/\/old.gnosis.is\/fr\/nous\/\",\"name\":\"Nous - Culture Gnostique\",\"isPartOf\":{\"@id\":\"https:\/\/old.gnosis.is\/fr\/#website\"},\"primaryImageOfPage\":{\"@id\":\"https:\/\/old.gnosis.is\/fr\/nous\/#primaryimage\"},\"image\":{\"@id\":\"https:\/\/old.gnosis.is\/fr\/nous\/#primaryimage\"},\"thumbnailUrl\":\"https:\/\/old.gnosis.is\/fr\/wp-content\/uploads\/2019\/07\/d001490e-8dc0-4cfd-b599-b949f0f71343.jpg\",\"datePublished\":\"2019-06-24T16:35:43+00:00\",\"dateModified\":\"2023-10-13T22:35:48+00:00\",\"breadcrumb\":{\"@id\":\"https:\/\/old.gnosis.is\/fr\/nous\/#breadcrumb\"},\"inLanguage\":\"en-US\",\"potentialAction\":[{\"@type\":\"ReadAction\",\"target\":[\"https:\/\/old.gnosis.is\/fr\/nous\/\"]}]},{\"@type\":\"ImageObject\",\"inLanguage\":\"en-US\",\"@id\":\"https:\/\/old.gnosis.is\/fr\/nous\/#primaryimage\",\"url\":\"https:\/\/old.gnosis.is\/fr\/wp-content\/uploads\/2019\/07\/d001490e-8dc0-4cfd-b599-b949f0f71343.jpg\",\"contentUrl\":\"https:\/\/old.gnosis.is\/fr\/wp-content\/uploads\/2019\/07\/d001490e-8dc0-4cfd-b599-b949f0f71343.jpg\"},{\"@type\":\"BreadcrumbList\",\"@id\":\"https:\/\/old.gnosis.is\/fr\/nous\/#breadcrumb\",\"itemListElement\":[{\"@type\":\"ListItem\",\"position\":1,\"name\":\"Home\",\"item\":\"https:\/\/old.gnosis.is\/fr\/\"},{\"@type\":\"ListItem\",\"position\":2,\"name\":\"Nous\"}]},{\"@type\":\"WebSite\",\"@id\":\"https:\/\/old.gnosis.is\/fr\/#website\",\"url\":\"https:\/\/old.gnosis.is\/fr\/\",\"name\":\"Culture Gnostique\",\"description\":\"Human values, conscience, philosophy, Gnostic Psychology\",\"potentialAction\":[{\"@type\":\"SearchAction\",\"target\":{\"@type\":\"EntryPoint\",\"urlTemplate\":\"https:\/\/old.gnosis.is\/fr\/?s={search_term_string}\"},\"query-input\":{\"@type\":\"PropertyValueSpecification\",\"valueRequired\":true,\"valueName\":\"search_term_string\"}}],\"inLanguage\":\"en-US\"}]}<\/script>\n<!-- \/ Yoast SEO plugin. -->","yoast_head_json":{"title":"Nous - Culture Gnostique","robots":{"index":"noindex","follow":"follow","max-snippet":"max-snippet:-1","max-image-preview":"max-image-preview:large","max-video-preview":"max-video-preview:-1"},"og_locale":"en_US","og_type":"article","og_title":"Nous - Culture Gnostique","og_description":"QUI SOMMES-NOUS? La Culture Gnostique est une Philosophie de la vie directement extraite de l\u2019enseignement des Sages que l&#8217;humanit\u00e9 a connu tout au long de son [\u2026]","og_url":"https:\/\/old.gnosis.is\/fr\/nous\/","og_site_name":"Culture Gnostique","article_modified_time":"2023-10-13T22:35:48+00:00","og_image":[{"url":"https:\/\/old.gnosis.is\/fr\/wp-content\/uploads\/2019\/07\/d001490e-8dc0-4cfd-b599-b949f0f71343.jpg"}],"twitter_card":"summary_large_image","twitter_misc":{"Est. reading time":"2 minutes"},"schema":{"@context":"https:\/\/schema.org","@graph":[{"@type":"WebPage","@id":"https:\/\/old.gnosis.is\/fr\/nous\/","url":"https:\/\/old.gnosis.is\/fr\/nous\/","name":"Nous - Culture Gnostique","isPartOf":{"@id":"https:\/\/old.gnosis.is\/fr\/#website"},"primaryImageOfPage":{"@id":"https:\/\/old.gnosis.is\/fr\/nous\/#primaryimage"},"image":{"@id":"https:\/\/old.gnosis.is\/fr\/nous\/#primaryimage"},"thumbnailUrl":"https:\/\/old.gnosis.is\/fr\/wp-content\/uploads\/2019\/07\/d001490e-8dc0-4cfd-b599-b949f0f71343.jpg","datePublished":"2019-06-24T16:35:43+00:00","dateModified":"2023-10-13T22:35:48+00:00","breadcrumb":{"@id":"https:\/\/old.gnosis.is\/fr\/nous\/#breadcrumb"},"inLanguage":"en-US","potentialAction":[{"@type":"ReadAction","target":["https:\/\/old.gnosis.is\/fr\/nous\/"]}]},{"@type":"ImageObject","inLanguage":"en-US","@id":"https:\/\/old.gnosis.is\/fr\/nous\/#primaryimage","url":"https:\/\/old.gnosis.is\/fr\/wp-content\/uploads\/2019\/07\/d001490e-8dc0-4cfd-b599-b949f0f71343.jpg","contentUrl":"https:\/\/old.gnosis.is\/fr\/wp-content\/uploads\/2019\/07\/d001490e-8dc0-4cfd-b599-b949f0f71343.jpg"},{"@type":"BreadcrumbList","@id":"https:\/\/old.gnosis.is\/fr\/nous\/#breadcrumb","itemListElement":[{"@type":"ListItem","position":1,"name":"Home","item":"https:\/\/old.gnosis.is\/fr\/"},{"@type":"ListItem","position":2,"name":"Nous"}]},{"@type":"WebSite","@id":"https:\/\/old.gnosis.is\/fr\/#website","url":"https:\/\/old.gnosis.is\/fr\/","name":"Culture Gnostique","description":"Human values, conscience, philosophy, Gnostic Psychology","potentialAction":[{"@type":"SearchAction","target":{"@type":"EntryPoint","urlTemplate":"https:\/\/old.gnosis.is\/fr\/?s={search_term_string}"},"query-input":{"@type":"PropertyValueSpecification","valueRequired":true,"valueName":"search_term_string"}}],"inLanguage":"en-US"}]}},"_links":{"self":[{"href":"https:\/\/old.gnosis.is\/fr\/wp-json\/wp\/v2\/pages\/396"}],"collection":[{"href":"https:\/\/old.gnosis.is\/fr\/wp-json\/wp\/v2\/pages"}],"about":[{"href":"https:\/\/old.gnosis.is\/fr\/wp-json\/wp\/v2\/types\/page"}],"author":[{"embeddable":true,"href":"https:\/\/old.gnosis.is\/fr\/wp-json\/wp\/v2\/users\/1"}],"replies":[{"embeddable":true,"href":"https:\/\/old.gnosis.is\/fr\/wp-json\/wp\/v2\/comments?post=396"}],"version-history":[{"count":16,"href":"https:\/\/old.gnosis.is\/fr\/wp-json\/wp\/v2\/pages\/396\/revisions"}],"predecessor-version":[{"id":2266,"href":"https:\/\/old.gnosis.is\/fr\/wp-json\/wp\/v2\/pages\/396\/revisions\/2266"}],"wp:attachment":[{"href":"https:\/\/old.gnosis.is\/fr\/wp-json\/wp\/v2\/media?parent=396"}],"curies":[{"name":"wp","href":"https:\/\/api.w.org\/{rel}","templated":true}]}}