{"id":506,"date":"2019-07-14T23:21:23","date_gmt":"2019-07-14T23:21:23","guid":{"rendered":"https:\/\/gnosis.is\/fr\/?page_id=506"},"modified":"2023-08-24T13:13:40","modified_gmt":"2023-08-24T12:13:40","slug":"monde","status":"publish","type":"page","link":"https:\/\/old.gnosis.is\/fr\/monde\/","title":{"rendered":"Monde"},"content":{"rendered":"\t\t<div data-elementor-type=\"wp-post\" data-elementor-id=\"506\" class=\"elementor elementor-506\">\n\t\t\t\t\t\t\t\t\t<section class=\"elementor-section elementor-top-section elementor-element elementor-element-5b515e0 elementor-section-boxed elementor-section-height-default elementor-section-height-default elementor-invisible\" data-id=\"5b515e0\" data-element_type=\"section\" data-settings=\"{&quot;background_background&quot;:&quot;classic&quot;,&quot;animation&quot;:&quot;fadeIn&quot;}\">\n\t\t\t\t\t\t\t<div class=\"elementor-background-overlay\"><\/div>\n\t\t\t\t\t\t\t<div class=\"elementor-container elementor-column-gap-default\">\n\t\t\t\t\t<div class=\"elementor-column elementor-col-100 elementor-top-column elementor-element elementor-element-2cd17ed\" data-id=\"2cd17ed\" data-element_type=\"column\">\n\t\t\t<div class=\"elementor-widget-wrap elementor-element-populated\">\n\t\t\t\t\t\t\t\t<div class=\"elementor-element elementor-element-43ebc86 elementor-widget elementor-widget-heading\" data-id=\"43ebc86\" data-element_type=\"widget\" data-widget_type=\"heading.default\">\n\t\t\t\t<div class=\"elementor-widget-container\">\n\t\t\t<div class=\"elementor-heading-title elementor-size-default\">MONDE<\/div>\t\t<\/div>\n\t\t\t\t<\/div>\n\t\t\t\t\t<\/div>\n\t\t<\/div>\n\t\t\t\t\t\t\t<\/div>\n\t\t<\/section>\n\t\t\t\t<section class=\"elementor-section elementor-top-section elementor-element elementor-element-135ad5a1 elementor-section-content-middle elementor-section-boxed elementor-section-height-default elementor-section-height-default\" data-id=\"135ad5a1\" data-element_type=\"section\">\n\t\t\t\t\t\t<div class=\"elementor-container elementor-column-gap-default\">\n\t\t\t\t\t<div class=\"elementor-column elementor-col-100 elementor-top-column elementor-element elementor-element-41d09681\" data-id=\"41d09681\" data-element_type=\"column\">\n\t\t\t<div class=\"elementor-widget-wrap elementor-element-populated\">\n\t\t\t\t\t\t\t\t<div class=\"elementor-element elementor-element-46e7946f elementor-widget elementor-widget-text-editor\" data-id=\"46e7946f\" data-element_type=\"widget\" data-widget_type=\"text-editor.default\">\n\t\t\t\t<div class=\"elementor-widget-container\">\n\t\t\t\t\t\t\t<p>La F\u00e9d\u00e9ration de la culture gnostique a des institutions dans plus de 30 pays. Qui \u00a0se d\u00e9clinent \u00e0 \u00a0leur tour\u00a0en 4 types d&#8217;institution inscrites dans <span style=\"text-decoration: line-through;\">tout<\/span> le monde entier :<\/p><p><img fetchpriority=\"high\" decoding=\"async\" class=\"wp-image-502 alignright\" src=\"https:\/\/old.gnosis.is\/fr\/wp-content\/uploads\/2019\/07\/world-1582347_1920.jpg\" alt=\"\" width=\"600\" height=\"513\" srcset=\"https:\/\/old.gnosis.is\/fr\/wp-content\/uploads\/sites\/12\/2019\/07\/world-1582347_1920.jpg 824w, https:\/\/old.gnosis.is\/fr\/wp-content\/uploads\/sites\/12\/2019\/07\/world-1582347_1920-300x257.jpg 300w, https:\/\/old.gnosis.is\/fr\/wp-content\/uploads\/sites\/12\/2019\/07\/world-1582347_1920-768x657.jpg 768w, https:\/\/old.gnosis.is\/fr\/wp-content\/uploads\/sites\/12\/2019\/07\/world-1582347_1920-171x146.jpg 171w, https:\/\/old.gnosis.is\/fr\/wp-content\/uploads\/sites\/12\/2019\/07\/world-1582347_1920-50x43.jpg 50w, https:\/\/old.gnosis.is\/fr\/wp-content\/uploads\/sites\/12\/2019\/07\/world-1582347_1920-88x75.jpg 88w\" sizes=\"(max-width:767px) 480px, 600px\" \/><\/p><p><strong>1 &#8211; L&#8217;Association d&#8217;\u00c9tudes Religieuses et Culturelles de la Culture Gnostique<\/strong> : Cette institution s&#8217;occupe fondamentalement du d\u00e9veloppement spirituel, et des \u00e9tudes philosophiques et culturelles pour la vie.<\/p><p>Objectif principal : <strong>Le d\u00e9veloppement spirituel.<\/strong><\/p><p><strong>2- AGEACAC<\/strong> : (Association Gnostique d&#8217;\u00c9tudes Anthropologiques et Culturelles). Cette institution se d\u00e9die \u00e0 la diffusion de principes philosophiques et culturels dans les \u00c9coles, les Acad\u00e9mies, les Maisons de la Culture, les Biblioth\u00e8ques, etc. En dictant des conf\u00e9rences et en donnant des cours d\u2019Auto-connaissance, de Psychologie, de Philosophie et de Culture Int\u00e9grale.<\/p><p>Objectif principal : <strong>L&#8217;\u00e9veil de la conscience sociale.<\/strong><\/p><p><strong>3 &#8211; ICU<\/strong>: (Institut de la Charit\u00e9 Universelle). L\u2019ICU se consacre \u00e0 la charit\u00e9 dans plus de 25 pays, sans distinction de race, de culture, de croyance religieuse ou politique. La culture gnostique consid\u00e8re qu\u2019il est fondamental pour la vie d\u2019une personne de r\u00e9aliser la charit\u00e9 en <span style=\"text-decoration: line-through;\">vertu <\/span>fonction de ses possibilit\u00e9s.<\/p><p>Objectif principal : <strong>La charit\u00e9 universelle.<\/strong><\/p><p>\u00a0<\/p><p><strong>La F\u00e9d\u00e9ration de la culture gnostique est en r\u00e9sum\u00e9 une invitation \u00e0 :<\/strong><\/p><p>1) D\u00e9velopper un progr\u00e8s spirituel.<br \/>2) D\u00e9velopper un progr\u00e8s psychologique et philosophique de la vie int\u00e9gr\u00e9 \u00e0 la vie en soci\u00e9t\u00e9.<br \/>3) Aidez les n\u00e9cessiteux.<br \/>4) Prot\u00e9ger la vie et jouir de la nature.<\/p><p>L\u2019un des points essentiels de cette Organisation est <span style=\"text-decoration: line-through;\">qu\u2019elle<\/span> <span style=\"text-decoration: line-through;\">fournit<\/span> de fournir une infrastructure internationale et une formation \u00e0 chaque individu souhaitant s\u2019associer \u00e0 cette initiative ; celui de g\u00e9n\u00e9rer un changement positif en soi et dans <span style=\"text-decoration: line-through;\">sa<\/span> la soci\u00e9t\u00e9.<br \/>Si vous souhaitez participer \u00e0 ces projets et g\u00e9n\u00e9rer un impact positif dans votre localit\u00e9, n&#8217;h\u00e9sitez pas \u00e0 cliquer sur ce bouton et \u00e0 nous contacter !<\/p><p>Bient\u00f4t, vous pourrez acc\u00e9der \u00e0 une carte du monde <span style=\"text-decoration: line-through;\">pour<\/span> qui vous permettra d\u2019acc\u00e9der aux adresses et aux informations de contact de ces institutions issues de la F\u00e9d\u00e9ration de la culture gnostique \u00e0 travers le monde.<br \/>Nous vous invitons \u00e0 participer activement \u00e0 l&#8217;\u00e9veil de la conscience sociale !!<\/p><p><em>F\u00e9d\u00e9ration de la culture gnostique.<\/em><\/p>\t\t\t\t\t\t<\/div>\n\t\t\t\t<\/div>\n\t\t\t\t\t<\/div>\n\t\t<\/div>\n\t\t\t\t\t\t\t<\/div>\n\t\t<\/section>\n\t\t\t\t\t\t\t<\/div>\n\t\t","protected":false},"excerpt":{"rendered":"<p>MONDE La F\u00e9d\u00e9ration de la culture gnostique a des institutions dans plus de 30 pays. Qui \u00a0se d\u00e9clinent \u00e0 \u00a0leur tour\u00a0en 4 types d&#8217;institution inscrites dans<span class=\"excerpt-hellip\"> [\u2026]<\/span><\/p>\n","protected":false},"author":1,"featured_media":0,"parent":0,"menu_order":0,"comment_status":"closed","ping_status":"closed","template":"","meta":{"footnotes":"","_joinchat":[]},"yoast_head":"<!-- This site is optimized with the Yoast SEO plugin v23.5 - https:\/\/yoast.com\/wordpress\/plugins\/seo\/ -->\n<title>Monde - Culture Gnostique<\/title>\n<meta name=\"robots\" content=\"noindex, follow, max-snippet:-1, max-image-preview:large, max-video-preview:-1\" \/>\n<meta property=\"og:locale\" content=\"en_US\" \/>\n<meta property=\"og:type\" content=\"article\" \/>\n<meta property=\"og:title\" content=\"Monde - Culture Gnostique\" \/>\n<meta property=\"og:description\" content=\"MONDE La F\u00e9d\u00e9ration de la culture gnostique a des institutions dans plus de 30 pays. Qui \u00a0se d\u00e9clinent \u00e0 \u00a0leur tour\u00a0en 4 types d&#8217;institution inscrites dans [\u2026]\" \/>\n<meta property=\"og:url\" content=\"https:\/\/old.gnosis.is\/fr\/monde\/\" \/>\n<meta property=\"og:site_name\" content=\"Culture Gnostique\" \/>\n<meta property=\"article:modified_time\" content=\"2023-08-24T12:13:40+00:00\" \/>\n<meta property=\"og:image\" content=\"https:\/\/old.gnosis.is\/fr\/wp-content\/uploads\/2019\/07\/world-1582347_1920.jpg\" \/>\n<meta name=\"twitter:card\" content=\"summary_large_image\" \/>\n<meta name=\"twitter:label1\" content=\"Est. reading time\" \/>\n\t<meta name=\"twitter:data1\" content=\"2 minutes\" \/>\n<script type=\"application\/ld+json\" class=\"yoast-schema-graph\">{\"@context\":\"https:\/\/schema.org\",\"@graph\":[{\"@type\":\"WebPage\",\"@id\":\"https:\/\/old.gnosis.is\/fr\/monde\/\",\"url\":\"https:\/\/old.gnosis.is\/fr\/monde\/\",\"name\":\"Monde - Culture Gnostique\",\"isPartOf\":{\"@id\":\"https:\/\/old.gnosis.is\/fr\/#website\"},\"primaryImageOfPage\":{\"@id\":\"https:\/\/old.gnosis.is\/fr\/monde\/#primaryimage\"},\"image\":{\"@id\":\"https:\/\/old.gnosis.is\/fr\/monde\/#primaryimage\"},\"thumbnailUrl\":\"https:\/\/old.gnosis.is\/fr\/wp-content\/uploads\/2019\/07\/world-1582347_1920.jpg\",\"datePublished\":\"2019-07-14T23:21:23+00:00\",\"dateModified\":\"2023-08-24T12:13:40+00:00\",\"breadcrumb\":{\"@id\":\"https:\/\/old.gnosis.is\/fr\/monde\/#breadcrumb\"},\"inLanguage\":\"en-US\",\"potentialAction\":[{\"@type\":\"ReadAction\",\"target\":[\"https:\/\/old.gnosis.is\/fr\/monde\/\"]}]},{\"@type\":\"ImageObject\",\"inLanguage\":\"en-US\",\"@id\":\"https:\/\/old.gnosis.is\/fr\/monde\/#primaryimage\",\"url\":\"https:\/\/old.gnosis.is\/fr\/wp-content\/uploads\/2019\/07\/world-1582347_1920.jpg\",\"contentUrl\":\"https:\/\/old.gnosis.is\/fr\/wp-content\/uploads\/2019\/07\/world-1582347_1920.jpg\"},{\"@type\":\"BreadcrumbList\",\"@id\":\"https:\/\/old.gnosis.is\/fr\/monde\/#breadcrumb\",\"itemListElement\":[{\"@type\":\"ListItem\",\"position\":1,\"name\":\"Home\",\"item\":\"https:\/\/old.gnosis.is\/fr\/\"},{\"@type\":\"ListItem\",\"position\":2,\"name\":\"Monde\"}]},{\"@type\":\"WebSite\",\"@id\":\"https:\/\/old.gnosis.is\/fr\/#website\",\"url\":\"https:\/\/old.gnosis.is\/fr\/\",\"name\":\"Culture Gnostique\",\"description\":\"Human values, conscience, philosophy, Gnostic Psychology\",\"potentialAction\":[{\"@type\":\"SearchAction\",\"target\":{\"@type\":\"EntryPoint\",\"urlTemplate\":\"https:\/\/old.gnosis.is\/fr\/?s={search_term_string}\"},\"query-input\":{\"@type\":\"PropertyValueSpecification\",\"valueRequired\":true,\"valueName\":\"search_term_string\"}}],\"inLanguage\":\"en-US\"}]}<\/script>\n<!-- \/ Yoast SEO plugin. -->","yoast_head_json":{"title":"Monde - Culture Gnostique","robots":{"index":"noindex","follow":"follow","max-snippet":"max-snippet:-1","max-image-preview":"max-image-preview:large","max-video-preview":"max-video-preview:-1"},"og_locale":"en_US","og_type":"article","og_title":"Monde - Culture Gnostique","og_description":"MONDE La F\u00e9d\u00e9ration de la culture gnostique a des institutions dans plus de 30 pays. Qui \u00a0se d\u00e9clinent \u00e0 \u00a0leur tour\u00a0en 4 types d&#8217;institution inscrites dans [\u2026]","og_url":"https:\/\/old.gnosis.is\/fr\/monde\/","og_site_name":"Culture Gnostique","article_modified_time":"2023-08-24T12:13:40+00:00","og_image":[{"url":"https:\/\/old.gnosis.is\/fr\/wp-content\/uploads\/2019\/07\/world-1582347_1920.jpg"}],"twitter_card":"summary_large_image","twitter_misc":{"Est. reading time":"2 minutes"},"schema":{"@context":"https:\/\/schema.org","@graph":[{"@type":"WebPage","@id":"https:\/\/old.gnosis.is\/fr\/monde\/","url":"https:\/\/old.gnosis.is\/fr\/monde\/","name":"Monde - Culture Gnostique","isPartOf":{"@id":"https:\/\/old.gnosis.is\/fr\/#website"},"primaryImageOfPage":{"@id":"https:\/\/old.gnosis.is\/fr\/monde\/#primaryimage"},"image":{"@id":"https:\/\/old.gnosis.is\/fr\/monde\/#primaryimage"},"thumbnailUrl":"https:\/\/old.gnosis.is\/fr\/wp-content\/uploads\/2019\/07\/world-1582347_1920.jpg","datePublished":"2019-07-14T23:21:23+00:00","dateModified":"2023-08-24T12:13:40+00:00","breadcrumb":{"@id":"https:\/\/old.gnosis.is\/fr\/monde\/#breadcrumb"},"inLanguage":"en-US","potentialAction":[{"@type":"ReadAction","target":["https:\/\/old.gnosis.is\/fr\/monde\/"]}]},{"@type":"ImageObject","inLanguage":"en-US","@id":"https:\/\/old.gnosis.is\/fr\/monde\/#primaryimage","url":"https:\/\/old.gnosis.is\/fr\/wp-content\/uploads\/2019\/07\/world-1582347_1920.jpg","contentUrl":"https:\/\/old.gnosis.is\/fr\/wp-content\/uploads\/2019\/07\/world-1582347_1920.jpg"},{"@type":"BreadcrumbList","@id":"https:\/\/old.gnosis.is\/fr\/monde\/#breadcrumb","itemListElement":[{"@type":"ListItem","position":1,"name":"Home","item":"https:\/\/old.gnosis.is\/fr\/"},{"@type":"ListItem","position":2,"name":"Monde"}]},{"@type":"WebSite","@id":"https:\/\/old.gnosis.is\/fr\/#website","url":"https:\/\/old.gnosis.is\/fr\/","name":"Culture Gnostique","description":"Human values, conscience, philosophy, Gnostic Psychology","potentialAction":[{"@type":"SearchAction","target":{"@type":"EntryPoint","urlTemplate":"https:\/\/old.gnosis.is\/fr\/?s={search_term_string}"},"query-input":{"@type":"PropertyValueSpecification","valueRequired":true,"valueName":"search_term_string"}}],"inLanguage":"en-US"}]}},"_links":{"self":[{"href":"https:\/\/old.gnosis.is\/fr\/wp-json\/wp\/v2\/pages\/506"}],"collection":[{"href":"https:\/\/old.gnosis.is\/fr\/wp-json\/wp\/v2\/pages"}],"about":[{"href":"https:\/\/old.gnosis.is\/fr\/wp-json\/wp\/v2\/types\/page"}],"author":[{"embeddable":true,"href":"https:\/\/old.gnosis.is\/fr\/wp-json\/wp\/v2\/users\/1"}],"replies":[{"embeddable":true,"href":"https:\/\/old.gnosis.is\/fr\/wp-json\/wp\/v2\/comments?post=506"}],"version-history":[{"count":15,"href":"https:\/\/old.gnosis.is\/fr\/wp-json\/wp\/v2\/pages\/506\/revisions"}],"predecessor-version":[{"id":2263,"href":"https:\/\/old.gnosis.is\/fr\/wp-json\/wp\/v2\/pages\/506\/revisions\/2263"}],"wp:attachment":[{"href":"https:\/\/old.gnosis.is\/fr\/wp-json\/wp\/v2\/media?parent=506"}],"curies":[{"name":"wp","href":"https:\/\/api.w.org\/{rel}","templated":true}]}}