{"id":506,"date":"2019-07-14T23:21:23","date_gmt":"2019-07-14T23:21:23","guid":{"rendered":"https:\/\/gnosis.is\/it\/?page_id=506"},"modified":"2019-10-31T22:27:18","modified_gmt":"2019-10-31T21:27:18","slug":"mondo","status":"publish","type":"page","link":"https:\/\/old.gnosis.is\/it\/mondo\/","title":{"rendered":"Mondo"},"content":{"rendered":"\t\t<div data-elementor-type=\"wp-post\" data-elementor-id=\"506\" class=\"elementor elementor-506\">\n\t\t\t\t\t\t\t\t\t<section class=\"elementor-section elementor-top-section elementor-element elementor-element-5b515e0 elementor-section-boxed elementor-section-height-default elementor-section-height-default elementor-invisible\" data-id=\"5b515e0\" data-element_type=\"section\" data-settings=\"{&quot;background_background&quot;:&quot;classic&quot;,&quot;animation&quot;:&quot;fadeIn&quot;}\">\n\t\t\t\t\t\t\t<div class=\"elementor-background-overlay\"><\/div>\n\t\t\t\t\t\t\t<div class=\"elementor-container elementor-column-gap-default\">\n\t\t\t\t\t<div class=\"elementor-column elementor-col-100 elementor-top-column elementor-element elementor-element-2cd17ed\" data-id=\"2cd17ed\" data-element_type=\"column\">\n\t\t\t<div class=\"elementor-widget-wrap elementor-element-populated\">\n\t\t\t\t\t\t\t\t<div class=\"elementor-element elementor-element-43ebc86 elementor-widget elementor-widget-heading\" data-id=\"43ebc86\" data-element_type=\"widget\" data-widget_type=\"heading.default\">\n\t\t\t\t<div class=\"elementor-widget-container\">\n\t\t\t<div class=\"elementor-heading-title elementor-size-default\">Mondo<\/div>\t\t<\/div>\n\t\t\t\t<\/div>\n\t\t\t\t\t<\/div>\n\t\t<\/div>\n\t\t\t\t\t\t\t<\/div>\n\t\t<\/section>\n\t\t\t\t<section class=\"elementor-section elementor-top-section elementor-element elementor-element-135ad5a1 elementor-section-content-middle elementor-section-boxed elementor-section-height-default elementor-section-height-default\" data-id=\"135ad5a1\" data-element_type=\"section\">\n\t\t\t\t\t\t<div class=\"elementor-container elementor-column-gap-default\">\n\t\t\t\t\t<div class=\"elementor-column elementor-col-100 elementor-top-column elementor-element elementor-element-41d09681\" data-id=\"41d09681\" data-element_type=\"column\">\n\t\t\t<div class=\"elementor-widget-wrap elementor-element-populated\">\n\t\t\t\t\t\t\t\t<div class=\"elementor-element elementor-element-46e7946f elementor-widget elementor-widget-text-editor\" data-id=\"46e7946f\" data-element_type=\"widget\" data-widget_type=\"text-editor.default\">\n\t\t\t\t<div class=\"elementor-widget-container\">\n\t\t\t\t\t\t\t<p>La <strong>Federazione della Cultura Gnostica<\/strong> possiede istituzioni in pi\u00f9 di 30 paesi. Queste istituzioni derivano a loro volta da 3 tipi di istituzioni registrate in tutto il mondo:<\/p><p><img fetchpriority=\"high\" decoding=\"async\" class=\"wp-image-502 alignright\" src=\"https:\/\/old.gnosis.is\/it\/wp-content\/uploads\/2019\/07\/world-1582347_1920.jpg\" alt=\"\" width=\"600\" height=\"513\" srcset=\"https:\/\/old.gnosis.is\/it\/wp-content\/uploads\/sites\/13\/2019\/07\/world-1582347_1920.jpg 824w, https:\/\/old.gnosis.is\/it\/wp-content\/uploads\/sites\/13\/2019\/07\/world-1582347_1920-300x257.jpg 300w, https:\/\/old.gnosis.is\/it\/wp-content\/uploads\/sites\/13\/2019\/07\/world-1582347_1920-768x657.jpg 768w, https:\/\/old.gnosis.is\/it\/wp-content\/uploads\/sites\/13\/2019\/07\/world-1582347_1920-171x146.jpg 171w, https:\/\/old.gnosis.is\/it\/wp-content\/uploads\/sites\/13\/2019\/07\/world-1582347_1920-50x43.jpg 50w, https:\/\/old.gnosis.is\/it\/wp-content\/uploads\/sites\/13\/2019\/07\/world-1582347_1920-88x75.jpg 88w\" sizes=\"(max-width:767px) 480px, 600px\" \/><\/p><p><strong>1 &#8211; Associazione di Studi Religiosi e Culturali della Cultura Gnostica:<\/strong> Questa istituzione si dedica fondamentalmente allo sviluppo spirituale, ed agli studi filosofici e culturali della vita.<\/p><p>Obbiettivo principale: <strong>sviluppo spirituale.<\/strong><\/p><p><strong>2 &#8211; AGEACAC:<\/strong> (Associazione Gnostica di Studi Antropologici e Culturali) Questa istituzione si dedica alla diffusione dei principi filosofici e culturali nelle scuole, accademie, case della cultura, biblioteche, ecc. realizzando conferenze e dando corsi di Auto-Conoscimento, Psicologia, Filosofia e Cultura Integrale.<\/p><p>Obiettivo principale: <strong>Il risveglio della coscienza<\/strong><\/p><p><strong>3 &#8211; ICU:<\/strong> (istituto della carit\u00e0 universale). L&#8217;ICU si dedica alla carit\u00e0 in pi\u00f9 di 25 paesi, senza distinzione di razza, cultura, credo religioso o politico. La Cultura Gnostica ritiene che sia fondamentale per la vita di una persona, realizzare la carit\u00e0 in virt\u00f9 delle proprie possibilit\u00e0.<\/p><p>Obbiettivo principale: <strong>la carit\u00e0 universale.<\/strong><\/p><p><strong>La Federazione della Cultura Gnostica \u00e8, riassumendo, un invito a:<\/strong><\/p><p>1) Sviluppare un progresso spirituale.<\/p><p>2) Sviluppare un progresso psicologico e filosofico della vita integrando la vita nella societ\u00e0.<\/p><p>3) Aiutare i bisognosi.<\/p><p>4) Proteggere la Vita e godere della Natura.<\/p><p>Un punto fondamentale di questa Organizzazione, \u00e8 che consegna una infrastruttura internazionale e capacitazione ad ogni individuo che voglia sommarsi a questa iniziativa; quella di generare un cambio positivo in se stessi e nella societ\u00e0.<\/p><p>Se hai l\u2019anelito di partecipare a questi propositi e, generare un impatto positivo nella tua localit\u00e0, non dubitare a fare click su questo bottone e contattaci!<\/p><p>Prossimamente potrai accedere ad una mappa mondiale per accedere agli inidirizzi e dati di contatto di queste istituzioni derivate dalla Federazione della Cultura Gnostica in tutto il mondo.<\/p><p>Vi invitiamo ad essere parte attiva del risveglio della coscienza sociale!<\/p><p>Cordiali saluiti<\/p><p>Federaci\u00f3n de Cultura Gn\u00f3stica.<\/p>\t\t\t\t\t\t<\/div>\n\t\t\t\t<\/div>\n\t\t\t\t\t<\/div>\n\t\t<\/div>\n\t\t\t\t\t\t\t<\/div>\n\t\t<\/section>\n\t\t\t\t\t\t\t<\/div>\n\t\t","protected":false},"excerpt":{"rendered":"<p>Mondo La Federazione della Cultura Gnostica possiede istituzioni in pi\u00f9 di 30 paesi. Queste istituzioni derivano a loro volta da 3 tipi di istituzioni registrate in<span class=\"excerpt-hellip\"> [\u2026]<\/span><\/p>\n","protected":false},"author":1,"featured_media":0,"parent":0,"menu_order":0,"comment_status":"closed","ping_status":"closed","template":"","meta":{"footnotes":"","_joinchat":[]},"yoast_head":"<!-- This site is optimized with the Yoast SEO plugin v23.5 - https:\/\/yoast.com\/wordpress\/plugins\/seo\/ -->\n<title>Mondo - Cultura Gnostica Italia<\/title>\n<meta name=\"robots\" content=\"noindex, follow, max-snippet:-1, max-image-preview:large, max-video-preview:-1\" \/>\n<meta property=\"og:locale\" content=\"en_US\" \/>\n<meta property=\"og:type\" content=\"article\" \/>\n<meta property=\"og:title\" content=\"Mondo - Cultura Gnostica Italia\" \/>\n<meta property=\"og:description\" content=\"Mondo La Federazione della Cultura Gnostica possiede istituzioni in pi\u00f9 di 30 paesi. Queste istituzioni derivano a loro volta da 3 tipi di istituzioni registrate in [\u2026]\" \/>\n<meta property=\"og:url\" content=\"https:\/\/old.gnosis.is\/it\/mondo\/\" \/>\n<meta property=\"og:site_name\" content=\"Cultura Gnostica Italia\" \/>\n<meta property=\"article:modified_time\" content=\"2019-10-31T21:27:18+00:00\" \/>\n<meta property=\"og:image\" content=\"https:\/\/old.gnosis.is\/it\/wp-content\/uploads\/2019\/07\/world-1582347_1920.jpg\" \/>\n<meta name=\"twitter:card\" content=\"summary_large_image\" \/>\n<meta name=\"twitter:label1\" content=\"Est. reading time\" \/>\n\t<meta name=\"twitter:data1\" content=\"1 minute\" \/>\n<script type=\"application\/ld+json\" class=\"yoast-schema-graph\">{\"@context\":\"https:\/\/schema.org\",\"@graph\":[{\"@type\":\"WebPage\",\"@id\":\"https:\/\/old.gnosis.is\/it\/mondo\/\",\"url\":\"https:\/\/old.gnosis.is\/it\/mondo\/\",\"name\":\"Mondo - Cultura Gnostica Italia\",\"isPartOf\":{\"@id\":\"https:\/\/old.gnosis.is\/it\/#website\"},\"primaryImageOfPage\":{\"@id\":\"https:\/\/old.gnosis.is\/it\/mondo\/#primaryimage\"},\"image\":{\"@id\":\"https:\/\/old.gnosis.is\/it\/mondo\/#primaryimage\"},\"thumbnailUrl\":\"https:\/\/old.gnosis.is\/it\/wp-content\/uploads\/2019\/07\/world-1582347_1920.jpg\",\"datePublished\":\"2019-07-14T23:21:23+00:00\",\"dateModified\":\"2019-10-31T21:27:18+00:00\",\"breadcrumb\":{\"@id\":\"https:\/\/old.gnosis.is\/it\/mondo\/#breadcrumb\"},\"inLanguage\":\"en-US\",\"potentialAction\":[{\"@type\":\"ReadAction\",\"target\":[\"https:\/\/old.gnosis.is\/it\/mondo\/\"]}]},{\"@type\":\"ImageObject\",\"inLanguage\":\"en-US\",\"@id\":\"https:\/\/old.gnosis.is\/it\/mondo\/#primaryimage\",\"url\":\"https:\/\/old.gnosis.is\/it\/wp-content\/uploads\/2019\/07\/world-1582347_1920.jpg\",\"contentUrl\":\"https:\/\/old.gnosis.is\/it\/wp-content\/uploads\/2019\/07\/world-1582347_1920.jpg\"},{\"@type\":\"BreadcrumbList\",\"@id\":\"https:\/\/old.gnosis.is\/it\/mondo\/#breadcrumb\",\"itemListElement\":[{\"@type\":\"ListItem\",\"position\":1,\"name\":\"Home\",\"item\":\"https:\/\/old.gnosis.is\/it\/\"},{\"@type\":\"ListItem\",\"position\":2,\"name\":\"Mondo\"}]},{\"@type\":\"WebSite\",\"@id\":\"https:\/\/old.gnosis.is\/it\/#website\",\"url\":\"https:\/\/old.gnosis.is\/it\/\",\"name\":\"Cultura Gnostica Italia\",\"description\":\"Human values, conscience, philosophy, Gnostic Psychology\",\"potentialAction\":[{\"@type\":\"SearchAction\",\"target\":{\"@type\":\"EntryPoint\",\"urlTemplate\":\"https:\/\/old.gnosis.is\/it\/?s={search_term_string}\"},\"query-input\":{\"@type\":\"PropertyValueSpecification\",\"valueRequired\":true,\"valueName\":\"search_term_string\"}}],\"inLanguage\":\"en-US\"}]}<\/script>\n<!-- \/ Yoast SEO plugin. -->","yoast_head_json":{"title":"Mondo - Cultura Gnostica Italia","robots":{"index":"noindex","follow":"follow","max-snippet":"max-snippet:-1","max-image-preview":"max-image-preview:large","max-video-preview":"max-video-preview:-1"},"og_locale":"en_US","og_type":"article","og_title":"Mondo - Cultura Gnostica Italia","og_description":"Mondo La Federazione della Cultura Gnostica possiede istituzioni in pi\u00f9 di 30 paesi. Queste istituzioni derivano a loro volta da 3 tipi di istituzioni registrate in [\u2026]","og_url":"https:\/\/old.gnosis.is\/it\/mondo\/","og_site_name":"Cultura Gnostica Italia","article_modified_time":"2019-10-31T21:27:18+00:00","og_image":[{"url":"https:\/\/old.gnosis.is\/it\/wp-content\/uploads\/2019\/07\/world-1582347_1920.jpg"}],"twitter_card":"summary_large_image","twitter_misc":{"Est. reading time":"1 minute"},"schema":{"@context":"https:\/\/schema.org","@graph":[{"@type":"WebPage","@id":"https:\/\/old.gnosis.is\/it\/mondo\/","url":"https:\/\/old.gnosis.is\/it\/mondo\/","name":"Mondo - Cultura Gnostica Italia","isPartOf":{"@id":"https:\/\/old.gnosis.is\/it\/#website"},"primaryImageOfPage":{"@id":"https:\/\/old.gnosis.is\/it\/mondo\/#primaryimage"},"image":{"@id":"https:\/\/old.gnosis.is\/it\/mondo\/#primaryimage"},"thumbnailUrl":"https:\/\/old.gnosis.is\/it\/wp-content\/uploads\/2019\/07\/world-1582347_1920.jpg","datePublished":"2019-07-14T23:21:23+00:00","dateModified":"2019-10-31T21:27:18+00:00","breadcrumb":{"@id":"https:\/\/old.gnosis.is\/it\/mondo\/#breadcrumb"},"inLanguage":"en-US","potentialAction":[{"@type":"ReadAction","target":["https:\/\/old.gnosis.is\/it\/mondo\/"]}]},{"@type":"ImageObject","inLanguage":"en-US","@id":"https:\/\/old.gnosis.is\/it\/mondo\/#primaryimage","url":"https:\/\/old.gnosis.is\/it\/wp-content\/uploads\/2019\/07\/world-1582347_1920.jpg","contentUrl":"https:\/\/old.gnosis.is\/it\/wp-content\/uploads\/2019\/07\/world-1582347_1920.jpg"},{"@type":"BreadcrumbList","@id":"https:\/\/old.gnosis.is\/it\/mondo\/#breadcrumb","itemListElement":[{"@type":"ListItem","position":1,"name":"Home","item":"https:\/\/old.gnosis.is\/it\/"},{"@type":"ListItem","position":2,"name":"Mondo"}]},{"@type":"WebSite","@id":"https:\/\/old.gnosis.is\/it\/#website","url":"https:\/\/old.gnosis.is\/it\/","name":"Cultura Gnostica Italia","description":"Human values, conscience, philosophy, Gnostic Psychology","potentialAction":[{"@type":"SearchAction","target":{"@type":"EntryPoint","urlTemplate":"https:\/\/old.gnosis.is\/it\/?s={search_term_string}"},"query-input":{"@type":"PropertyValueSpecification","valueRequired":true,"valueName":"search_term_string"}}],"inLanguage":"en-US"}]}},"_links":{"self":[{"href":"https:\/\/old.gnosis.is\/it\/wp-json\/wp\/v2\/pages\/506"}],"collection":[{"href":"https:\/\/old.gnosis.is\/it\/wp-json\/wp\/v2\/pages"}],"about":[{"href":"https:\/\/old.gnosis.is\/it\/wp-json\/wp\/v2\/types\/page"}],"author":[{"embeddable":true,"href":"https:\/\/old.gnosis.is\/it\/wp-json\/wp\/v2\/users\/1"}],"replies":[{"embeddable":true,"href":"https:\/\/old.gnosis.is\/it\/wp-json\/wp\/v2\/comments?post=506"}],"version-history":[{"count":22,"href":"https:\/\/old.gnosis.is\/it\/wp-json\/wp\/v2\/pages\/506\/revisions"}],"predecessor-version":[{"id":689,"href":"https:\/\/old.gnosis.is\/it\/wp-json\/wp\/v2\/pages\/506\/revisions\/689"}],"wp:attachment":[{"href":"https:\/\/old.gnosis.is\/it\/wp-json\/wp\/v2\/media?parent=506"}],"curies":[{"name":"wp","href":"https:\/\/api.w.org\/{rel}","templated":true}]}}