{"id":1775,"date":"2020-08-31T01:50:13","date_gmt":"2020-08-31T00:50:13","guid":{"rendered":"https:\/\/gnosis.is\/pt\/?page_id=1775"},"modified":"2020-12-01T15:20:32","modified_gmt":"2020-12-01T14:20:32","slug":"o-que-e-gnosis","status":"publish","type":"page","link":"https:\/\/old.gnosis.is\/pt\/o-que-e-gnosis\/","title":{"rendered":"O que \u00e9 Gnosis"},"content":{"rendered":"\t\t<div data-elementor-type=\"wp-page\" data-elementor-id=\"1775\" class=\"elementor elementor-1775\">\n\t\t\t\t\t\t\t\t\t<section class=\"elementor-section elementor-top-section elementor-element elementor-element-5de7960 elementor-section-full_width elementor-section-stretched elementor-section-height-default elementor-section-height-default\" data-id=\"5de7960\" data-element_type=\"section\" data-settings=\"{&quot;background_background&quot;:&quot;gradient&quot;,&quot;stretch_section&quot;:&quot;section-stretched&quot;}\">\n\t\t\t\t\t\t\t<div class=\"elementor-background-overlay\"><\/div>\n\t\t\t\t\t\t\t<div class=\"elementor-container elementor-column-gap-default\">\n\t\t\t\t\t<div class=\"elementor-column elementor-col-100 elementor-top-column elementor-element elementor-element-89f2d8d\" data-id=\"89f2d8d\" data-element_type=\"column\">\n\t\t\t<div class=\"elementor-widget-wrap elementor-element-populated\">\n\t\t\t\t\t\t\t\t<div class=\"elementor-element elementor-element-2a399b9 elementor-widget elementor-widget-heading\" data-id=\"2a399b9\" data-element_type=\"widget\" data-widget_type=\"heading.default\">\n\t\t\t\t<div class=\"elementor-widget-container\">\n\t\t\t<div class=\"elementor-heading-title elementor-size-default\">O QUE \u00c9 GNOSIS<\/div>\t\t<\/div>\n\t\t\t\t<\/div>\n\t\t\t\t\t<\/div>\n\t\t<\/div>\n\t\t\t\t\t\t\t<\/div>\n\t\t<\/section>\n\t\t\t\t<section class=\"elementor-section elementor-top-section elementor-element elementor-element-bfd511f elementor-section-content-middle elementor-section-stretched elementor-section-boxed elementor-section-height-default elementor-section-height-default\" data-id=\"bfd511f\" data-element_type=\"section\" data-settings=\"{&quot;stretch_section&quot;:&quot;section-stretched&quot;}\">\n\t\t\t\t\t\t<div class=\"elementor-container elementor-column-gap-default\">\n\t\t\t\t\t<div class=\"elementor-column elementor-col-100 elementor-top-column elementor-element elementor-element-02c3e93\" data-id=\"02c3e93\" data-element_type=\"column\">\n\t\t\t<div class=\"elementor-widget-wrap elementor-element-populated\">\n\t\t\t\t\t\t\t\t<div class=\"elementor-element elementor-element-def2eb7 elementor-position-top elementor-widget elementor-widget-image-box\" data-id=\"def2eb7\" data-element_type=\"widget\" data-widget_type=\"image-box.default\">\n\t\t\t\t<div class=\"elementor-widget-container\">\n\t\t\t<div class=\"elementor-image-box-wrapper\"><figure class=\"elementor-image-box-img\"><img fetchpriority=\"high\" decoding=\"async\" width=\"697\" height=\"327\" src=\"https:\/\/old.gnosis.is\/pt\/wp-content\/uploads\/sites\/14\/2019\/02\/greek-temple.png\" class=\"attachment-full size-full wp-image-318\" alt=\"\" srcset=\"https:\/\/old.gnosis.is\/pt\/wp-content\/uploads\/sites\/14\/2019\/02\/greek-temple.png 697w, https:\/\/old.gnosis.is\/pt\/wp-content\/uploads\/sites\/14\/2019\/02\/greek-temple-300x141.png 300w, https:\/\/old.gnosis.is\/pt\/wp-content\/uploads\/sites\/14\/2019\/02\/greek-temple-260x122.png 260w, https:\/\/old.gnosis.is\/pt\/wp-content\/uploads\/sites\/14\/2019\/02\/greek-temple-50x23.png 50w, https:\/\/old.gnosis.is\/pt\/wp-content\/uploads\/sites\/14\/2019\/02\/greek-temple-150x70.png 150w\" sizes=\"(max-width:767px) 480px, 697px\" \/><\/figure><div class=\"elementor-image-box-content\"><h3 class=\"elementor-image-box-title\">Gnosis significa \"conhecimento\"<\/h3><\/div><\/div>\t\t<\/div>\n\t\t\t\t<\/div>\n\t\t\t\t<div class=\"elementor-element elementor-element-3eedacf elementor-widget elementor-widget-text-editor\" data-id=\"3eedacf\" data-element_type=\"widget\" data-widget_type=\"text-editor.default\">\n\t\t\t\t<div class=\"elementor-widget-container\">\n\t\t\t\t\t\t\t<p>Gnosis vem do grego e significa \u201cconhecimento\u201d.<\/p><p>N\u00e3o \u00e9 um conhecimento acad\u00eamico ou um conhecimento intelectual comum, mas sim uma sabedoria universal.<\/p><p>Gnosis \u00e9 a ci\u00eancia que estuda todas as coisas: o ser humano, a natureza, a vida, a morte, o universo e suas leis.<\/p><p>Seu o objetivo \u00e9 compreender a natureza humana e descobrir quem somos, de onde viemos, para onde vamos e por que existimos.<\/p><p>Este conhecimento sempre existiu e foi estudado em muitas culturas antigas e escolas de autoconhecimento no decorrer da hist\u00f3ria. Exemplos: Gregos, Eg\u00edpcios, Ess\u00eanios, Templ\u00e1rios, Alquimistas Medievais, Astecas, Maias, Incas, na China, \u00cdndia, Tibete\u00a0 e muitas outras culturas e tradi\u00e7\u00f5es milenares.<\/p><p>Mas onde est\u00e1 essa Gnosis, esse conhecimento? Onde est\u00e1 essa sabedoria universal?<\/p><p>Est\u00e1 dentro de nossa CONSCI\u00caNCIA em estado embrion\u00e1rio, latente. E quando um ser humano se prepara para expressar essa sabedoria, ela vem \u00e0 tona. Ela surge de dentro para fora.A Gnosis tem como alicerce 4 pilares que conduzem o ser humano \u00e0 sabedoria: CI\u00caNCIA, ARTE, FILOSOFIA e RELIGI\u00c3O.<\/p><p>Quando isso ocorre dizemos que a pessoa est\u00e1 criando sua pr\u00f3pria Gnosis (comprova\u00e7\u00e3o, experi\u00eancia direta) ou, em outras palavras, desenvolvendo luz interior.<\/p><p>Arist\u00f3teles dizia que toda a sabedoria do universo j\u00e1 est\u00e1 dentro do homem, s\u00f3 \u00e9 preciso aprender a acess\u00e1-la.<\/p><p>Carl Gustav Jung (eminente psicanalista e admirador do gnosticismo) ensinava que dentro do ser humano est\u00e3o os pr\u00f3prios arqu\u00e9tipos da cria\u00e7\u00e3o, ou seja, as f\u00f3rmulas ou princ\u00edpios que est\u00e3o na raiz de todas as coisas.<\/p><p>A Gnosis ensina o indiv\u00edduo a acessar suas potencialidades, despertar sua consci\u00eancia e se conecta-se com sua parte mais elevada, da qual se encontra desconectado.<\/p><ul><li><strong>Gnosis como Ci\u00eancia<\/strong> \u2013 Investiga os diversos sistemas da natureza e do homem, com a finalidade de compreender o complexo mecanismo humano. A gnosis como ci\u00eancia \u00e9 pautada na investiga\u00e7\u00e3o e experimenta\u00e7\u00e3o. O indiv\u00edduo, por exemplo, pode tornar-se um cientista estudante de si mesmo, atrav\u00e9s da pr\u00e1tica de relaxamento, concentra\u00e7\u00e3o e medita\u00e7\u00e3o.<\/li><li><strong>Gnosis como Arte<\/strong> \u2013 Assim como o artista realiza uma transforma\u00e7\u00e3o de mat\u00e9ria-prima em arte, cada pessoa pode se converter em um artista de si mesmo, lapidando e transformado sua forma de pensar, sentir e agir. A Gnosis como Arte tamb\u00e9m nos ensina como podemos expressar os valores e virtudes de nossa alma atrav\u00e9s da Inspira\u00e7\u00e3o.<\/li><li><strong>Gnosis como Filosofia<\/strong> \u2013\u00a0 Praticar a filosofia \u00e9 aprender a refletir e a pensar por si mesmo, contemplar a natureza, o universo, as circunst\u00e2ncias, com a inten\u00e7\u00e3o de descobrir o mist\u00e9rio da vida em sua plenitude, e o mist\u00e9rio que cada coisa guarda em si.<\/li><li><strong>Gnosis como Religi\u00e3o<\/strong> \u2013 Religi\u00e3o, em seu sentido original, vem do latim \u201creligare\u201d, que significa voltar a ligar o homem ao que h\u00e1 de divino dentro de si mesmo. Assim, a religi\u00e3o verdadeira n\u00e3o depende de se frequentar um templo. Religi\u00e3o \u00e9 um sentimento que se manifesta nas atitudes e no estilo de vida da pessoa.<\/li><\/ul>\t\t\t\t\t\t<\/div>\n\t\t\t\t<\/div>\n\t\t\t\t\t<\/div>\n\t\t<\/div>\n\t\t\t\t\t\t\t<\/div>\n\t\t<\/section>\n\t\t\t\t<section class=\"elementor-section elementor-top-section elementor-element elementor-element-2d34ff3 elementor-section-full_width elementor-section-stretched elementor-section-height-default elementor-section-height-default\" data-id=\"2d34ff3\" data-element_type=\"section\" data-settings=\"{&quot;stretch_section&quot;:&quot;section-stretched&quot;}\">\n\t\t\t\t\t\t<div class=\"elementor-container elementor-column-gap-default\">\n\t\t\t\t\t<div class=\"elementor-column elementor-col-100 elementor-top-column elementor-element elementor-element-96b0ff9\" data-id=\"96b0ff9\" data-element_type=\"column\">\n\t\t\t<div class=\"elementor-widget-wrap\">\n\t\t\t\t\t\t\t\t\t<\/div>\n\t\t<\/div>\n\t\t\t\t\t\t\t<\/div>\n\t\t<\/section>\n\t\t\t\t\t\t\t<\/div>\n\t\t","protected":false},"excerpt":{"rendered":"<p>O QUE \u00c9 GNOSIS Gnosis significa &#8220;conhecimento&#8221; Gnosis vem do grego e significa \u201cconhecimento\u201d. N\u00e3o \u00e9 um conhecimento acad\u00eamico ou um conhecimento intelectual comum, mas sim<span class=\"excerpt-hellip\"> [\u2026]<\/span><\/p>\n","protected":false},"author":26,"featured_media":0,"parent":0,"menu_order":0,"comment_status":"closed","ping_status":"closed","template":"","meta":{"footnotes":"","_joinchat":[]},"yoast_head":"<!-- This site is optimized with the Yoast SEO plugin v23.5 - https:\/\/yoast.com\/wordpress\/plugins\/seo\/ -->\n<title>O que \u00e9 Gnosis - Cultura Gn\u00f3stica Portugues<\/title>\n<meta name=\"robots\" content=\"noindex, follow, max-snippet:-1, max-image-preview:large, max-video-preview:-1\" \/>\n<meta property=\"og:locale\" content=\"en_US\" \/>\n<meta property=\"og:type\" content=\"article\" \/>\n<meta property=\"og:title\" content=\"O que \u00e9 Gnosis - Cultura Gn\u00f3stica Portugues\" \/>\n<meta property=\"og:description\" content=\"O QUE \u00c9 GNOSIS Gnosis significa &#8220;conhecimento&#8221; Gnosis vem do grego e significa \u201cconhecimento\u201d. N\u00e3o \u00e9 um conhecimento acad\u00eamico ou um conhecimento intelectual comum, mas sim [\u2026]\" \/>\n<meta property=\"og:url\" content=\"https:\/\/old.gnosis.is\/pt\/o-que-e-gnosis\/\" \/>\n<meta property=\"og:site_name\" content=\"Cultura Gn\u00f3stica Portugues\" \/>\n<meta property=\"article:modified_time\" content=\"2020-12-01T14:20:32+00:00\" \/>\n<meta property=\"og:image\" content=\"https:\/\/old.gnosis.is\/pt\/wp-content\/uploads\/sites\/14\/2019\/02\/greek-temple.png\" \/>\n<meta name=\"twitter:card\" content=\"summary_large_image\" \/>\n<meta name=\"twitter:label1\" content=\"Est. reading time\" \/>\n\t<meta name=\"twitter:data1\" content=\"3 minutes\" \/>\n<script type=\"application\/ld+json\" class=\"yoast-schema-graph\">{\"@context\":\"https:\/\/schema.org\",\"@graph\":[{\"@type\":\"WebPage\",\"@id\":\"https:\/\/old.gnosis.is\/pt\/o-que-e-gnosis\/\",\"url\":\"https:\/\/old.gnosis.is\/pt\/o-que-e-gnosis\/\",\"name\":\"O que \u00e9 Gnosis - Cultura Gn\u00f3stica Portugues\",\"isPartOf\":{\"@id\":\"https:\/\/old.gnosis.is\/pt\/#website\"},\"primaryImageOfPage\":{\"@id\":\"https:\/\/old.gnosis.is\/pt\/o-que-e-gnosis\/#primaryimage\"},\"image\":{\"@id\":\"https:\/\/old.gnosis.is\/pt\/o-que-e-gnosis\/#primaryimage\"},\"thumbnailUrl\":\"https:\/\/old.gnosis.is\/pt\/wp-content\/uploads\/sites\/14\/2019\/02\/greek-temple.png\",\"datePublished\":\"2020-08-31T00:50:13+00:00\",\"dateModified\":\"2020-12-01T14:20:32+00:00\",\"breadcrumb\":{\"@id\":\"https:\/\/old.gnosis.is\/pt\/o-que-e-gnosis\/#breadcrumb\"},\"inLanguage\":\"en-US\",\"potentialAction\":[{\"@type\":\"ReadAction\",\"target\":[\"https:\/\/old.gnosis.is\/pt\/o-que-e-gnosis\/\"]}]},{\"@type\":\"ImageObject\",\"inLanguage\":\"en-US\",\"@id\":\"https:\/\/old.gnosis.is\/pt\/o-que-e-gnosis\/#primaryimage\",\"url\":\"https:\/\/old.gnosis.is\/pt\/wp-content\/uploads\/sites\/14\/2019\/02\/greek-temple.png\",\"contentUrl\":\"https:\/\/old.gnosis.is\/pt\/wp-content\/uploads\/sites\/14\/2019\/02\/greek-temple.png\",\"width\":697,\"height\":327},{\"@type\":\"BreadcrumbList\",\"@id\":\"https:\/\/old.gnosis.is\/pt\/o-que-e-gnosis\/#breadcrumb\",\"itemListElement\":[{\"@type\":\"ListItem\",\"position\":1,\"name\":\"Home\",\"item\":\"https:\/\/old.gnosis.is\/pt\/\"},{\"@type\":\"ListItem\",\"position\":2,\"name\":\"O que \u00e9 Gnosis\"}]},{\"@type\":\"WebSite\",\"@id\":\"https:\/\/old.gnosis.is\/pt\/#website\",\"url\":\"https:\/\/old.gnosis.is\/pt\/\",\"name\":\"Cultura Gn\u00f3stica Portugues\",\"description\":\"Human values, conscience, philosophy, Gnostic Psychology\",\"potentialAction\":[{\"@type\":\"SearchAction\",\"target\":{\"@type\":\"EntryPoint\",\"urlTemplate\":\"https:\/\/old.gnosis.is\/pt\/?s={search_term_string}\"},\"query-input\":{\"@type\":\"PropertyValueSpecification\",\"valueRequired\":true,\"valueName\":\"search_term_string\"}}],\"inLanguage\":\"en-US\"}]}<\/script>\n<!-- \/ Yoast SEO plugin. -->","yoast_head_json":{"title":"O que \u00e9 Gnosis - Cultura Gn\u00f3stica Portugues","robots":{"index":"noindex","follow":"follow","max-snippet":"max-snippet:-1","max-image-preview":"max-image-preview:large","max-video-preview":"max-video-preview:-1"},"og_locale":"en_US","og_type":"article","og_title":"O que \u00e9 Gnosis - Cultura Gn\u00f3stica Portugues","og_description":"O QUE \u00c9 GNOSIS Gnosis significa &#8220;conhecimento&#8221; Gnosis vem do grego e significa \u201cconhecimento\u201d. N\u00e3o \u00e9 um conhecimento acad\u00eamico ou um conhecimento intelectual comum, mas sim [\u2026]","og_url":"https:\/\/old.gnosis.is\/pt\/o-que-e-gnosis\/","og_site_name":"Cultura Gn\u00f3stica Portugues","article_modified_time":"2020-12-01T14:20:32+00:00","og_image":[{"url":"https:\/\/old.gnosis.is\/pt\/wp-content\/uploads\/sites\/14\/2019\/02\/greek-temple.png"}],"twitter_card":"summary_large_image","twitter_misc":{"Est. reading time":"3 minutes"},"schema":{"@context":"https:\/\/schema.org","@graph":[{"@type":"WebPage","@id":"https:\/\/old.gnosis.is\/pt\/o-que-e-gnosis\/","url":"https:\/\/old.gnosis.is\/pt\/o-que-e-gnosis\/","name":"O que \u00e9 Gnosis - Cultura Gn\u00f3stica Portugues","isPartOf":{"@id":"https:\/\/old.gnosis.is\/pt\/#website"},"primaryImageOfPage":{"@id":"https:\/\/old.gnosis.is\/pt\/o-que-e-gnosis\/#primaryimage"},"image":{"@id":"https:\/\/old.gnosis.is\/pt\/o-que-e-gnosis\/#primaryimage"},"thumbnailUrl":"https:\/\/old.gnosis.is\/pt\/wp-content\/uploads\/sites\/14\/2019\/02\/greek-temple.png","datePublished":"2020-08-31T00:50:13+00:00","dateModified":"2020-12-01T14:20:32+00:00","breadcrumb":{"@id":"https:\/\/old.gnosis.is\/pt\/o-que-e-gnosis\/#breadcrumb"},"inLanguage":"en-US","potentialAction":[{"@type":"ReadAction","target":["https:\/\/old.gnosis.is\/pt\/o-que-e-gnosis\/"]}]},{"@type":"ImageObject","inLanguage":"en-US","@id":"https:\/\/old.gnosis.is\/pt\/o-que-e-gnosis\/#primaryimage","url":"https:\/\/old.gnosis.is\/pt\/wp-content\/uploads\/sites\/14\/2019\/02\/greek-temple.png","contentUrl":"https:\/\/old.gnosis.is\/pt\/wp-content\/uploads\/sites\/14\/2019\/02\/greek-temple.png","width":697,"height":327},{"@type":"BreadcrumbList","@id":"https:\/\/old.gnosis.is\/pt\/o-que-e-gnosis\/#breadcrumb","itemListElement":[{"@type":"ListItem","position":1,"name":"Home","item":"https:\/\/old.gnosis.is\/pt\/"},{"@type":"ListItem","position":2,"name":"O que \u00e9 Gnosis"}]},{"@type":"WebSite","@id":"https:\/\/old.gnosis.is\/pt\/#website","url":"https:\/\/old.gnosis.is\/pt\/","name":"Cultura Gn\u00f3stica Portugues","description":"Human values, conscience, philosophy, Gnostic Psychology","potentialAction":[{"@type":"SearchAction","target":{"@type":"EntryPoint","urlTemplate":"https:\/\/old.gnosis.is\/pt\/?s={search_term_string}"},"query-input":{"@type":"PropertyValueSpecification","valueRequired":true,"valueName":"search_term_string"}}],"inLanguage":"en-US"}]}},"_links":{"self":[{"href":"https:\/\/old.gnosis.is\/pt\/wp-json\/wp\/v2\/pages\/1775"}],"collection":[{"href":"https:\/\/old.gnosis.is\/pt\/wp-json\/wp\/v2\/pages"}],"about":[{"href":"https:\/\/old.gnosis.is\/pt\/wp-json\/wp\/v2\/types\/page"}],"author":[{"embeddable":true,"href":"https:\/\/old.gnosis.is\/pt\/wp-json\/wp\/v2\/users\/26"}],"replies":[{"embeddable":true,"href":"https:\/\/old.gnosis.is\/pt\/wp-json\/wp\/v2\/comments?post=1775"}],"version-history":[{"count":23,"href":"https:\/\/old.gnosis.is\/pt\/wp-json\/wp\/v2\/pages\/1775\/revisions"}],"predecessor-version":[{"id":2205,"href":"https:\/\/old.gnosis.is\/pt\/wp-json\/wp\/v2\/pages\/1775\/revisions\/2205"}],"wp:attachment":[{"href":"https:\/\/old.gnosis.is\/pt\/wp-json\/wp\/v2\/media?parent=1775"}],"curies":[{"name":"wp","href":"https:\/\/api.w.org\/{rel}","templated":true}]}}