{"id":506,"date":"2019-07-14T23:21:23","date_gmt":"2019-07-14T23:21:23","guid":{"rendered":"https:\/\/gnosis.is\/pt\/?page_id=506"},"modified":"2020-12-01T15:29:16","modified_gmt":"2020-12-01T14:29:16","slug":"gnosis-no-mundo","status":"publish","type":"page","link":"https:\/\/old.gnosis.is\/pt\/gnosis-no-mundo\/","title":{"rendered":"Gnosis no Mundo"},"content":{"rendered":"\t\t<div data-elementor-type=\"wp-post\" data-elementor-id=\"506\" class=\"elementor elementor-506\">\n\t\t\t\t\t\t\t\t\t<section class=\"elementor-section elementor-top-section elementor-element elementor-element-1c5ae6f elementor-section-full_width elementor-section-stretched elementor-section-height-default elementor-section-height-default\" data-id=\"1c5ae6f\" data-element_type=\"section\" data-settings=\"{&quot;background_background&quot;:&quot;gradient&quot;,&quot;stretch_section&quot;:&quot;section-stretched&quot;}\">\n\t\t\t\t\t\t\t<div class=\"elementor-background-overlay\"><\/div>\n\t\t\t\t\t\t\t<div class=\"elementor-container elementor-column-gap-default\">\n\t\t\t\t\t<div class=\"elementor-column elementor-col-100 elementor-top-column elementor-element elementor-element-14a51dc\" data-id=\"14a51dc\" data-element_type=\"column\">\n\t\t\t<div class=\"elementor-widget-wrap elementor-element-populated\">\n\t\t\t\t\t\t\t\t<div class=\"elementor-element elementor-element-69cc1c0 elementor-widget elementor-widget-heading\" data-id=\"69cc1c0\" data-element_type=\"widget\" data-widget_type=\"heading.default\">\n\t\t\t\t<div class=\"elementor-widget-container\">\n\t\t\t<div class=\"elementor-heading-title elementor-size-default\">GNOSIS NO MUNDO<\/div>\t\t<\/div>\n\t\t\t\t<\/div>\n\t\t\t\t\t<\/div>\n\t\t<\/div>\n\t\t\t\t\t\t\t<\/div>\n\t\t<\/section>\n\t\t\t\t<section class=\"elementor-section elementor-top-section elementor-element elementor-element-e0f178e elementor-section-boxed elementor-section-height-default elementor-section-height-default\" data-id=\"e0f178e\" data-element_type=\"section\">\n\t\t\t\t\t\t<div class=\"elementor-container elementor-column-gap-default\">\n\t\t\t\t\t<div class=\"elementor-column elementor-col-100 elementor-top-column elementor-element elementor-element-8dd5891\" data-id=\"8dd5891\" data-element_type=\"column\">\n\t\t\t<div class=\"elementor-widget-wrap elementor-element-populated\">\n\t\t\t\t\t\t\t\t<div class=\"elementor-element elementor-element-b83d611 elementor-widget elementor-widget-heading\" data-id=\"b83d611\" data-element_type=\"widget\" data-widget_type=\"heading.default\">\n\t\t\t\t<div class=\"elementor-widget-container\">\n\t\t\t<h2 class=\"elementor-heading-title elementor-size-default\">Federa\u00e7\u00e3o Gn\u00f3stica Internacional<\/h2>\t\t<\/div>\n\t\t\t\t<\/div>\n\t\t\t\t\t<\/div>\n\t\t<\/div>\n\t\t\t\t\t\t\t<\/div>\n\t\t<\/section>\n\t\t\t\t<section class=\"elementor-section elementor-top-section elementor-element elementor-element-3e83401 elementor-section-full_width elementor-section-stretched elementor-section-height-default elementor-section-height-default\" data-id=\"3e83401\" data-element_type=\"section\" data-settings=\"{&quot;stretch_section&quot;:&quot;section-stretched&quot;}\">\n\t\t\t\t\t\t<div class=\"elementor-container elementor-column-gap-default\">\n\t\t\t\t\t<div class=\"elementor-column elementor-col-100 elementor-top-column elementor-element elementor-element-09a3877\" data-id=\"09a3877\" data-element_type=\"column\">\n\t\t\t<div class=\"elementor-widget-wrap elementor-element-populated\">\n\t\t\t\t\t\t\t\t<div class=\"elementor-element elementor-element-ec630eb elementor-position-top elementor-widget elementor-widget-image-box\" data-id=\"ec630eb\" data-element_type=\"widget\" data-widget_type=\"image-box.default\">\n\t\t\t\t<div class=\"elementor-widget-container\">\n\t\t\t<div class=\"elementor-image-box-wrapper\"><figure class=\"elementor-image-box-img\"><a href=\"https:\/\/maps.gnosisbrasil.com\/mapa-de-sedes\/0\" tabindex=\"-1\"><img fetchpriority=\"high\" decoding=\"async\" width=\"1366\" height=\"768\" src=\"https:\/\/old.gnosis.is\/pt\/wp-content\/uploads\/sites\/14\/2020\/12\/mapa_sedes_full.png\" class=\"attachment-full size-full wp-image-2162\" alt=\"\" srcset=\"https:\/\/old.gnosis.is\/pt\/wp-content\/uploads\/sites\/14\/2020\/12\/mapa_sedes_full.png 1366w, https:\/\/old.gnosis.is\/pt\/wp-content\/uploads\/sites\/14\/2020\/12\/mapa_sedes_full-300x169.png 300w, https:\/\/old.gnosis.is\/pt\/wp-content\/uploads\/sites\/14\/2020\/12\/mapa_sedes_full-1024x576.png 1024w, https:\/\/old.gnosis.is\/pt\/wp-content\/uploads\/sites\/14\/2020\/12\/mapa_sedes_full-768x432.png 768w, https:\/\/old.gnosis.is\/pt\/wp-content\/uploads\/sites\/14\/2020\/12\/mapa_sedes_full-260x146.png 260w, https:\/\/old.gnosis.is\/pt\/wp-content\/uploads\/sites\/14\/2020\/12\/mapa_sedes_full-50x28.png 50w, https:\/\/old.gnosis.is\/pt\/wp-content\/uploads\/sites\/14\/2020\/12\/mapa_sedes_full-133x75.png 133w, https:\/\/old.gnosis.is\/pt\/wp-content\/uploads\/sites\/14\/2020\/12\/mapa_sedes_full-1200x675.png 1200w\" sizes=\"(max-width:767px) 480px, (max-width:1366px) 100vw, 1366px\" \/><\/a><\/figure><div class=\"elementor-image-box-content\"><h3 class=\"elementor-image-box-title\"><a href=\"https:\/\/maps.gnosisbrasil.com\/mapa-de-sedes\/0\"><strong><strong>Sedes Gn\u00f3sticas com Cursos Presenciais em mais de 30 pa\u00edses<\/strong><\/strong><\/a><\/h3><p class=\"elementor-image-box-description\">Clique aqui e confira a sede mais pr\u00f3xima de voc\u00ea.<\/p><\/div><\/div>\t\t<\/div>\n\t\t\t\t<\/div>\n\t\t\t\t\t<\/div>\n\t\t<\/div>\n\t\t\t\t\t\t\t<\/div>\n\t\t<\/section>\n\t\t\t\t<section class=\"elementor-section elementor-top-section elementor-element elementor-element-0617c4b elementor-section-full_width elementor-section-stretched elementor-section-height-default elementor-section-height-default\" data-id=\"0617c4b\" data-element_type=\"section\" data-settings=\"{&quot;stretch_section&quot;:&quot;section-stretched&quot;}\">\n\t\t\t\t\t\t<div class=\"elementor-container elementor-column-gap-default\">\n\t\t\t\t\t<div class=\"elementor-column elementor-col-100 elementor-top-column elementor-element elementor-element-72daa17\" data-id=\"72daa17\" data-element_type=\"column\">\n\t\t\t<div class=\"elementor-widget-wrap elementor-element-populated\">\n\t\t\t\t\t\t\t\t<div class=\"elementor-element elementor-element-4c958c1 elementor-position-top elementor-widget elementor-widget-image-box\" data-id=\"4c958c1\" data-element_type=\"widget\" data-widget_type=\"image-box.default\">\n\t\t\t\t<div class=\"elementor-widget-container\">\n\t\t\t<div class=\"elementor-image-box-wrapper\"><figure class=\"elementor-image-box-img\"><a href=\"https:\/\/old.gnosis.is\/pt\/curso\/\" tabindex=\"-1\"><img decoding=\"async\" width=\"4000\" height=\"2250\" src=\"https:\/\/old.gnosis.is\/pt\/wp-content\/uploads\/sites\/14\/2020\/11\/mapa-09-min.png\" class=\"attachment-full size-full wp-image-2109\" alt=\"\" srcset=\"https:\/\/old.gnosis.is\/pt\/wp-content\/uploads\/sites\/14\/2020\/11\/mapa-09-min.png 4000w, https:\/\/old.gnosis.is\/pt\/wp-content\/uploads\/sites\/14\/2020\/11\/mapa-09-min-300x169.png 300w, https:\/\/old.gnosis.is\/pt\/wp-content\/uploads\/sites\/14\/2020\/11\/mapa-09-min-1024x576.png 1024w, https:\/\/old.gnosis.is\/pt\/wp-content\/uploads\/sites\/14\/2020\/11\/mapa-09-min-768x432.png 768w, https:\/\/old.gnosis.is\/pt\/wp-content\/uploads\/sites\/14\/2020\/11\/mapa-09-min-1536x864.png 1536w, https:\/\/old.gnosis.is\/pt\/wp-content\/uploads\/sites\/14\/2020\/11\/mapa-09-min-2048x1152.png 2048w, https:\/\/old.gnosis.is\/pt\/wp-content\/uploads\/sites\/14\/2020\/11\/mapa-09-min-260x146.png 260w, https:\/\/old.gnosis.is\/pt\/wp-content\/uploads\/sites\/14\/2020\/11\/mapa-09-min-50x28.png 50w, https:\/\/old.gnosis.is\/pt\/wp-content\/uploads\/sites\/14\/2020\/11\/mapa-09-min-133x75.png 133w, https:\/\/old.gnosis.is\/pt\/wp-content\/uploads\/sites\/14\/2020\/11\/mapa-09-min-1200x675.png 1200w\" sizes=\"(max-width:767px) 480px, (max-width:4000px) 100vw, 4000px\" \/><\/a><\/figure><div class=\"elementor-image-box-content\"><h3 class=\"elementor-image-box-title\"><a href=\"https:\/\/old.gnosis.is\/pt\/curso\/\"><strong><strong>Estudantes em Cursos Online em mais de 100 pa\u00edses do mundo<\/strong><\/strong><\/a><\/h3><p class=\"elementor-image-box-description\">Clique aqui e fa\u00e7a sua inscri\u00e7\u00e3o para o Curso de Autoconhecimento Online.<\/p><\/div><\/div>\t\t<\/div>\n\t\t\t\t<\/div>\n\t\t\t\t\t<\/div>\n\t\t<\/div>\n\t\t\t\t\t\t\t<\/div>\n\t\t<\/section>\n\t\t\t\t<section class=\"elementor-section elementor-top-section elementor-element elementor-element-9f60c29 elementor-section-full_width elementor-section-stretched elementor-section-height-default elementor-section-height-default\" data-id=\"9f60c29\" data-element_type=\"section\" data-settings=\"{&quot;stretch_section&quot;:&quot;section-stretched&quot;}\">\n\t\t\t\t\t\t<div class=\"elementor-container elementor-column-gap-default\">\n\t\t\t\t\t<div class=\"elementor-column elementor-col-100 elementor-top-column elementor-element elementor-element-1048d4e\" data-id=\"1048d4e\" data-element_type=\"column\">\n\t\t\t<div class=\"elementor-widget-wrap\">\n\t\t\t\t\t\t\t\t\t<\/div>\n\t\t<\/div>\n\t\t\t\t\t\t\t<\/div>\n\t\t<\/section>\n\t\t\t\t\t\t\t<\/div>\n\t\t","protected":false},"excerpt":{"rendered":"<p>GNOSIS NO MUNDO Federa\u00e7\u00e3o Gn\u00f3stica Internacional Sedes Gn\u00f3sticas com Cursos Presenciais em mais de 30 pa\u00edses Clique aqui e confira a sede mais pr\u00f3xima de voc\u00ea.<span class=\"excerpt-hellip\"> [\u2026]<\/span><\/p>\n","protected":false},"author":1,"featured_media":0,"parent":0,"menu_order":0,"comment_status":"closed","ping_status":"closed","template":"","meta":{"footnotes":"","_joinchat":[]},"yoast_head":"<!-- This site is optimized with the Yoast SEO plugin v23.5 - https:\/\/yoast.com\/wordpress\/plugins\/seo\/ -->\n<title>Gnosis no Mundo - Cultura Gn\u00f3stica Portugues<\/title>\n<meta name=\"robots\" content=\"noindex, follow, max-snippet:-1, max-image-preview:large, max-video-preview:-1\" \/>\n<meta property=\"og:locale\" content=\"en_US\" \/>\n<meta property=\"og:type\" content=\"article\" \/>\n<meta property=\"og:title\" content=\"Gnosis no Mundo - Cultura Gn\u00f3stica Portugues\" \/>\n<meta property=\"og:description\" content=\"GNOSIS NO MUNDO Federa\u00e7\u00e3o Gn\u00f3stica Internacional Sedes Gn\u00f3sticas com Cursos Presenciais em mais de 30 pa\u00edses Clique aqui e confira a sede mais pr\u00f3xima de voc\u00ea. [\u2026]\" \/>\n<meta property=\"og:url\" content=\"https:\/\/old.gnosis.is\/pt\/gnosis-no-mundo\/\" \/>\n<meta property=\"og:site_name\" content=\"Cultura Gn\u00f3stica Portugues\" \/>\n<meta property=\"article:modified_time\" content=\"2020-12-01T14:29:16+00:00\" \/>\n<meta property=\"og:image\" content=\"https:\/\/old.gnosis.is\/pt\/wp-content\/uploads\/sites\/14\/2020\/12\/mapa_sedes_full.png\" \/>\n<meta name=\"twitter:card\" content=\"summary_large_image\" \/>\n<script type=\"application\/ld+json\" class=\"yoast-schema-graph\">{\"@context\":\"https:\/\/schema.org\",\"@graph\":[{\"@type\":\"WebPage\",\"@id\":\"https:\/\/old.gnosis.is\/pt\/gnosis-no-mundo\/\",\"url\":\"https:\/\/old.gnosis.is\/pt\/gnosis-no-mundo\/\",\"name\":\"Gnosis no Mundo - Cultura Gn\u00f3stica Portugues\",\"isPartOf\":{\"@id\":\"https:\/\/old.gnosis.is\/pt\/#website\"},\"primaryImageOfPage\":{\"@id\":\"https:\/\/old.gnosis.is\/pt\/gnosis-no-mundo\/#primaryimage\"},\"image\":{\"@id\":\"https:\/\/old.gnosis.is\/pt\/gnosis-no-mundo\/#primaryimage\"},\"thumbnailUrl\":\"https:\/\/old.gnosis.is\/pt\/wp-content\/uploads\/sites\/14\/2020\/12\/mapa_sedes_full.png\",\"datePublished\":\"2019-07-14T23:21:23+00:00\",\"dateModified\":\"2020-12-01T14:29:16+00:00\",\"breadcrumb\":{\"@id\":\"https:\/\/old.gnosis.is\/pt\/gnosis-no-mundo\/#breadcrumb\"},\"inLanguage\":\"en-US\",\"potentialAction\":[{\"@type\":\"ReadAction\",\"target\":[\"https:\/\/old.gnosis.is\/pt\/gnosis-no-mundo\/\"]}]},{\"@type\":\"ImageObject\",\"inLanguage\":\"en-US\",\"@id\":\"https:\/\/old.gnosis.is\/pt\/gnosis-no-mundo\/#primaryimage\",\"url\":\"https:\/\/old.gnosis.is\/pt\/wp-content\/uploads\/sites\/14\/2020\/12\/mapa_sedes_full.png\",\"contentUrl\":\"https:\/\/old.gnosis.is\/pt\/wp-content\/uploads\/sites\/14\/2020\/12\/mapa_sedes_full.png\",\"width\":1366,\"height\":768},{\"@type\":\"BreadcrumbList\",\"@id\":\"https:\/\/old.gnosis.is\/pt\/gnosis-no-mundo\/#breadcrumb\",\"itemListElement\":[{\"@type\":\"ListItem\",\"position\":1,\"name\":\"Home\",\"item\":\"https:\/\/old.gnosis.is\/pt\/\"},{\"@type\":\"ListItem\",\"position\":2,\"name\":\"Gnosis no Mundo\"}]},{\"@type\":\"WebSite\",\"@id\":\"https:\/\/old.gnosis.is\/pt\/#website\",\"url\":\"https:\/\/old.gnosis.is\/pt\/\",\"name\":\"Cultura Gn\u00f3stica Portugues\",\"description\":\"Human values, conscience, philosophy, Gnostic Psychology\",\"potentialAction\":[{\"@type\":\"SearchAction\",\"target\":{\"@type\":\"EntryPoint\",\"urlTemplate\":\"https:\/\/old.gnosis.is\/pt\/?s={search_term_string}\"},\"query-input\":{\"@type\":\"PropertyValueSpecification\",\"valueRequired\":true,\"valueName\":\"search_term_string\"}}],\"inLanguage\":\"en-US\"}]}<\/script>\n<!-- \/ Yoast SEO plugin. -->","yoast_head_json":{"title":"Gnosis no Mundo - Cultura Gn\u00f3stica Portugues","robots":{"index":"noindex","follow":"follow","max-snippet":"max-snippet:-1","max-image-preview":"max-image-preview:large","max-video-preview":"max-video-preview:-1"},"og_locale":"en_US","og_type":"article","og_title":"Gnosis no Mundo - Cultura Gn\u00f3stica Portugues","og_description":"GNOSIS NO MUNDO Federa\u00e7\u00e3o Gn\u00f3stica Internacional Sedes Gn\u00f3sticas com Cursos Presenciais em mais de 30 pa\u00edses Clique aqui e confira a sede mais pr\u00f3xima de voc\u00ea. [\u2026]","og_url":"https:\/\/old.gnosis.is\/pt\/gnosis-no-mundo\/","og_site_name":"Cultura Gn\u00f3stica Portugues","article_modified_time":"2020-12-01T14:29:16+00:00","og_image":[{"url":"https:\/\/old.gnosis.is\/pt\/wp-content\/uploads\/sites\/14\/2020\/12\/mapa_sedes_full.png"}],"twitter_card":"summary_large_image","schema":{"@context":"https:\/\/schema.org","@graph":[{"@type":"WebPage","@id":"https:\/\/old.gnosis.is\/pt\/gnosis-no-mundo\/","url":"https:\/\/old.gnosis.is\/pt\/gnosis-no-mundo\/","name":"Gnosis no Mundo - Cultura Gn\u00f3stica Portugues","isPartOf":{"@id":"https:\/\/old.gnosis.is\/pt\/#website"},"primaryImageOfPage":{"@id":"https:\/\/old.gnosis.is\/pt\/gnosis-no-mundo\/#primaryimage"},"image":{"@id":"https:\/\/old.gnosis.is\/pt\/gnosis-no-mundo\/#primaryimage"},"thumbnailUrl":"https:\/\/old.gnosis.is\/pt\/wp-content\/uploads\/sites\/14\/2020\/12\/mapa_sedes_full.png","datePublished":"2019-07-14T23:21:23+00:00","dateModified":"2020-12-01T14:29:16+00:00","breadcrumb":{"@id":"https:\/\/old.gnosis.is\/pt\/gnosis-no-mundo\/#breadcrumb"},"inLanguage":"en-US","potentialAction":[{"@type":"ReadAction","target":["https:\/\/old.gnosis.is\/pt\/gnosis-no-mundo\/"]}]},{"@type":"ImageObject","inLanguage":"en-US","@id":"https:\/\/old.gnosis.is\/pt\/gnosis-no-mundo\/#primaryimage","url":"https:\/\/old.gnosis.is\/pt\/wp-content\/uploads\/sites\/14\/2020\/12\/mapa_sedes_full.png","contentUrl":"https:\/\/old.gnosis.is\/pt\/wp-content\/uploads\/sites\/14\/2020\/12\/mapa_sedes_full.png","width":1366,"height":768},{"@type":"BreadcrumbList","@id":"https:\/\/old.gnosis.is\/pt\/gnosis-no-mundo\/#breadcrumb","itemListElement":[{"@type":"ListItem","position":1,"name":"Home","item":"https:\/\/old.gnosis.is\/pt\/"},{"@type":"ListItem","position":2,"name":"Gnosis no Mundo"}]},{"@type":"WebSite","@id":"https:\/\/old.gnosis.is\/pt\/#website","url":"https:\/\/old.gnosis.is\/pt\/","name":"Cultura Gn\u00f3stica Portugues","description":"Human values, conscience, philosophy, Gnostic Psychology","potentialAction":[{"@type":"SearchAction","target":{"@type":"EntryPoint","urlTemplate":"https:\/\/old.gnosis.is\/pt\/?s={search_term_string}"},"query-input":{"@type":"PropertyValueSpecification","valueRequired":true,"valueName":"search_term_string"}}],"inLanguage":"en-US"}]}},"_links":{"self":[{"href":"https:\/\/old.gnosis.is\/pt\/wp-json\/wp\/v2\/pages\/506"}],"collection":[{"href":"https:\/\/old.gnosis.is\/pt\/wp-json\/wp\/v2\/pages"}],"about":[{"href":"https:\/\/old.gnosis.is\/pt\/wp-json\/wp\/v2\/types\/page"}],"author":[{"embeddable":true,"href":"https:\/\/old.gnosis.is\/pt\/wp-json\/wp\/v2\/users\/1"}],"replies":[{"embeddable":true,"href":"https:\/\/old.gnosis.is\/pt\/wp-json\/wp\/v2\/comments?post=506"}],"version-history":[{"count":47,"href":"https:\/\/old.gnosis.is\/pt\/wp-json\/wp\/v2\/pages\/506\/revisions"}],"predecessor-version":[{"id":2211,"href":"https:\/\/old.gnosis.is\/pt\/wp-json\/wp\/v2\/pages\/506\/revisions\/2211"}],"wp:attachment":[{"href":"https:\/\/old.gnosis.is\/pt\/wp-json\/wp\/v2\/media?parent=506"}],"curies":[{"name":"wp","href":"https:\/\/api.w.org\/{rel}","templated":true}]}}